{"id":44358,"date":"2022-07-27T14:06:54","date_gmt":"2022-07-27T12:06:54","guid":{"rendered":"https:\/\/popcards.nl\/?post_type=product&#038;p=44358"},"modified":"2026-04-15T14:31:41","modified_gmt":"2026-04-15T12:31:41","slug":"saut-espadon-carte-pop-up-carte-de-voeux","status":"publish","type":"product","link":"https:\/\/popcards.nl\/fr\/product\/springende-zwaardvis-pop-up-kaart-wenskaart\/","title":{"rendered":"Impressionnante carte pop-up d&#039;espadon qui saute en mer"},"content":{"rendered":"<p><span style=\"font-weight: 400;\">L&#039;espadon est connu comme un combattant, le guerrier de la mer. Son \u00e9p\u00e9e est assez puissante pour tuer un requin\u00a0! Cette merveille de la nature bondit dangereusement hors de l&#039;oc\u00e9an, une carte de voeux tr\u00e8s impressionnante. Cette carte pop-up pr\u00e9sente les caract\u00e9ristiques uniques de l&#039;espadon dans un design \u00e9poustouflant. Le r\u00eave de tout p\u00eacheur en mer.<\/span><\/p>\n<p><span style=\"font-weight: 400;\">Fiers, \u00e9nergiques et aventureux, ceux qui sont n\u00e9s sous le signe de ce poisson n&#039;ont d&#039;autre choix que de suivre leur propre chemin dans la vie. Rempli de grands r\u00eaves et de grandes id\u00e9es.<\/span><\/p>\n<p><span style=\"font-weight: 400;\">Cette carte pop-up Swordfish est un cadeau pr\u00e9cieux et unique pour votre famille et<\/span><span style=\"font-weight: 400;\"> faire de la p\u00eache <\/span><span style=\"font-weight: 400;\">amis. Cette carte est parfaite pour les anniversaires, les anniversaires et les occasions sp\u00e9ciales. Ou simplement parce que vous aimez beaucoup quelqu&#039;un.<\/span><\/p>\n<p><span style=\"font-weight: 400;\">Taille de la carte 30 x<\/span><span style=\"font-weight: 400;\"> 15 cm, pli\u00e9 \u00e0 15 \u00d7 15 cm.<\/span><\/p>\n<p><span style=\"font-weight: 400;\">Comprend une enveloppe vierge assortie, emball\u00e9e dans une cellule<\/span><span style=\"font-weight: 400;\">pochette en lofane.<\/span><\/p>","protected":false},"excerpt":{"rendered":"<p>De zwaardvis staat bekend als een vechter, de krijger van de zee. Zijn zwaard is sterk genoeg om een haai te doden! Dit wonder van de natuur springt vervaarlijk de oceaan uit, een zeer indrukwekkende wenskaart. Deze pop-up kaart laat de unieke kenmerken van de zwaardvis zien in een schitterend ontwerp. De droom van elke [&hellip;]<\/p>\n","protected":false},"featured_media":44270,"comment_status":"open","ping_status":"closed","template":"","meta":{"_iconic_wsb_product_page_order_bump_ids":[[]],"_sku":["8785253684611"],"_iconic_wsb_product_page_bump_modal_ids":[[]]},"product_brand":[],"product_cat":[21],"product_tag":[132,51,269],"class_list":{"0":"post-44358","1":"product","2":"type-product","3":"status-publish","4":"has-post-thumbnail","6":"product_cat-dieren-dierenkaarten-wenskaarten","7":"product_tag-dier","8":"product_tag-dierentuin","9":"product_tag-vis","10":"pa_brand-popcards","12":"first","13":"instock","14":"sale","15":"taxable","16":"shipping-taxable","17":"purchasable","18":"product-type-simple"},"gallery_images":[44269,85942],"_links":{"self":[{"href":"https:\/\/popcards.nl\/fr\/wp-json\/wp\/v2\/product\/44358","targetHints":{"allow":["GET"]}}],"collection":[{"href":"https:\/\/popcards.nl\/fr\/wp-json\/wp\/v2\/product"}],"about":[{"href":"https:\/\/popcards.nl\/fr\/wp-json\/wp\/v2\/types\/product"}],"replies":[{"embeddable":true,"href":"https:\/\/popcards.nl\/fr\/wp-json\/wp\/v2\/comments?post=44358"}],"wp:featuredmedia":[{"embeddable":true,"href":"https:\/\/popcards.nl\/fr\/wp-json\/wp\/v2\/media\/44270"}],"wp:attachment":[{"href":"https:\/\/popcards.nl\/fr\/wp-json\/wp\/v2\/media?parent=44358"}],"wp:term":[{"taxonomy":"product_brand","embeddable":true,"href":"https:\/\/popcards.nl\/fr\/wp-json\/wp\/v2\/product_brand?post=44358"},{"taxonomy":"product_cat","embeddable":true,"href":"https:\/\/popcards.nl\/fr\/wp-json\/wp\/v2\/product_cat?post=44358"},{"taxonomy":"product_tag","embeddable":true,"href":"https:\/\/popcards.nl\/fr\/wp-json\/wp\/v2\/product_tag?post=44358"}],"curies":[{"name":"wp","href":"https:\/\/api.w.org\/{rel}","templated":true}]}}