{"id":45505,"date":"2022-09-03T16:00:05","date_gmt":"2022-09-03T14:00:05","guid":{"rendered":"https:\/\/popcards.nl\/?post_type=product&#038;p=45505"},"modified":"2026-04-02T13:12:24","modified_gmt":"2026-04-02T11:12:24","slug":"carte-pop-up-lemur-catta-singe-madagascar","status":"publish","type":"product","link":"https:\/\/popcards.nl\/fr\/product\/ringstaart-maki-aap-madagascar-pop-up-kaart\/","title":{"rendered":"L\u00e9murien \u00e0 queue annel\u00e9e dans la jungle \u2013 Madagascar \u2013 King Julien | carte pop-up carte de voeux 3D"},"content":{"rendered":"<p><b>l\u00e9muriens<\/b><span style=\"font-weight: 400;\"> sont des prosimiens et ne vivent \u00e0 l&#039;\u00e9tat sauvage que dans les for\u00eats de l&#039;\u00eele de Madagascar. Madagascar est la quatri\u00e8me plus grande \u00eele du monde et est situ\u00e9e au large de la c\u00f4te est de l&#039;Afrique. <\/span><span style=\"font-weight: 400;\">Un l\u00e9murien appartient aux prosimiens et il existe 21 types de l\u00e9muriens.\u00a0<\/span><span style=\"font-weight: 400;\">Le l\u00e9murien \u00e0 queue annel\u00e9e est l&#039;esp\u00e8ce la plus c\u00e9l\u00e8bre et peut \u00eatre admir\u00e9 dans de nombreux zoos.\u00a0<\/span><\/p>\n<p><span style=\"font-weight: 400;\">Les l\u00e9muriens \u00e0 queue annel\u00e9e mangent des feuilles, des fleurs et des fruits. Le fruit de l&#039;arbre Kigelia est leur nourriture pr\u00e9f\u00e9r\u00e9e. Cet arbre est appel\u00e9 arbre \u00e0 saucisse car les fruits ressemblent \u00e0 des saucisses \u00e9paisses. <\/span><span style=\"font-weight: 400;\">Les l\u00e9muriens \u00e0 queue annel\u00e9e vivent en grands groupes pouvant compter jusqu&#039;\u00e0 25 animaux.<\/span><span style=\"font-weight: 400;\"> Dans un tel groupe, les m\u00e2les et les femelles adultes vivent ensemble, les femelles \u00e9tant clairement aux commandes. <\/span><span style=\"font-weight: 400;\">Ils communiquent entre eux par des odeurs corporelles et des sons, qui ressemblent au miaulement d&#039;un chat. <\/span><span style=\"font-weight: 400;\">Pendant la saison des amours, les m\u00e2les se disputent les femelles d&#039;une mani\u00e8re tr\u00e8s sp\u00e9ciale, \u00e0 savoir au moyen d&#039;un combat puant. Les hommes se frottent la queue avec des odeurs corporelles odorantes. Apr\u00e8s cela, ils balancent sauvagement leur queue pr\u00e8s de leur adversaire, apr\u00e8s quoi l&#039;un d&#039;eux se retire finalement. <\/span><span style=\"font-weight: 400;\">Un l\u00e9mur catta peut vivre jusqu&#039;\u00e0 35 ans. Sa longueur peut atteindre 45 cm, plus une queue jusqu&#039;\u00e0 60 cm. Un l\u00e9murien \u00e0 queue annel\u00e9e p\u00e8se environ 3 kg.<\/span><\/p>\n<p><span style=\"font-weight: 400;\">L&#039;habitat de la<\/span> <span style=\"font-weight: 400;\">Le l\u00e9murien \u00e0 queue annel\u00e9e est <\/span><span style=\"font-weight: 400;\">en danger. De plus en plus de for\u00eats o\u00f9 ils vivent sont abattues. <\/span><span style=\"font-weight: 400;\">Depuis le dessin anim\u00e9 <\/span><span style=\"font-weight: 400;\">&#039;<\/span><a href=\"http:\/\/www.imdb.com\/title\/tt0351283\/\" target=\"_blank\" rel=\"noopener\"><span style=\"font-weight: 400;\">Madagascar<\/span><\/a><span style=\"font-weight: 400;\">Dans lequel le l\u00e9mur catta Julien est le roi d&#039;une joyeuse bande de prosimiens, chaque enfant reconna\u00eet ce mignon l\u00e9murien. <a href=\"https:\/\/popcards.nl\/fr\/product\/carte-pop-up-happy-monkeys-in-a-tree\/\">Nous avons une autre jolie carte pop-up avec des singes.\u00a0<\/a><\/span><\/p>\n<p><span style=\"font-weight: 400;\">Taille de la carte 30 x 15 cm, pli\u00e9e \u00e0 15 x 15 cm.<\/span><span style=\"font-weight: 400;\"><br \/>\n<\/span><span style=\"font-weight: 400;\">Y compris enveloppe vierge assortie, emball\u00e9e dans un sac en cellophane.<\/span><\/p>","protected":false},"excerpt":{"rendered":"<p>Maki\u2019s zijn halfapen en leven in het wild alleen in de bossen op het eiland Madagascar. Madagascar is het op drie na grootste eiland ter wereld en ligt voor de oostkust van Afrika. Een Maki behoort tot de halfapen en er zijn 21 soorten Maki&#8217;s.\u00a0De ringstaartmaki is de bekendste soort en in veel dierentuinen te [&hellip;]<\/p>\n","protected":false},"featured_media":45511,"comment_status":"open","ping_status":"closed","template":"","meta":{"_iconic_wsb_product_page_order_bump_ids":[[]],"_sku":["8785253684000"],"_iconic_wsb_product_page_bump_modal_ids":[[]]},"product_brand":[],"product_cat":[21],"product_tag":[132,51],"class_list":{"0":"post-45505","1":"product","2":"type-product","3":"status-publish","4":"has-post-thumbnail","6":"product_cat-dieren-dierenkaarten-wenskaarten","7":"product_tag-dier","8":"product_tag-dierentuin","9":"pa_brand-popcards","11":"first","12":"instock","13":"sale","14":"taxable","15":"shipping-taxable","16":"purchasable","17":"product-type-simple"},"gallery_images":[45506,45510,68949],"_links":{"self":[{"href":"https:\/\/popcards.nl\/fr\/wp-json\/wp\/v2\/product\/45505","targetHints":{"allow":["GET"]}}],"collection":[{"href":"https:\/\/popcards.nl\/fr\/wp-json\/wp\/v2\/product"}],"about":[{"href":"https:\/\/popcards.nl\/fr\/wp-json\/wp\/v2\/types\/product"}],"replies":[{"embeddable":true,"href":"https:\/\/popcards.nl\/fr\/wp-json\/wp\/v2\/comments?post=45505"}],"wp:featuredmedia":[{"embeddable":true,"href":"https:\/\/popcards.nl\/fr\/wp-json\/wp\/v2\/media\/45511"}],"wp:attachment":[{"href":"https:\/\/popcards.nl\/fr\/wp-json\/wp\/v2\/media?parent=45505"}],"wp:term":[{"taxonomy":"product_brand","embeddable":true,"href":"https:\/\/popcards.nl\/fr\/wp-json\/wp\/v2\/product_brand?post=45505"},{"taxonomy":"product_cat","embeddable":true,"href":"https:\/\/popcards.nl\/fr\/wp-json\/wp\/v2\/product_cat?post=45505"},{"taxonomy":"product_tag","embeddable":true,"href":"https:\/\/popcards.nl\/fr\/wp-json\/wp\/v2\/product_tag?post=45505"}],"curies":[{"name":"wp","href":"https:\/\/api.w.org\/{rel}","templated":true}]}}