{"id":45538,"date":"2022-09-04T12:09:03","date_gmt":"2022-09-04T10:09:03","guid":{"rendered":"https:\/\/popcards.nl\/?post_type=product&#038;p=45538"},"modified":"2026-05-01T14:21:33","modified_gmt":"2026-05-01T12:21:33","slug":"carte-danniversaire-happy-clown-circus-pop-up","status":"publish","type":"product","link":"https:\/\/popcards.nl\/fr\/product\/vrolijke-clown-circus-pop-up-verjaardagskaart\/","title":{"rendered":"Clown joyeux dans la carte d&#039;anniversaire Pop Up Circus"},"content":{"rendered":"<p><span style=\"font-weight: 400;\">Ce petit clown sur son monocycle sous la verri\u00e8re du cirque fera s\u00fbrement le bonheur du destinataire de l&#039;anniversaire. Les ballons d\u00e9coup\u00e9s sur le devant renforcent le sentiment d&#039;anniversaire. Bon anniversaire! <a href=\"https:\/\/popcards.nl\/fr\/categorie\/cartes-de-felicitations-et-danniversaire\/\">Popcards a bien s\u00fbr encore plus de cartes d&#039;anniversaire.\u00a0<\/a><\/span><span style=\"font-weight: 400;\"><br \/>\n<\/span><span style=\"font-weight: 400;\"><br \/>\n<\/span><span style=\"font-weight: 400;\">Taille de la carte 29 x 14,5 cm, pli\u00e9e \u00e0 14,5 \u00d7 14,5 cm.<\/span><span style=\"font-weight: 400;\"><br \/>\n<\/span><span style=\"font-weight: 400;\">Y compris enveloppe vierge assortie, emball\u00e9e dans un sac en cellophane.<\/span><\/p>","protected":false},"excerpt":{"rendered":"<p>Ce clown sur son monocycle sous la verri\u00e8re du cirque rendra certainement le destinataire de l&#039;anniversaire tr\u00e8s joyeux. Les ballons d\u00e9coup\u00e9s sur le devant renforcent la sensation d&#039;anniversaire. Joyeux anniversaire! Popcards a bien s\u00fbr plus de cartes d&#039;anniversaire. Format carte 29 \u00d7 14,5 cm, pli\u00e9 \u00e0 14,5 \u00d7 14,5 cm. Comprend une enveloppe vierge assortie, emball\u00e9e dans un sac en cellophane.<\/p>","protected":false},"featured_media":44255,"comment_status":"open","ping_status":"closed","template":"","meta":{"_iconic_wsb_product_page_order_bump_ids":[[]],"_sku":["8785253682679"],"_iconic_wsb_product_page_bump_modal_ids":[[]]},"product_brand":[],"product_cat":[34],"product_tag":[137],"class_list":{"0":"post-45538","1":"product","2":"type-product","3":"status-publish","4":"has-post-thumbnail","6":"product_cat-felicitatie-verjaardag-verjaardagskaarten","7":"product_tag-verjaardag","8":"pa_brand-popcards","10":"first","11":"outofstock","12":"sale","13":"taxable","14":"shipping-taxable","15":"purchasable","16":"product-type-simple"},"gallery_images":[],"_links":{"self":[{"href":"https:\/\/popcards.nl\/fr\/wp-json\/wp\/v2\/product\/45538","targetHints":{"allow":["GET"]}}],"collection":[{"href":"https:\/\/popcards.nl\/fr\/wp-json\/wp\/v2\/product"}],"about":[{"href":"https:\/\/popcards.nl\/fr\/wp-json\/wp\/v2\/types\/product"}],"replies":[{"embeddable":true,"href":"https:\/\/popcards.nl\/fr\/wp-json\/wp\/v2\/comments?post=45538"}],"wp:featuredmedia":[{"embeddable":true,"href":"https:\/\/popcards.nl\/fr\/wp-json\/wp\/v2\/media\/44255"}],"wp:attachment":[{"href":"https:\/\/popcards.nl\/fr\/wp-json\/wp\/v2\/media?parent=45538"}],"wp:term":[{"taxonomy":"product_brand","embeddable":true,"href":"https:\/\/popcards.nl\/fr\/wp-json\/wp\/v2\/product_brand?post=45538"},{"taxonomy":"product_cat","embeddable":true,"href":"https:\/\/popcards.nl\/fr\/wp-json\/wp\/v2\/product_cat?post=45538"},{"taxonomy":"product_tag","embeddable":true,"href":"https:\/\/popcards.nl\/fr\/wp-json\/wp\/v2\/product_tag?post=45538"}],"curies":[{"name":"wp","href":"https:\/\/api.w.org\/{rel}","templated":true}]}}