{"id":45541,"date":"2022-09-04T12:22:14","date_gmt":"2022-09-04T10:22:14","guid":{"rendered":"https:\/\/popcards.nl\/?post_type=product&#038;p=45541"},"modified":"2026-03-17T08:50:31","modified_gmt":"2026-03-17T07:50:31","slug":"carte-pop-up-monde-jurassique-dinosaure","status":"publish","type":"product","link":"https:\/\/popcards.nl\/fr\/product\/dinosaurus-jurassic-world-pop-up-kaart\/","title":{"rendered":"Carte pop-up dinosaure | Jurassic World bo\u00eete pop-up surprise"},"content":{"rendered":"<p><span style=\"font-weight: 400;\">Adepte de Jurassic World ? Lorsque vous ouvrez cette bo\u00eete avec un arc d&#039;or, tout un monde pr\u00e9historique appara\u00eet. Pas moins de 5 dinosaures diff\u00e9rents et un volcan crachant de la lave se r\u00e9v\u00e8lent \u00eatre une sc\u00e8ne surprenante. La combinaison de couleurs montre bien l&#039;atmosph\u00e8re pr\u00e9historique. Vraiment une carte pour les passionn\u00e9s de dino enthousiastes. <a href=\"https:\/\/popcards.nl\/fr\/balise-product\/parc-jurassique\/\">Nous avons beaucoup plus de Popcards dino, c&#039;est bien de les collectionner toutes.<\/a><\/span><\/p>\n<p><span style=\"font-weight: 400;\">Format carte \u00e0 plat 15 x 15 cm. Comprend une enveloppe vierge assortie, emball\u00e9e dans un sac en cellophane.<\/span><\/p>","protected":false},"excerpt":{"rendered":"<p>Jurassic World liefhebber? Als je dit doosje met gouden strik open klapt popt er een hele prehistorische wereld te voorschijn. Maar liefst 5 verschillende dino\u2019s en een lava spuwende vulkaan ontpoppen zich tot een verrassend tafereeltje. De kleurencombinatie geeft de prehistorische sfeer goed aan. Echt een kaart voor de enthousiaste dino liefhebber. We hebben nog [&hellip;]<\/p>\n","protected":false},"featured_media":44257,"comment_status":"open","ping_status":"closed","template":"","meta":{"_iconic_wsb_product_page_order_bump_ids":[[]],"_sku":["8785253684246"],"_iconic_wsb_product_page_bump_modal_ids":[[]]},"product_brand":[],"product_cat":[21],"product_tag":[115],"class_list":{"0":"post-45541","1":"product","2":"type-product","3":"status-publish","4":"has-post-thumbnail","6":"product_cat-dieren-dierenkaarten-wenskaarten","7":"product_tag-jurassic-park","8":"pa_brand-popcards","10":"first","11":"instock","12":"taxable","13":"shipping-taxable","14":"purchasable","15":"product-type-simple"},"gallery_images":[70068],"_links":{"self":[{"href":"https:\/\/popcards.nl\/fr\/wp-json\/wp\/v2\/product\/45541","targetHints":{"allow":["GET"]}}],"collection":[{"href":"https:\/\/popcards.nl\/fr\/wp-json\/wp\/v2\/product"}],"about":[{"href":"https:\/\/popcards.nl\/fr\/wp-json\/wp\/v2\/types\/product"}],"replies":[{"embeddable":true,"href":"https:\/\/popcards.nl\/fr\/wp-json\/wp\/v2\/comments?post=45541"}],"wp:featuredmedia":[{"embeddable":true,"href":"https:\/\/popcards.nl\/fr\/wp-json\/wp\/v2\/media\/44257"}],"wp:attachment":[{"href":"https:\/\/popcards.nl\/fr\/wp-json\/wp\/v2\/media?parent=45541"}],"wp:term":[{"taxonomy":"product_brand","embeddable":true,"href":"https:\/\/popcards.nl\/fr\/wp-json\/wp\/v2\/product_brand?post=45541"},{"taxonomy":"product_cat","embeddable":true,"href":"https:\/\/popcards.nl\/fr\/wp-json\/wp\/v2\/product_cat?post=45541"},{"taxonomy":"product_tag","embeddable":true,"href":"https:\/\/popcards.nl\/fr\/wp-json\/wp\/v2\/product_tag?post=45541"}],"curies":[{"name":"wp","href":"https:\/\/api.w.org\/{rel}","templated":true}]}}