{"id":45555,"date":"2022-09-04T14:21:19","date_gmt":"2022-09-04T12:21:19","guid":{"rendered":"https:\/\/popcards.nl\/?post_type=product&#038;p=45555"},"modified":"2025-06-06T16:42:49","modified_gmt":"2025-06-06T14:42:49","slug":"carte-fleur-avec-tulipes-hollandaises-carte-pop-up","status":"publish","type":"product","link":"https:\/\/popcards.nl\/fr\/product\/bloemenkaart-met-hollandse-tulpen-pop-up-kaart\/","title":{"rendered":"Carte de fleurs avec de belles tulipes hollandaises - Carte pop-up Dutch Tulip"},"content":{"rendered":"<p><span style=\"font-weight: 400;\">Une belle GRANDE carte pop-up d&#039;un bouquet de tulipes de toutes sortes de couleurs vives. Vraiment une carte florale impressionnante. Le recto de la carte pr\u00e9sente une illustration romantique de tulipes aux couleurs douces. Une vraie sc\u00e8ne hollandaise !\u00a0<\/span><\/p>\n<p><span style=\"font-weight: 400;\">La tulipe est originaire du Kazakhstan, d&#039;o\u00f9 le sultan turc dans le 16<\/span><span style=\"font-weight: 400;\">e<\/span><span style=\"font-weight: 400;\"> si\u00e8cle a emport\u00e9 cette belle fleur dans les jardins de la cour turque de Constantinople, l&#039;actuelle Istanbul. Cette ville poss\u00e9dait les plus beaux jardins, que beaucoup de gens venaient voir. Chaque ann\u00e9e, lorsque les tulipes \u00e9taient en fleurs, le sultan organisait une grande f\u00eate. La tulipe est devenue tr\u00e8s populaire et symbolisait le pouvoir et la richesse. Pour exprimer cela, le sultan portait donc la tulipe sur son turban. Parce que les tulipes ressemblaient aussi beaucoup au turban, le nom de la tulipe est d\u00e9riv\u00e9 du mot persan &quot;tulipan&quot; qui signifie turban. Le sultan Suleyman Ier a fait don de tulipes \u00e0 des invit\u00e9s importants, dont l&#039;ambassadeur d&#039;Autriche. L\u00e0, ils ont \u00e9t\u00e9 plant\u00e9s dans les jardins de l&#039;empereur d&#039;Autriche. En 1593, les premi\u00e8res tulipes des Pays-Bas ont \u00e9t\u00e9 plant\u00e9es dans l&#039;Hortus Botanicus \u00e0 Leiden. Les tulipes \u00e9taient tr\u00e8s rares et donc tr\u00e8s ch\u00e8res. En 1634, la folie des tulipes, \u00e9galement connue sous le nom de manie des tulipes, a vraiment \u00e9clat\u00e9 aux Pays-Bas. Les tulipes \u00e9taient tr\u00e8s demand\u00e9es et devenaient de plus en plus ch\u00e8res. Il y avait beaucoup de sp\u00e9culations avec les bulbes et \u00e0 un moment donn\u00e9, un seul bulbe de tulipe avait la valeur d&#039;une maison de canal d&#039;Amsterdam. Cela ne pouvait pas continuer et en 1637 la folie des tulipes prit fin aussi rapidement qu&#039;elle avait commenc\u00e9 lorsque le commerce fut interdit par le gouvernement. Certaines personnes \u00e9taient devenues tr\u00e8s riches, mais de nombreux sp\u00e9culateurs se sont retrouv\u00e9s sans le sou. <a href=\"https:\/\/popcards.nl\/fr\/product\/amsterdam-delft-haarlem-carte-de-voeux-maisons-canal\/\">C&#039;est dr\u00f4le que cette Tulip Popcard ait aussi la valeur de notre Canal House Popcard.<\/a><\/span><\/p>\n<p><span style=\"font-weight: 400;\">Taille de la carte 24 x 17 cm, pli\u00e9e en 12 x 17 cm. <\/span><span style=\"font-weight: 400;\"><br \/>\n<\/span><span style=\"font-weight: 400;\">Y compris une enveloppe assortie et une carte s\u00e9par\u00e9e, emball\u00e9s dans un sac en cellophane.<\/span><\/p>","protected":false},"excerpt":{"rendered":"<p>Een prachtige GROTE pop-up kaart van een bos tulpen in allerlei bonte kleuren. Werkelijk een imposante bloemenkaart. Op de voorzijde van de kaart staat een romantische tulpen illustratie in zachte kleuren. Een echt Nederlands tafereel!\u00a0 De tulp komt oorspronkelijk uit Kazachstan, vanwaar de Turkse sultan in de 16e eeuw deze fraaie bloem mee nam naar [&hellip;]<\/p>\n","protected":false},"featured_media":44263,"comment_status":"open","ping_status":"closed","template":"","meta":{"_iconic_wsb_product_page_order_bump_ids":[[]],"_sku":["8785253684505"],"_iconic_wsb_product_page_bump_modal_ids":[[]]},"product_brand":[],"product_cat":[47],"product_tag":[48],"class_list":{"0":"post-45555","1":"product","2":"type-product","3":"status-publish","4":"has-post-thumbnail","6":"product_cat-bloemen-bloemenkaarten-wenskaarten","7":"product_tag-bloemen","8":"pa_brand-popcards","10":"first","11":"outofstock","12":"taxable","13":"shipping-taxable","14":"purchasable","15":"product-type-simple"},"gallery_images":[85944],"_links":{"self":[{"href":"https:\/\/popcards.nl\/fr\/wp-json\/wp\/v2\/product\/45555","targetHints":{"allow":["GET"]}}],"collection":[{"href":"https:\/\/popcards.nl\/fr\/wp-json\/wp\/v2\/product"}],"about":[{"href":"https:\/\/popcards.nl\/fr\/wp-json\/wp\/v2\/types\/product"}],"replies":[{"embeddable":true,"href":"https:\/\/popcards.nl\/fr\/wp-json\/wp\/v2\/comments?post=45555"}],"wp:featuredmedia":[{"embeddable":true,"href":"https:\/\/popcards.nl\/fr\/wp-json\/wp\/v2\/media\/44263"}],"wp:attachment":[{"href":"https:\/\/popcards.nl\/fr\/wp-json\/wp\/v2\/media?parent=45555"}],"wp:term":[{"taxonomy":"product_brand","embeddable":true,"href":"https:\/\/popcards.nl\/fr\/wp-json\/wp\/v2\/product_brand?post=45555"},{"taxonomy":"product_cat","embeddable":true,"href":"https:\/\/popcards.nl\/fr\/wp-json\/wp\/v2\/product_cat?post=45555"},{"taxonomy":"product_tag","embeddable":true,"href":"https:\/\/popcards.nl\/fr\/wp-json\/wp\/v2\/product_tag?post=45555"}],"curies":[{"name":"wp","href":"https:\/\/api.w.org\/{rel}","templated":true}]}}