{"id":45561,"date":"2022-09-04T14:30:13","date_gmt":"2022-09-04T12:30:13","guid":{"rendered":"https:\/\/popcards.nl\/?post_type=product&#038;p=45561"},"modified":"2026-05-02T22:24:46","modified_gmt":"2026-05-02T20:24:46","slug":"carte-pop-up-tram-wagon-electrique-classique","status":"publish","type":"product","link":"https:\/\/popcards.nl\/fr\/product\/klassieke-elektrische-tram-wagon-pop-up-kaart\/","title":{"rendered":"Tramway \u00e9lectrique avec cat\u00e9naire | Carte pop-up mode de transport classique"},"content":{"rendered":"<p><span style=\"font-weight: 400;\">Ce tramway \u00e9lectrique antique est tr\u00e8s joli et fait r\u00eaver beaucoup de gens au pass\u00e9, quand voyager n&#039;\u00e9tait pas si mouvement\u00e9. Le premier tramway \u00e9lectrique n\u00e9erlandais avec c\u00e2bles a\u00e9riens circulait entre Aix-la-Chapelle et Vaals en 1895. Dans les ann\u00e9es pr\u00e9c\u00e9dentes, il y avait des tramways \u00e0 batterie, des tramways \u00e0 vapeur, des tramways \u00e0 moteur, des tramways \u00e0 tracteur et m\u00eame des tramways \u00e0 chevaux.\u00a0<\/span><\/p>\n<p><a href=\"https:\/\/nl.wikipedia.org\/wiki\/Peter_Witt_Car\" target=\"_blank\" rel=\"noopener\">La\u00a0<b>Peter WittCaro<\/b>\u00a0est un autorail de tramway qui a \u00e9t\u00e9 construit \u00e0 tr\u00e8s grande \u00e9chelle aux \u00c9tats-Unis \u00e0 partir de 1915.<\/a>\u00a0Il conduit d\u00e9sormais \u00e9galement \u00e0 Milan.<\/p>\n<p><span style=\"font-weight: 400;\">Le devant de cette Popcard a une illustration magnifiquement d\u00e9coup\u00e9e. <a href=\"https:\/\/popcards.nl\/fr\/product\/carte-de-voeux-classique-voiture-classique-pop-up\/\">Nous avons \u00e9galement une voiture ancienne telle que Popcard dans la m\u00eame version.<\/a><\/span><\/p>\n<p><span style=\"font-weight: 400;\">Taille de la carte 24 \u00d7 17 cm, pli\u00e9e \u00e0 12 \u00d7 17 cm.<\/span><span style=\"font-weight: 400;\"><br \/>\n<\/span><span style=\"font-weight: 400;\">Y compris enveloppe vierge assortie, emball\u00e9e dans un sac en cellophane.<\/span><\/p>","protected":false},"excerpt":{"rendered":"<p>Deze antieke elektrische tram ziet er heel fraai uit en doet veel mensen weer verlangen naar vroeger, toen reizen nog niet zo hectisch was. De eerste Nederlandse elektrische tram met bovenleiding reed in 1895 tussen Aken en Vaals. De jaren daarvoor reden er accutrams, stoomtrams, motortrams, tractortrams en zelfs paardentrams.\u00a0 De\u00a0Peter Witt Car\u00a0is een\u00a0trammotorwagen\u00a0die op [&hellip;]<\/p>\n","protected":false},"featured_media":44264,"comment_status":"open","ping_status":"closed","template":"","meta":{"_iconic_wsb_product_page_order_bump_ids":[[]],"_sku":["8785253684703"],"_iconic_wsb_product_page_bump_modal_ids":[[]]},"product_brand":[],"product_cat":[17],"product_tag":[110,254],"class_list":{"0":"post-45561","1":"product","2":"type-product","3":"status-publish","4":"has-post-thumbnail","6":"product_cat-voertuigen-schip-trein-vliegtuig-auto-fiets","7":"product_tag-auto","8":"product_tag-trein","9":"pa_brand-popcards","11":"first","12":"instock","13":"taxable","14":"shipping-taxable","15":"purchasable","16":"product-type-simple"},"gallery_images":[94329],"_links":{"self":[{"href":"https:\/\/popcards.nl\/fr\/wp-json\/wp\/v2\/product\/45561","targetHints":{"allow":["GET"]}}],"collection":[{"href":"https:\/\/popcards.nl\/fr\/wp-json\/wp\/v2\/product"}],"about":[{"href":"https:\/\/popcards.nl\/fr\/wp-json\/wp\/v2\/types\/product"}],"replies":[{"embeddable":true,"href":"https:\/\/popcards.nl\/fr\/wp-json\/wp\/v2\/comments?post=45561"}],"wp:featuredmedia":[{"embeddable":true,"href":"https:\/\/popcards.nl\/fr\/wp-json\/wp\/v2\/media\/44264"}],"wp:attachment":[{"href":"https:\/\/popcards.nl\/fr\/wp-json\/wp\/v2\/media?parent=45561"}],"wp:term":[{"taxonomy":"product_brand","embeddable":true,"href":"https:\/\/popcards.nl\/fr\/wp-json\/wp\/v2\/product_brand?post=45561"},{"taxonomy":"product_cat","embeddable":true,"href":"https:\/\/popcards.nl\/fr\/wp-json\/wp\/v2\/product_cat?post=45561"},{"taxonomy":"product_tag","embeddable":true,"href":"https:\/\/popcards.nl\/fr\/wp-json\/wp\/v2\/product_tag?post=45561"}],"curies":[{"name":"wp","href":"https:\/\/api.w.org\/{rel}","templated":true}]}}