{"id":45585,"date":"2022-09-04T17:49:34","date_gmt":"2022-09-04T15:49:34","guid":{"rendered":"https:\/\/popcards.nl\/?post_type=product&#038;p=45585"},"modified":"2025-09-01T19:12:16","modified_gmt":"2025-09-01T17:12:16","slug":"carte-pop-up-paresseux-accrochant-a-larbre-jungle","status":"publish","type":"product","link":"https:\/\/popcards.nl\/fr\/product\/luiaard-hangend-aan-boom-oerwoud-pop-up-kaart\/","title":{"rendered":"Paresseux suspendu \u00e0 un arbre dans la carte pop-up de la jungle"},"content":{"rendered":"<p><span style=\"font-weight: 400;\">Ce paresseux mignon a toujours un sourire heureux. Peut-\u00eatre parce qu&#039;il passe sa vie tranquillement la t\u00eate en bas dans un arbre avec ses griffes. Au milieu des feuilles, qu&#039;il mange quotidiennement. Ces feuilles contiennent tr\u00e8s peu d&#039;\u00e9nergie, il doit donc manger beaucoup et souvent et bouger peu pour ne pas gaspiller d&#039;\u00e9nergie.\u00a0<\/span><\/p>\n<p><span style=\"font-weight: 400;\">\u00a0<\/span><span style=\"font-weight: 400;\">Le paresseux vit haut dans les arbres des for\u00eats d&#039;Am\u00e9rique centrale et du Sud, comme la for\u00eat tropicale atlantique. Environ une fois par semaine, le paresseux descend tr\u00e8s lentement pour d\u00e9f\u00e9quer au sol. Parce que faire caca \u00e0 l&#039;envers n&#039;est pas si pratique. <\/span><span style=\"font-weight: 400;\">Il mesure environ 50 cm de long, p\u00e8se 8 kg et peut vivre 40 ans. <\/span><span style=\"font-weight: 400;\">Les paresseux ne parcourent pas plus de 40 m\u00e8tres par jour. Au sol, ils ne se d\u00e9placent m\u00eame pas \u00e0 plus de 30 centim\u00e8tres par minute. Cela en fait les mammif\u00e8res les plus lents au monde. Ils savent tr\u00e8s bien nager. <\/span><span style=\"font-weight: 400;\">Un paresseux peut bien se cacher. Parce qu&#039;il est si lent qu&#039;on peut \u00e0 peine le voir. Son pelage est \u00e9galement un peu vert. C&#039;est parce que les algues et les bact\u00e9ries vivent entre les poils. <\/span><span style=\"font-weight: 400;\">En captivit\u00e9, les paresseux dorment environ 15 \u00e0 20 heures par jour. Dans la nature environ 8 heures par jour. <\/span><span style=\"font-weight: 400;\">Un paresseux n&#039;a rien \u00e0 voir avec les singes. Il appartient au groupe des fourmiliers et des tatous.\u00a0<\/span><\/p>\n<p><span style=\"font-weight: 400;\">Il existe deux familles de paresseux : l&#039;un a deux griffes sur chaque patte (paresseux \u00e0 deux doigts), l&#039;autre a trois griffes (paresseux \u00e0 trois doigts). <a href=\"https:\/\/popcards.nl\/fr\/categorie\/animaux-cartes-de-voeux\/\">Nous avons beaucoup plus de cartes pop animales.\u00a0<\/a><\/span><\/p>\n<p><span style=\"font-weight: 400;\">Taille de la carte 30 x 15 cm, pli\u00e9e \u00e0 15 x 15 cm.<\/span><span style=\"font-weight: 400;\"><br \/>\n<\/span><span style=\"font-weight: 400;\">Y compris enveloppe vierge assortie, emball\u00e9e dans un sac en cellophane.<\/span><\/p>","protected":false},"excerpt":{"rendered":"<p>Deze schattige luiaard heeft altijd een tevreden glimlach. Misschien omdat hij zijn leven lang rustig ondersteboven aan zijn klauwtjes in een boom doorbrengt. Midden tussen de bladeren, die hij dagelijks eet. In die bladeren zit heel weinig energie, zodat hij veel en vaak moet eten en weinig bewegen om geen energie te verspillen.\u00a0 \u00a0De luiaard [&hellip;]<\/p>\n","protected":false},"featured_media":44891,"comment_status":"open","ping_status":"closed","template":"","meta":{"_iconic_wsb_product_page_order_bump_ids":[[]],"_sku":["8785253684314"],"_iconic_wsb_product_page_bump_modal_ids":[[]]},"product_brand":[],"product_cat":[21],"product_tag":[132,51],"class_list":{"0":"post-45585","1":"product","2":"type-product","3":"status-publish","4":"has-post-thumbnail","6":"product_cat-dieren-dierenkaarten-wenskaarten","7":"product_tag-dier","8":"product_tag-dierentuin","9":"pa_brand-popcards","11":"first","12":"outofstock","13":"taxable","14":"shipping-taxable","15":"purchasable","16":"product-type-simple"},"gallery_images":[70911],"_links":{"self":[{"href":"https:\/\/popcards.nl\/fr\/wp-json\/wp\/v2\/product\/45585","targetHints":{"allow":["GET"]}}],"collection":[{"href":"https:\/\/popcards.nl\/fr\/wp-json\/wp\/v2\/product"}],"about":[{"href":"https:\/\/popcards.nl\/fr\/wp-json\/wp\/v2\/types\/product"}],"replies":[{"embeddable":true,"href":"https:\/\/popcards.nl\/fr\/wp-json\/wp\/v2\/comments?post=45585"}],"wp:featuredmedia":[{"embeddable":true,"href":"https:\/\/popcards.nl\/fr\/wp-json\/wp\/v2\/media\/44891"}],"wp:attachment":[{"href":"https:\/\/popcards.nl\/fr\/wp-json\/wp\/v2\/media?parent=45585"}],"wp:term":[{"taxonomy":"product_brand","embeddable":true,"href":"https:\/\/popcards.nl\/fr\/wp-json\/wp\/v2\/product_brand?post=45585"},{"taxonomy":"product_cat","embeddable":true,"href":"https:\/\/popcards.nl\/fr\/wp-json\/wp\/v2\/product_cat?post=45585"},{"taxonomy":"product_tag","embeddable":true,"href":"https:\/\/popcards.nl\/fr\/wp-json\/wp\/v2\/product_tag?post=45585"}],"curies":[{"name":"wp","href":"https:\/\/api.w.org\/{rel}","templated":true}]}}