{"id":46203,"date":"2022-09-22T22:55:06","date_gmt":"2022-09-22T20:55:06","guid":{"rendered":"https:\/\/popcards.nl\/?post_type=product&#038;p=46203"},"modified":"2025-12-11T17:22:10","modified_gmt":"2025-12-11T16:22:10","slug":"grande-carte-de-voeux-romantique-mariage-pop-up","status":"publish","type":"product","link":"https:\/\/popcards.nl\/fr\/product\/grote-romantische-trouwkaart-pop-up-wenskaart\/","title":{"rendered":"Grande carte de mariage romantique \u2013 Carte de v\u0153ux pop-up rouge se marier"},"content":{"rendered":"<p>Carte de mariage romantique avec un couple de mari\u00e9s magnifiquement d\u00e9coup\u00e9 sur le devant. L&#039;int\u00e9rieur contient \u00e9galement le couple de mari\u00e9s pop-up d\u00e9coup\u00e9, maintenant sous une belle porte de fleurs pop-up. Cette carte de mariage a une carte s\u00e9par\u00e9e sur laquelle vous pouvez annoncer le mariage. Ou f\u00e9liciter un (anniversaire) de jeunes mari\u00e9s. Avant d&#039;annoncer votre mariage, nous nous ferons un plaisir d&#039;imprimer la carte avec votre texte. <a href=\"https:\/\/popcards.nl\/fr\/product\/carte-de-mariage-romantique\/\">Cette carte est \u00e9galement en vente en version couleur or<\/a>. <a href=\"https:\/\/popcards.nl\/fr\/categorie\/se-marier-et-vivre-ensemble-et-invitations-de-mariage\/\">Voir l&#039;aper\u00e7u de nos cartes de mariage.<\/a> Existe aussi en grand tirage.<\/p>\n<p>Grande carte de format 30 \u00d7 20 cm, pli\u00e9e en 15 \u00d7 20 cm.<br \/>\nY compris enveloppe vierge assortie, emball\u00e9e dans un sac en cellophane.<\/p>","protected":false},"excerpt":{"rendered":"<p>Romantische\u00a0 trouwkaart met op de voorkant een fraai uitgesneden pop-up bruidspaar. De binnenzijde bevat ook het uitgesneden pop-up bruidspaar, nu onder een schitterende pop-up bloemenpoort. Deze trouwkaart heeft ingestoken een los kaartje waarop je de bruiloft kan aankondigen. Of een (jubileum) bruidspaar op kunt feliciteren. Voor het aankondigen van je bruiloft verzorgen wij graag het [&hellip;]<\/p>\n","protected":false},"featured_media":46202,"comment_status":"open","ping_status":"closed","template":"","meta":{"_iconic_wsb_product_page_order_bump_ids":[[]],"_sku":["8785253685069"],"_iconic_wsb_product_page_bump_modal_ids":[[]]},"product_brand":[],"product_cat":[28],"product_tag":[94],"class_list":{"0":"post-46203","1":"product","2":"type-product","3":"status-publish","4":"has-post-thumbnail","6":"product_cat-trouwen-samenwonen-trouwkaarten","7":"product_tag-huwelijk","8":"pa_brand-popcards","10":"first","11":"outofstock","12":"taxable","13":"shipping-taxable","14":"purchasable","15":"product-type-simple"},"gallery_images":[68930],"_links":{"self":[{"href":"https:\/\/popcards.nl\/fr\/wp-json\/wp\/v2\/product\/46203","targetHints":{"allow":["GET"]}}],"collection":[{"href":"https:\/\/popcards.nl\/fr\/wp-json\/wp\/v2\/product"}],"about":[{"href":"https:\/\/popcards.nl\/fr\/wp-json\/wp\/v2\/types\/product"}],"replies":[{"embeddable":true,"href":"https:\/\/popcards.nl\/fr\/wp-json\/wp\/v2\/comments?post=46203"}],"wp:featuredmedia":[{"embeddable":true,"href":"https:\/\/popcards.nl\/fr\/wp-json\/wp\/v2\/media\/46202"}],"wp:attachment":[{"href":"https:\/\/popcards.nl\/fr\/wp-json\/wp\/v2\/media?parent=46203"}],"wp:term":[{"taxonomy":"product_brand","embeddable":true,"href":"https:\/\/popcards.nl\/fr\/wp-json\/wp\/v2\/product_brand?post=46203"},{"taxonomy":"product_cat","embeddable":true,"href":"https:\/\/popcards.nl\/fr\/wp-json\/wp\/v2\/product_cat?post=46203"},{"taxonomy":"product_tag","embeddable":true,"href":"https:\/\/popcards.nl\/fr\/wp-json\/wp\/v2\/product_tag?post=46203"}],"curies":[{"name":"wp","href":"https:\/\/api.w.org\/{rel}","templated":true}]}}