{"id":46205,"date":"2022-09-22T23:06:31","date_gmt":"2022-09-22T21:06:31","guid":{"rendered":"https:\/\/popcards.nl\/?post_type=product&#038;p=46205"},"modified":"2026-04-14T18:25:07","modified_gmt":"2026-04-14T16:25:07","slug":"carte-pop-up-jardin-fleuri-papillons-colores","status":"publish","type":"product","link":"https:\/\/popcards.nl\/fr\/product\/kleurrijke-vlinders-bloementuin-pop-up-kaart\/","title":{"rendered":"Carte pop-up Papillons color\u00e9s dans le jardin fleuri"},"content":{"rendered":"<p>Le devant vert fonc\u00e9 montre une belle illustration d&#039;un certain nombre de papillons sur des marguerites. Et si vous ouvrez la carte, 20 papillons s&#039;envoleront d&#039;un jardin fleuri color\u00e9. Quelle beaut\u00e9 de couleur ! Et incroyable que tant de papillons et de fleurs tiennent dans cette Popcard plate. Un passionn\u00e9 de papillons les appelle tous par leur nom. Mais le regarder est aussi un plaisir. Quelle joie flottante ! Attach\u00e9 \u00e0 cette carte est une carte s\u00e9par\u00e9e sur laquelle vous pouvez \u00e9crire un message pour l&#039;heureux destinataire.<\/p>\n<p>Taille de la carte 25 x 18 cm, pli\u00e9e \u00e0 12,5 \u00d7 18 cm.<br \/>\nY compris enveloppe vierge assortie, emball\u00e9e dans un sac en cellophane.<\/p>","protected":false},"excerpt":{"rendered":"<p>De diepgroene voorkant toont een fraaie illustratie van een aantal vlinders op margrietjes. En als je de kaart openklapt vliegen er wel 20 vlinders op uit een bonte bloementuin. Wat een kleurenpracht! En ongelooflijk dat zoveel vlinders en bloemen in deze platte Popcard passen. Een vlinder liefhebber noemt ze allemaal bij naam. Maar ernaar kijken [&hellip;]<\/p>\n","protected":false},"featured_media":46208,"comment_status":"open","ping_status":"closed","template":"","meta":{"_iconic_wsb_product_page_order_bump_ids":[],"_sku":["8945005026780"],"_iconic_wsb_product_page_bump_modal_ids":[]},"product_brand":[],"product_cat":[21],"product_tag":[247],"class_list":{"0":"post-46205","1":"product","2":"type-product","3":"status-publish","4":"has-post-thumbnail","6":"product_cat-dieren-dierenkaarten-wenskaarten","7":"product_tag-vlinder","8":"pa_brand-popcards","10":"first","11":"instock","12":"taxable","13":"shipping-taxable","14":"purchasable","15":"product-type-simple"},"gallery_images":[],"_links":{"self":[{"href":"https:\/\/popcards.nl\/fr\/wp-json\/wp\/v2\/product\/46205","targetHints":{"allow":["GET"]}}],"collection":[{"href":"https:\/\/popcards.nl\/fr\/wp-json\/wp\/v2\/product"}],"about":[{"href":"https:\/\/popcards.nl\/fr\/wp-json\/wp\/v2\/types\/product"}],"replies":[{"embeddable":true,"href":"https:\/\/popcards.nl\/fr\/wp-json\/wp\/v2\/comments?post=46205"}],"wp:featuredmedia":[{"embeddable":true,"href":"https:\/\/popcards.nl\/fr\/wp-json\/wp\/v2\/media\/46208"}],"wp:attachment":[{"href":"https:\/\/popcards.nl\/fr\/wp-json\/wp\/v2\/media?parent=46205"}],"wp:term":[{"taxonomy":"product_brand","embeddable":true,"href":"https:\/\/popcards.nl\/fr\/wp-json\/wp\/v2\/product_brand?post=46205"},{"taxonomy":"product_cat","embeddable":true,"href":"https:\/\/popcards.nl\/fr\/wp-json\/wp\/v2\/product_cat?post=46205"},{"taxonomy":"product_tag","embeddable":true,"href":"https:\/\/popcards.nl\/fr\/wp-json\/wp\/v2\/product_tag?post=46205"}],"curies":[{"name":"wp","href":"https:\/\/api.w.org\/{rel}","templated":true}]}}