{"id":46210,"date":"2022-09-22T23:24:53","date_gmt":"2022-09-22T21:24:53","guid":{"rendered":"https:\/\/popcards.nl\/?post_type=product&#038;p=46210"},"modified":"2026-05-05T15:11:18","modified_gmt":"2026-05-05T13:11:18","slug":"carte-pop-up-amour-valentine-forme-de-coeur-sakura","status":"publish","type":"product","link":"https:\/\/popcards.nl\/fr\/product\/sakura-hartvorm-valentijn-liefde-pop-up-kaart\/","title":{"rendered":"Fleur de cerisier Sakura en forme de coeur | Carte pop-up Love Valentine"},"content":{"rendered":"<p>Dans notre s\u00e9rie Sakura Popcards, nous sommes fiers de pr\u00e9senter une nouvelle Popcard : cette Sakura romantique montre sa splendeur de fleurs en forme de c\u0153ur. Attach\u00e9 \u00e0 cette carte est une carte s\u00e9par\u00e9e sur laquelle vous pouvez \u00e9crire un message pour l&#039;heureux destinataire. Les fleurs de Sakura symbolisent le bonheur, l&#039;amour, la fin et les nouveaux d\u00e9parts. Parce que les fleurs fleurissent pendant une si courte p\u00e9riode, les fleurs de cerisier repr\u00e9sentent \u00e9galement la mort humaine. La fleur tombante sur le devant et la fleur pos\u00e9e sur le sol \u00e0 l&#039;int\u00e9rieur symbolisent cela tr\u00e8s subtilement. Ils nous rappellent \u00e0 quel point la vie est courte et pr\u00e9cieuse.<\/p>\n<p>Taille de la carte 30 \u00d7 15 cm, pli\u00e9e \u00e0 15 \u00d7 15 cm.<br \/>\nComprend une enveloppe assortie. Emball\u00e9 dans un sac cellophane.<\/p>","protected":false},"excerpt":{"rendered":"<p>In onze serie Sakura Popcards tonen wij trots een nieuwe Popcard: deze romantische Sakura toont zijn bloesempracht in hartvorm. Bijgevoegd bij deze kaart is een apart kaartje, waarop je een boodschap kunt schrijven voor de gelukkige ontvanger. De Sakura bloemen symboliseren geluk, liefde, einde en een nieuw begin. Omdat de bloesems zo kort bloeien, vertegenwoordigen [&hellip;]<\/p>\n","protected":false},"featured_media":46199,"comment_status":"open","ping_status":"closed","template":"","meta":{"_iconic_wsb_product_page_order_bump_ids":[[]],"_sku":["8785253684543"],"_iconic_wsb_product_page_bump_modal_ids":[[]]},"product_brand":[],"product_cat":[27],"product_tag":[55,83],"class_list":{"0":"post-46210","1":"product","2":"type-product","3":"status-publish","4":"has-post-thumbnail","6":"product_cat-liefde-liefdeskaarten-valentijnskaarten","7":"product_tag-hart","8":"product_tag-valentijn","9":"pa_brand-popcards","11":"first","12":"instock","13":"taxable","14":"shipping-taxable","15":"purchasable","16":"product-type-simple"},"gallery_images":[70633],"_links":{"self":[{"href":"https:\/\/popcards.nl\/fr\/wp-json\/wp\/v2\/product\/46210","targetHints":{"allow":["GET"]}}],"collection":[{"href":"https:\/\/popcards.nl\/fr\/wp-json\/wp\/v2\/product"}],"about":[{"href":"https:\/\/popcards.nl\/fr\/wp-json\/wp\/v2\/types\/product"}],"replies":[{"embeddable":true,"href":"https:\/\/popcards.nl\/fr\/wp-json\/wp\/v2\/comments?post=46210"}],"wp:featuredmedia":[{"embeddable":true,"href":"https:\/\/popcards.nl\/fr\/wp-json\/wp\/v2\/media\/46199"}],"wp:attachment":[{"href":"https:\/\/popcards.nl\/fr\/wp-json\/wp\/v2\/media?parent=46210"}],"wp:term":[{"taxonomy":"product_brand","embeddable":true,"href":"https:\/\/popcards.nl\/fr\/wp-json\/wp\/v2\/product_brand?post=46210"},{"taxonomy":"product_cat","embeddable":true,"href":"https:\/\/popcards.nl\/fr\/wp-json\/wp\/v2\/product_cat?post=46210"},{"taxonomy":"product_tag","embeddable":true,"href":"https:\/\/popcards.nl\/fr\/wp-json\/wp\/v2\/product_tag?post=46210"}],"curies":[{"name":"wp","href":"https:\/\/api.w.org\/{rel}","templated":true}]}}