{"id":47371,"date":"2022-10-28T14:11:27","date_gmt":"2022-10-28T12:11:27","guid":{"rendered":"https:\/\/popcards.nl\/?post_type=product&#038;p=47371"},"modified":"2026-05-07T22:25:26","modified_gmt":"2026-05-07T20:25:26","slug":"carte-pop-up-velo-avec-fleurs-joliement-decoree","status":"publish","type":"product","link":"https:\/\/popcards.nl\/fr\/product\/fraai-versierde-fiets-met-bloemen-pop-up-kaart\/","title":{"rendered":"Carte pop-up Bicyclette joliment d\u00e9cor\u00e9e avec fleurs et oiseaux"},"content":{"rendered":"<p>Quel bonheur, cette carte pop-up ! Le v\u00e9lo joliment d\u00e9cor\u00e9 appara\u00eet d\u00e8s que vous ouvrez la carte de v\u0153ux. Ceci est garanti pour mettre un grand sourire sur le visage de l&#039;heureux destinataire. Le d\u00e9tail sur cette carte est vraiment impressionnant : les fleurs dans le panier \u00e0 l&#039;avant et sur le porte-bagages et les 3 oiseaux joyeux qui gardent soigneusement le v\u00e9lo. Mais aussi la pr\u00e9cision du v\u00e9lo lui-m\u00eame, du cadre, des p\u00e9dales et des rayons raffin\u00e9s des roues. Il compl\u00e8te le tableau. Une belle sc\u00e8ne qui fait vraiment plaisir ! Une carte de v\u0153ux qui convient \u00e0 de nombreuses occasions. Il n&#039;y a pas de texte sur la carte, vous pouvez donc y \u00e9crire un joli souhait personnel pour le destinataire.<\/p>\n<p>Taille de la carte 15 \u00d7 15 cm, pli\u00e9e \u00e0 15 \u00d7 15 cm.<br \/>\nY compris enveloppe assortie, emball\u00e9e dans un sac de cellophane.<\/p>\n<p>PS : <a href=\"https:\/\/popcards.nl\/fr\/balise-product\/velo\/\">Nous avons aussi plus de Popcards avec un v\u00e9lo !<\/a><\/p>","protected":false},"excerpt":{"rendered":"<p>Wat een vrolijkheid, deze pop-up kaart! De fraai versierde fiets komt omhoog zodra je de wenskaart openklapt. Dit geeft gegarandeerd een grote glimlach op het gezicht van de gelukkige ontvanger. Het detail op deze kaart is werkelijk indrukwekkend: De bloemen in het mandje voorop en op de bagagedrager en de 3 blije vogeltjes die de [&hellip;]<\/p>\n","protected":false},"featured_media":47652,"comment_status":"open","ping_status":"closed","template":"","meta":{"_iconic_wsb_product_page_order_bump_ids":[[]],"_sku":["8785253683065"],"_iconic_wsb_product_page_bump_modal_ids":[[]]},"product_brand":[],"product_cat":[17,47],"product_tag":[48,109],"class_list":{"0":"post-47371","1":"product","2":"type-product","3":"status-publish","4":"has-post-thumbnail","6":"product_cat-voertuigen-schip-trein-vliegtuig-auto-fiets","7":"product_cat-bloemen-bloemenkaarten-wenskaarten","8":"product_tag-bloemen","9":"product_tag-fiets","10":"pa_brand-popcards","12":"first","13":"instock","14":"taxable","15":"shipping-taxable","16":"purchasable","17":"product-type-simple"},"gallery_images":[47651,69018],"_links":{"self":[{"href":"https:\/\/popcards.nl\/fr\/wp-json\/wp\/v2\/product\/47371","targetHints":{"allow":["GET"]}}],"collection":[{"href":"https:\/\/popcards.nl\/fr\/wp-json\/wp\/v2\/product"}],"about":[{"href":"https:\/\/popcards.nl\/fr\/wp-json\/wp\/v2\/types\/product"}],"replies":[{"embeddable":true,"href":"https:\/\/popcards.nl\/fr\/wp-json\/wp\/v2\/comments?post=47371"}],"wp:featuredmedia":[{"embeddable":true,"href":"https:\/\/popcards.nl\/fr\/wp-json\/wp\/v2\/media\/47652"}],"wp:attachment":[{"href":"https:\/\/popcards.nl\/fr\/wp-json\/wp\/v2\/media?parent=47371"}],"wp:term":[{"taxonomy":"product_brand","embeddable":true,"href":"https:\/\/popcards.nl\/fr\/wp-json\/wp\/v2\/product_brand?post=47371"},{"taxonomy":"product_cat","embeddable":true,"href":"https:\/\/popcards.nl\/fr\/wp-json\/wp\/v2\/product_cat?post=47371"},{"taxonomy":"product_tag","embeddable":true,"href":"https:\/\/popcards.nl\/fr\/wp-json\/wp\/v2\/product_tag?post=47371"}],"curies":[{"name":"wp","href":"https:\/\/api.w.org\/{rel}","templated":true}]}}