{"id":475,"date":"2018-09-21T22:23:08","date_gmt":"2018-09-21T20:23:08","guid":{"rendered":"https:\/\/popcards.nl\/?post_type=product&#038;p=475"},"modified":"2026-03-04T11:44:45","modified_gmt":"2026-03-04T10:44:45","slug":"carte-de-noel-joyeux-pere-noel-traineau-et-renne","status":"publish","type":"product","link":"https:\/\/popcards.nl\/fr\/product\/kerstkaart-vrolijke-kerstman-slee-en-rendieren\/","title":{"rendered":"Merry Santa Claus with Sleigh and Reindeer - Carte de No\u00ebl avec couverture festive \u00e0 paillettes dor\u00e9es"},"content":{"rendered":"<p>Acheter des cartes de No\u00ebl sp\u00e9ciales? Ensuite, vous devez <a href=\"https:\/\/popcards.nl\/fr\/\">Popcards.nl<\/a> sont!. Ce n\u2019est qu\u2019une carte de No\u00ebl compl\u00e8te, surprenante et extra large: la <a href=\"https:\/\/nl.wikipedia.org\/wiki\/Kerstman\" target=\"_blank\" rel=\"noopener noreferrer\">P\u00e8re No\u00ebl<\/a> sur son tra\u00eeneau tir\u00e9 par des chevaux plein de cadeaux. Tir\u00e9 par 4 rennes volants. Ne demandez pas comment les rennes peuvent voler sur cette carte, mais profitez de notre offre. Jetez \u00e9galement un \u0153il \u00e0 nos autres <a href=\"https:\/\/popcards.nl\/fr\/categorie\/kerstkaarten\/\">cartes de No\u00ebl sp\u00e9ciales!<\/a><\/p>\n<p>Taille de la carte 26 \u00d7 20 cm, pli\u00e9e en 13 \u00d7 20 cm.<br \/>\nY compris enveloppe vierge assortie, emball\u00e9e dans un sac en cellophane.<\/p>","protected":false},"excerpt":{"rendered":"<p>Bijzondere kerstkaarten kopen? Dan moet je bij Popcards.nl zijn!. Dit is pas een complete, verrassende, extra grote kerstkaart: de Kerstman op zijn arrenslee vol cadeautjes. Voortgetrokken door 4 vliegende rendieren. Vraag maar niet hoe de rendieren op deze kaart kunnen vliegen, maar profiteer van onze aanbieding. Kijk ook even bij onze andere bijzondere kerstkaarten! Kaartformaat [&hellip;]<\/p>\n","protected":false},"featured_media":47732,"comment_status":"open","ping_status":"closed","template":"","meta":{"_iconic_wsb_product_page_order_bump_ids":[[]],"_sku":["8945004309518"],"_iconic_wsb_product_page_bump_modal_ids":[[]]},"product_brand":[],"product_cat":[79],"product_tag":[131],"class_list":{"0":"post-475","1":"product","2":"type-product","3":"status-publish","4":"has-post-thumbnail","6":"product_cat-de-top-10-mooiste-kerstkaarten","7":"product_tag-kerst","8":"pa_brand-popcards","10":"first","11":"instock","12":"taxable","13":"shipping-taxable","14":"purchasable","15":"product-type-simple"},"gallery_images":[47733,47734,76007],"_links":{"self":[{"href":"https:\/\/popcards.nl\/fr\/wp-json\/wp\/v2\/product\/475","targetHints":{"allow":["GET"]}}],"collection":[{"href":"https:\/\/popcards.nl\/fr\/wp-json\/wp\/v2\/product"}],"about":[{"href":"https:\/\/popcards.nl\/fr\/wp-json\/wp\/v2\/types\/product"}],"replies":[{"embeddable":true,"href":"https:\/\/popcards.nl\/fr\/wp-json\/wp\/v2\/comments?post=475"}],"wp:featuredmedia":[{"embeddable":true,"href":"https:\/\/popcards.nl\/fr\/wp-json\/wp\/v2\/media\/47732"}],"wp:attachment":[{"href":"https:\/\/popcards.nl\/fr\/wp-json\/wp\/v2\/media?parent=475"}],"wp:term":[{"taxonomy":"product_brand","embeddable":true,"href":"https:\/\/popcards.nl\/fr\/wp-json\/wp\/v2\/product_brand?post=475"},{"taxonomy":"product_cat","embeddable":true,"href":"https:\/\/popcards.nl\/fr\/wp-json\/wp\/v2\/product_cat?post=475"},{"taxonomy":"product_tag","embeddable":true,"href":"https:\/\/popcards.nl\/fr\/wp-json\/wp\/v2\/product_tag?post=475"}],"curies":[{"name":"wp","href":"https:\/\/api.w.org\/{rel}","templated":true}]}}