{"id":47890,"date":"2022-11-10T15:42:05","date_gmt":"2022-11-10T14:42:05","guid":{"rendered":"https:\/\/popcards.nl\/?post_type=product&#038;p=47890"},"modified":"2026-04-29T23:06:56","modified_gmt":"2026-04-29T21:06:56","slug":"carte-pop-up-jurassique-dinosaure-stegosaurus","status":"publish","type":"product","link":"https:\/\/popcards.nl\/fr\/product\/stegosaurus-dinosaurus-jurassic-pop-up-kaart\/","title":{"rendered":"Carte Pop Up Dinosaure Stegosaurus"},"content":{"rendered":"<p><span style=\"font-weight: 400;\">Le st\u00e9gosaure vivait il y a 150 millions d&#039;ann\u00e9es \u00e0 la fin du Jurassique en Am\u00e9rique du Nord et mesurait jusqu&#039;\u00e0 10 m\u00e8tres de long et jusqu&#039;\u00e0 3 m\u00e8tres de haut \u00e0 la hanche. Les plaques arri\u00e8re frappantes portaient cette hauteur \u00e0 plus de 4 m\u00e8tres. Il pesait environ 2 tonnes.\u00a0<\/span><\/p>\n<p><span style=\"font-weight: 400;\">Le Stegosaurus est l&#039;un des dinosaures les plus c\u00e9l\u00e8bres en raison de son apparence frappante. Il avait un cou fin et une petite t\u00eate allong\u00e9e avec un bec et de petites dents. Avec cela, il a arrach\u00e9 des morceaux de plantes qui ont \u00e9t\u00e9 aval\u00e9s sans m\u00e2cher. Il mangeait les plantes basses \u00e9parpill\u00e9es dans le paysage aride. Il avait de longues pattes arri\u00e8re droites et des pattes avant courtes et fortes. Les jambes droites l&#039;emp\u00eachaient de courir. En cas de danger, il tenait sa queue haute en l&#039;air. Au bout de cette queue se trouvaient 2 paires de longues \u00e9pines avec lesquelles il se d\u00e9fendait contre les pr\u00e9dateurs, dont il ne pouvait pas s&#039;enfuir. Sur son dos se trouvait une rang\u00e9e de 19 grandes plaques osseuses pointues plac\u00e9es alternativement \u00e0 l&#039;extr\u00e9mit\u00e9 de la queue. Ils ont peut-\u00eatre prot\u00e9g\u00e9 son dos des attaques, mais il se peut aussi qu&#039;ils aient \u00e9t\u00e9 utilis\u00e9s par l&#039;animal pour se rafra\u00eechir ou pour impressionner ses cong\u00e9n\u00e8res et ses pr\u00e9dateurs.\u00a0\u00a0<\/span><\/p>\n<p><span style=\"font-weight: 400;\"><a href=\"https:\/\/popcards.nl\/fr\/balise-product\/parc-jurassique\/\">Popcards a une s\u00e9rie de diff\u00e9rentes Popcards de dinosaures\u00a0!<\/a> Pour le vrai passionn\u00e9 ou fan de Jurassic Park.<\/span><\/p>\n<p><span style=\"font-weight: 400;\">Taille de la carte 24 \u00d7 17 cm, pli\u00e9e \u00e0 12 \u00d7 17 cm.<br \/>\n<\/span><span style=\"font-weight: 400;\">Y compris enveloppe assortie, emball\u00e9e dans un sac de cellophane.<\/span><\/p>","protected":false},"excerpt":{"rendered":"<p>De Stegosaurus leefde 150 miljoen jaar geleden tijdens het late Jura in Noord Amerika en was tot 10 meter lang en tot 3 meter hoog op de heup. De opvallende rugplaten brachten die hoogte op ruim 4 meter. Hij woog ongeveer 2 ton.\u00a0 De Stegosaurus is een van de bekendste dinosauri\u00ebrs wegens zijn opvallende uiterlijk. [&hellip;]<\/p>\n","protected":false},"featured_media":47885,"comment_status":"open","ping_status":"closed","template":"","meta":{"_iconic_wsb_product_page_order_bump_ids":[[]],"_sku":["8785253683928"],"_iconic_wsb_product_page_bump_modal_ids":[[]]},"product_brand":[],"product_cat":[21],"product_tag":[115],"class_list":{"0":"post-47890","1":"product","2":"type-product","3":"status-publish","4":"has-post-thumbnail","6":"product_cat-dieren-dierenkaarten-wenskaarten","7":"product_tag-jurassic-park","9":"first","10":"instock","11":"sale","12":"taxable","13":"shipping-taxable","14":"purchasable","15":"product-type-simple"},"gallery_images":[76000],"_links":{"self":[{"href":"https:\/\/popcards.nl\/fr\/wp-json\/wp\/v2\/product\/47890","targetHints":{"allow":["GET"]}}],"collection":[{"href":"https:\/\/popcards.nl\/fr\/wp-json\/wp\/v2\/product"}],"about":[{"href":"https:\/\/popcards.nl\/fr\/wp-json\/wp\/v2\/types\/product"}],"replies":[{"embeddable":true,"href":"https:\/\/popcards.nl\/fr\/wp-json\/wp\/v2\/comments?post=47890"}],"wp:featuredmedia":[{"embeddable":true,"href":"https:\/\/popcards.nl\/fr\/wp-json\/wp\/v2\/media\/47885"}],"wp:attachment":[{"href":"https:\/\/popcards.nl\/fr\/wp-json\/wp\/v2\/media?parent=47890"}],"wp:term":[{"taxonomy":"product_brand","embeddable":true,"href":"https:\/\/popcards.nl\/fr\/wp-json\/wp\/v2\/product_brand?post=47890"},{"taxonomy":"product_cat","embeddable":true,"href":"https:\/\/popcards.nl\/fr\/wp-json\/wp\/v2\/product_cat?post=47890"},{"taxonomy":"product_tag","embeddable":true,"href":"https:\/\/popcards.nl\/fr\/wp-json\/wp\/v2\/product_tag?post=47890"}],"curies":[{"name":"wp","href":"https:\/\/api.w.org\/{rel}","templated":true}]}}