{"id":47893,"date":"2022-11-10T15:55:08","date_gmt":"2022-11-10T14:55:08","guid":{"rendered":"https:\/\/popcards.nl\/?post_type=product&#038;p=47893"},"modified":"2026-04-19T14:46:08","modified_gmt":"2026-04-19T12:46:08","slug":"carte-pop-up-plante-oiseau-de-paradis-strelitzia","status":"publish","type":"product","link":"https:\/\/popcards.nl\/fr\/product\/strelitzia-paradijsvogelplant-pop-up-kaart\/","title":{"rendered":"Strelitzia Fleur Oiseau de Paradis Plante T\u00eate d&#039;Oiseau Fleur Carte Pop-up"},"content":{"rendered":"<p>Carte de fleurs Strelitzia.<span style=\"font-weight: 400;\"> Une belle pop-up d&#039;une grande plante Strelitzia pleine de fleurs \u00e9panouies. L&#039;int\u00e9rieur a suffisamment d&#039;espace pour votre texte et une illustration attrayante dans le coin. \u00c9galement sur le devant de la carte se trouve une illustration color\u00e9e de Strelitzia. Cette illustration est imprim\u00e9e s\u00e9par\u00e9ment, d\u00e9coup\u00e9e au laser sans serrer et coll\u00e9e sur le devant mat vert fonc\u00e9, cr\u00e9ant un effet particuli\u00e8rement velout\u00e9. <\/span><span style=\"font-weight: 400;\">donne. <\/span><span style=\"font-weight: 400;\">Dites-le avec des fleurs! <a href=\"https:\/\/popcards.nl\/fr\/categorie\/fleurs-cartes-de-voeux\/\">Nous avons beaucoup plus de cartes pop-up fleuries, adapt\u00e9es \u00e0 toutes les occasions : pour les f\u00e9licitations, gu\u00e9rissez bient\u00f4t, pour le r\u00e9confort et les condol\u00e9ances.<\/a><\/span><\/p>\n<p><span style=\"font-weight: 400;\">Le Strelitzia vient d&#039;Afrique du Sud et est une plante d&#039;int\u00e9rieur populaire. La plante compte 5 vari\u00e9t\u00e9s dont la Strelitzia Reginae est la plus connue et appr\u00e9ci\u00e9e en raison de la forme inhabituelle et des couleurs p\u00e9tillantes de ses fleurs. D&#039;o\u00f9 ses surnoms Bird of Paradise Flower, Bird of Paradise Plant, Bird Head Flower et The Bird of Paradise. La plante symbolise la libert\u00e9 et l&#039;immortalit\u00e9. Le Strelitzia peut atteindre jusqu&#039;\u00e0 10 m\u00e8tres de haut dans la nature et a des feuilles qui poussent jusqu&#039;\u00e0 2 m\u00e8tres de long. <\/span><span style=\"font-weight: 400;\">Les fleurs ont une inflorescence horizontale et proviennent d&#039;une bract\u00e9e robuste. Les fleurs sont pollinis\u00e9es par les oiseaux, les meuniers, qui utilisent la bract\u00e9e comme si\u00e8ge lorsqu&#039;ils visitent les fleurs. Le poids de l&#039;oiseau provoque l&#039;ouverture de la fleur et le pollen se retrouve sur les pieds de l&#039;oiseau, que l&#039;oiseau transf\u00e8re \u00e0 d&#039;autres Strelitzias. <\/span><span style=\"font-weight: 400;\">Un Strelitzia Reginae peut commencer \u00e0 fleurir \u00e0 l&#039;\u00e2ge de 8 ans. Apr\u00e8s la p\u00e9riode de floraison, cela peut prendre jusqu&#039;\u00e0 12 mois pour que la Strelitzia refleurisse.<\/span><\/p>\n<p><span style=\"font-weight: 400;\">Format carte 30 \u00d7 15 cm, pli\u00e9e en 15 \u00d7 15 cm. <\/span><span style=\"font-weight: 400;\"><br \/>\n<\/span><span style=\"font-weight: 400;\">Y compris enveloppe assortie, emball\u00e9e dans un sac de cellophane.<\/span><\/p>","protected":false},"excerpt":{"rendered":"<p>Bloemenkaart Strelitzia. Een prachtige pop-up van een grote Strelitzia plant vol bloeiende bloemen. De binnenkant heeft genoeg ruimte voor uw tekst en in de hoek een sfeervolle illustratie. Ook op de voorzijde van de kaart staat een kleurrijke Strelitzia\u00a0 illustratie. Deze illustratie is apart gedrukt, los met de laser uitgesneden en op de donkergroene matte\u00a0 [&hellip;]<\/p>\n","protected":false},"featured_media":47884,"comment_status":"open","ping_status":"closed","template":"","meta":{"_iconic_wsb_product_page_order_bump_ids":[[]],"_sku":["8785253684413"],"_iconic_wsb_product_page_bump_modal_ids":[[]]},"product_brand":[],"product_cat":[47],"product_tag":[48],"class_list":{"0":"post-47893","1":"product","2":"type-product","3":"status-publish","4":"has-post-thumbnail","6":"product_cat-bloemen-bloemenkaarten-wenskaarten","7":"product_tag-bloemen","9":"first","10":"instock","11":"taxable","12":"shipping-taxable","13":"purchasable","14":"product-type-simple"},"gallery_images":[70622],"_links":{"self":[{"href":"https:\/\/popcards.nl\/fr\/wp-json\/wp\/v2\/product\/47893","targetHints":{"allow":["GET"]}}],"collection":[{"href":"https:\/\/popcards.nl\/fr\/wp-json\/wp\/v2\/product"}],"about":[{"href":"https:\/\/popcards.nl\/fr\/wp-json\/wp\/v2\/types\/product"}],"replies":[{"embeddable":true,"href":"https:\/\/popcards.nl\/fr\/wp-json\/wp\/v2\/comments?post=47893"}],"wp:featuredmedia":[{"embeddable":true,"href":"https:\/\/popcards.nl\/fr\/wp-json\/wp\/v2\/media\/47884"}],"wp:attachment":[{"href":"https:\/\/popcards.nl\/fr\/wp-json\/wp\/v2\/media?parent=47893"}],"wp:term":[{"taxonomy":"product_brand","embeddable":true,"href":"https:\/\/popcards.nl\/fr\/wp-json\/wp\/v2\/product_brand?post=47893"},{"taxonomy":"product_cat","embeddable":true,"href":"https:\/\/popcards.nl\/fr\/wp-json\/wp\/v2\/product_cat?post=47893"},{"taxonomy":"product_tag","embeddable":true,"href":"https:\/\/popcards.nl\/fr\/wp-json\/wp\/v2\/product_tag?post=47893"}],"curies":[{"name":"wp","href":"https:\/\/api.w.org\/{rel}","templated":true}]}}