{"id":4973,"date":"2019-10-04T16:57:36","date_gmt":"2019-10-04T14:57:36","guid":{"rendered":"https:\/\/popcards.nl\/?post_type=product&#038;p=4973"},"modified":"2026-04-22T10:26:48","modified_gmt":"2026-04-22T08:26:48","slug":"cool-lion-le-roi-lion-carte-de-voeux-pop-up","status":"publish","type":"product","link":"https:\/\/popcards.nl\/fr\/product\/stoere-leeuw-the-lion-king-pop-up-wenskaart\/","title":{"rendered":"Big Tough lion \u2013 Carte de v\u0153ux pop-up Le Roi Lion"},"content":{"rendered":"<p>Cette grande carte pop-up est tr\u00e8s impressionnante ! Le fier lion se dresse fi\u00e8rement sur un rocher et regarde son royaume, la savane. Il est le roi des animaux. Et un joli souvenir du film ou de la com\u00e9die musicale, le Roi Lion.<\/p>\n<p>Grande carte de format 30 \u00d7 20 cm, pli\u00e9e en 15 \u00d7 20 cm.<br \/>\nY compris enveloppe vierge assortie, emball\u00e9e dans un sac en cellophane.<\/p>","protected":false},"excerpt":{"rendered":"<p>Deze grote pop-up kaart is heel indrukwekkend! De trotse leeuw staat fier op een rotsblok en kijkt uit over zijn koninkrijk, de savanne. Hij is de koning van de dieren. En een leuke herinnering aan de film of musical, the Lion King. Groot kaartformaat 30\u00d720 cm, gevouwen tot 15\u00d720 cm. Inclusief bijpassende blanco envelop, verpakt [&hellip;]<\/p>\n","protected":false},"featured_media":36608,"comment_status":"open","ping_status":"closed","template":"","meta":{"_iconic_wsb_product_page_order_bump_ids":[[]],"_sku":["8945005027299"],"_iconic_wsb_product_page_bump_modal_ids":[[]]},"product_brand":[],"product_cat":[21,57],"product_tag":[51,35],"class_list":{"0":"post-4973","1":"product","2":"type-product","3":"status-publish","4":"has-post-thumbnail","6":"product_cat-dieren-dierenkaarten-wenskaarten","7":"product_cat-uitnodigingen-uitnodigingskaarten-verjaardag-jubileum","8":"product_tag-dierentuin","9":"product_tag-kat","10":"pa_brand-popcards","12":"first","13":"instock","14":"sale","15":"taxable","16":"shipping-taxable","17":"purchasable","18":"product-type-simple"},"gallery_images":[71097],"_links":{"self":[{"href":"https:\/\/popcards.nl\/fr\/wp-json\/wp\/v2\/product\/4973","targetHints":{"allow":["GET"]}}],"collection":[{"href":"https:\/\/popcards.nl\/fr\/wp-json\/wp\/v2\/product"}],"about":[{"href":"https:\/\/popcards.nl\/fr\/wp-json\/wp\/v2\/types\/product"}],"replies":[{"embeddable":true,"href":"https:\/\/popcards.nl\/fr\/wp-json\/wp\/v2\/comments?post=4973"}],"wp:featuredmedia":[{"embeddable":true,"href":"https:\/\/popcards.nl\/fr\/wp-json\/wp\/v2\/media\/36608"}],"wp:attachment":[{"href":"https:\/\/popcards.nl\/fr\/wp-json\/wp\/v2\/media?parent=4973"}],"wp:term":[{"taxonomy":"product_brand","embeddable":true,"href":"https:\/\/popcards.nl\/fr\/wp-json\/wp\/v2\/product_brand?post=4973"},{"taxonomy":"product_cat","embeddable":true,"href":"https:\/\/popcards.nl\/fr\/wp-json\/wp\/v2\/product_cat?post=4973"},{"taxonomy":"product_tag","embeddable":true,"href":"https:\/\/popcards.nl\/fr\/wp-json\/wp\/v2\/product_tag?post=4973"}],"curies":[{"name":"wp","href":"https:\/\/api.w.org\/{rel}","templated":true}]}}