{"id":53814,"date":"2023-03-19T12:39:40","date_gmt":"2023-03-19T11:39:40","guid":{"rendered":"https:\/\/popcards.nl\/?post_type=product&#038;p=53814"},"modified":"2026-04-08T22:16:59","modified_gmt":"2026-04-08T20:16:59","slug":"joyeuses-paques-lapin-de-paques-oeufs-de-paques-carte-pop-up","status":"publish","type":"product","link":"https:\/\/popcards.nl\/fr\/product\/vrolijk-pasen-paashaas-paaseieren-pop-up-kaart\/","title":{"rendered":"Joyeuses P\u00e2ques! Carte pop-up lapin de P\u00e2ques mignon avec panier d&#039;oeufs de P\u00e2ques"},"content":{"rendered":"<p>Joyeuses P\u00e2ques! Quelle joyeuse carte de P\u00e2ques. Ce lapin de P\u00e2ques espi\u00e8gle a rempli son panier de fleurs et bien s\u00fbr d&#039;\u0153ufs de P\u00e2ques joliment d\u00e9cor\u00e9s. Pr\u00eat \u00e0 bien cacher les \u0153ufs plus tard. ;-)<\/p>\n<p>Lors de l&#039;ouverture de cette carte 3D astucieuse, le lapin de P\u00e2ques et le panier sautent automatiquement. Tr\u00e8s sympa d&#039;envoyer cette carte juste avant les vacances. Cette belle carte pop-up est livr\u00e9e avec une carte s\u00e9par\u00e9e sur laquelle vous pouvez \u00e9crire votre message au destinataire.<\/p>\n<p><a href=\"https:\/\/popcards.nl\/fr\/product\/carte-pop-up-doiseau-dornement-de-nid-doiseau\/\">Il nous reste une tr\u00e8s jolie carte de P\u00e2ques, un joli nid d&#039;oiseau avec maman et petit.<\/a><\/p>\n<p>Taille de la carte 30 \u00d7 20 cm, pli\u00e9e \u00e0 15 \u00d7 20 cm. Avec carte s\u00e9par\u00e9e pour votre texte.<br \/>\nY compris l&#039;enveloppe de couleur or, emball\u00e9e dans un sac en cellophane.<\/p>","protected":false},"excerpt":{"rendered":"<p>Vrolijk Pasen! Wat een vrolijke Paaskaart. Deze guitige paashaas heeft z&#8217;n mandje gevuld met bloemen en natuurlijk met fraaie versierde paaseieren. Klaar om de eieren straks lekker goed te verstoppen. ;-) Bij het openen van deze knap gemaakte 3D-kaart springt de paashaas en het mandje vanzelf omhoog. Heel leuk om deze kaart te versturen vlak [&hellip;]<\/p>\n","protected":false},"featured_media":53812,"comment_status":"open","ping_status":"closed","template":"","meta":{"_iconic_wsb_product_page_order_bump_ids":[[]],"_sku":["8785253684383"],"_iconic_wsb_product_page_bump_modal_ids":[[]]},"product_brand":[],"product_cat":[21],"product_tag":[292],"class_list":{"0":"post-53814","1":"product","2":"type-product","3":"status-publish","4":"has-post-thumbnail","6":"product_cat-dieren-dierenkaarten-wenskaarten","7":"product_tag-pasen","9":"first","10":"instock","11":"taxable","12":"shipping-taxable","13":"purchasable","14":"product-type-simple"},"gallery_images":[70886],"_links":{"self":[{"href":"https:\/\/popcards.nl\/fr\/wp-json\/wp\/v2\/product\/53814","targetHints":{"allow":["GET"]}}],"collection":[{"href":"https:\/\/popcards.nl\/fr\/wp-json\/wp\/v2\/product"}],"about":[{"href":"https:\/\/popcards.nl\/fr\/wp-json\/wp\/v2\/types\/product"}],"replies":[{"embeddable":true,"href":"https:\/\/popcards.nl\/fr\/wp-json\/wp\/v2\/comments?post=53814"}],"wp:featuredmedia":[{"embeddable":true,"href":"https:\/\/popcards.nl\/fr\/wp-json\/wp\/v2\/media\/53812"}],"wp:attachment":[{"href":"https:\/\/popcards.nl\/fr\/wp-json\/wp\/v2\/media?parent=53814"}],"wp:term":[{"taxonomy":"product_brand","embeddable":true,"href":"https:\/\/popcards.nl\/fr\/wp-json\/wp\/v2\/product_brand?post=53814"},{"taxonomy":"product_cat","embeddable":true,"href":"https:\/\/popcards.nl\/fr\/wp-json\/wp\/v2\/product_cat?post=53814"},{"taxonomy":"product_tag","embeddable":true,"href":"https:\/\/popcards.nl\/fr\/wp-json\/wp\/v2\/product_tag?post=53814"}],"curies":[{"name":"wp","href":"https:\/\/api.w.org\/{rel}","templated":true}]}}