{"id":54053,"date":"2023-03-25T15:02:36","date_gmt":"2023-03-25T14:02:36","guid":{"rendered":"https:\/\/popcards.nl\/?post_type=product&#038;p=54053"},"modified":"2026-05-04T15:34:10","modified_gmt":"2026-05-04T13:34:10","slug":"carte-de-voeux-velo-decore-fleurs-carte-pop-up","status":"publish","type":"product","link":"https:\/\/popcards.nl\/fr\/product\/wenskaart-fiets-versierd-bloemen-pop-up-kaart\/","title":{"rendered":"Belle bicyclette bleue d\u00e9cor\u00e9e de fleurs carte pop-up"},"content":{"rendered":"<p><span style=\"font-weight: 400;\">On a tout de suite un air de vacances estivales avec cette tr\u00e8s belle carte pop-up. Toi aussi? Ce v\u00e9lo bleu est joliment d\u00e9cor\u00e9 de fleurs dans des tons pastel chauds. Les d\u00e9tails sont tout simplement impressionnants et il est presque incroyable que ce v\u00e9lo pour hommes apparaisse tout seul lors du d\u00e9pliage de la carte. La personne qui recevra cette carte de v\u0153ux se prom\u00e8nera avec le sourire toute la journ\u00e9e. Cette carte pop-up est sans texte donc adapt\u00e9e \u00e0 de nombreuses occasions. <\/span><span style=\"font-weight: 400;\">Cette carte de v\u0153ux est livr\u00e9e avec une carte d&#039;\u00e9criture s\u00e9par\u00e9e sur laquelle vous pouvez \u00e9crire votre texte personnel.<\/span><\/p>\n<p><span style=\"font-weight: 400;\"> <a href=\"https:\/\/popcards.nl\/fr\/balise-product\/velo\/\">Avez-vous \u00e9galement vu nos autres cartes de v\u0153ux de v\u00e9lo ?<\/a><\/span><\/p>\n<p><span style=\"font-weight: 400;\">Taille de la carte 25 \u00d7 17,5 cm, pli\u00e9e \u00e0 12,5 \u00d7 17,5 cm.<br \/>\n<\/span><span style=\"font-weight: 400;\">Avec carte s\u00e9par\u00e9e pour votre texte.<\/span><span style=\"font-weight: 400;\"><br \/>\n<\/span><span style=\"font-weight: 400;\">Y compris l&#039;enveloppe de couleur or, emball\u00e9e dans un sac en cellophane.<\/span><\/p>","protected":false},"excerpt":{"rendered":"<p>Wij krijgen meteen een zomers vakantiegevoel van deze hele mooie pop-up kaart. Jij ook? Deze blauwe fiets is fraai versierd met bloemen in warme pasteltinten. De detaillering is ronduit indrukwekkend en het is haast ongelooflijk dat deze herenfiets vanzelf omhoog popt bij het uitvouwen van de kaart. Degene die deze wenskaart ontvangt zal de hele [&hellip;]<\/p>\n","protected":false},"featured_media":53798,"comment_status":"open","ping_status":"closed","template":"","meta":{"_iconic_wsb_product_page_order_bump_ids":[[]],"_sku":["8785253682617"],"_iconic_wsb_product_page_bump_modal_ids":[[]]},"product_brand":[],"product_cat":[78,47,57,17],"product_tag":[109],"class_list":{"0":"post-54053","1":"product","2":"type-product","3":"status-publish","4":"has-post-thumbnail","6":"product_cat-beterschapskaarten-troostkaarten-condoleancekaarten","7":"product_cat-bloemen-bloemenkaarten-wenskaarten","8":"product_cat-uitnodigingen-uitnodigingskaarten-verjaardag-jubileum","9":"product_cat-voertuigen-schip-trein-vliegtuig-auto-fiets","10":"product_tag-fiets","11":"pa_brand-popcards","13":"first","14":"instock","15":"taxable","16":"shipping-taxable","17":"purchasable","18":"product-type-simple"},"gallery_images":[53797,85968],"_links":{"self":[{"href":"https:\/\/popcards.nl\/fr\/wp-json\/wp\/v2\/product\/54053","targetHints":{"allow":["GET"]}}],"collection":[{"href":"https:\/\/popcards.nl\/fr\/wp-json\/wp\/v2\/product"}],"about":[{"href":"https:\/\/popcards.nl\/fr\/wp-json\/wp\/v2\/types\/product"}],"replies":[{"embeddable":true,"href":"https:\/\/popcards.nl\/fr\/wp-json\/wp\/v2\/comments?post=54053"}],"wp:featuredmedia":[{"embeddable":true,"href":"https:\/\/popcards.nl\/fr\/wp-json\/wp\/v2\/media\/53798"}],"wp:attachment":[{"href":"https:\/\/popcards.nl\/fr\/wp-json\/wp\/v2\/media?parent=54053"}],"wp:term":[{"taxonomy":"product_brand","embeddable":true,"href":"https:\/\/popcards.nl\/fr\/wp-json\/wp\/v2\/product_brand?post=54053"},{"taxonomy":"product_cat","embeddable":true,"href":"https:\/\/popcards.nl\/fr\/wp-json\/wp\/v2\/product_cat?post=54053"},{"taxonomy":"product_tag","embeddable":true,"href":"https:\/\/popcards.nl\/fr\/wp-json\/wp\/v2\/product_tag?post=54053"}],"curies":[{"name":"wp","href":"https:\/\/api.w.org\/{rel}","templated":true}]}}