{"id":54060,"date":"2023-03-25T16:09:14","date_gmt":"2023-03-25T15:09:14","guid":{"rendered":"https:\/\/popcards.nl\/?post_type=product&#038;p=54060"},"modified":"2026-04-28T14:07:05","modified_gmt":"2026-04-28T12:07:05","slug":"kit-de-batterie-carte-pop-up-musique-carte-de-voeux","status":"publish","type":"product","link":"https:\/\/popcards.nl\/fr\/product\/drumstel-pop-up-kaart-muziek-wenskaart\/","title":{"rendered":"Carte pop-up pour kit de batterie | Carte de voeux musicale tr\u00e8s d\u00e9taill\u00e9e"},"content":{"rendered":"<p><span style=\"font-weight: 400;\">Cette grande carte de v\u0153ux pop-up de luxe avec une batterie est le moyen id\u00e9al pour f\u00e9liciter quelqu&#039;un pour ses r\u00e9alisations ou ses int\u00e9r\u00eats musicaux. C&#039;est une fa\u00e7on unique de montrer que vous appr\u00e9ciez leur passion pour la musique et que vous \u00eates fier d&#039;eux. Le tambour sur la carte attirera \u00e0 coup s\u00fbr l&#039;attention et fera sourire le destinataire. Pourquoi ne pas envoyer une carte comme celle-ci \u00e0 un ami ou \u00e0 un membre de la famille qui aime la musique\u00a0? Cela va certainement faire leur journ\u00e9e! \ud83d\ude0a <\/span><span style=\"font-weight: 400;\">La carte de v\u0153ux est livr\u00e9e avec une carte d&#039;\u00e9criture s\u00e9par\u00e9e sur laquelle vous pouvez \u00e9crire votre texte personnel.\u00a0<\/span><\/p>\n<p><span style=\"font-weight: 400;\">Un kit de batterie se compose de plusieurs parties qui sont jou\u00e9es par un seul batteur. Les parties les plus importantes sont la grosse caisse, la caisse claire, le charleston, les toms et les cymbales. La grosse caisse est le plus gros tambour et se joue avec une p\u00e9dale. La caisse claire est le tambour qui se trouve entre les jambes du batteur et qui est jou\u00e9 avec des baguettes. Le charleston se compose de deux cymbales plac\u00e9es l&#039;une au-dessus de l&#039;autre et actionn\u00e9es par une p\u00e9dale. Les toms sont des tambours plus petits qui se tiennent au-dessus de la grosse caisse et sont jou\u00e9s avec des baguettes. Les cymbales sont des disques m\u00e9talliques qui sont jou\u00e9s avec des b\u00e2tons et suspendus au-dessus de la batterie. Ce kit de batterie pop-up ne peut pas vraiment \u00eatre jou\u00e9, bien s\u00fbr, mais les d\u00e9tails sont incroyables ! <a href=\"https:\/\/popcards.nl\/fr\/balise-product\/la-musique\/\">Nous avons de plus belles cartes pop-up musicales.<\/a><\/span><\/p>\n<p><span style=\"font-weight: 400;\">Taille de la carte 34,6 \u00d7 18,3 cm, pli\u00e9e \u00e0 17,3 \u00d7 18,3 cm. <\/span><span style=\"font-weight: 400;\">Avec carte s\u00e9par\u00e9e pour votre texte.<br \/>\n<\/span><span style=\"font-weight: 400;\">Y compris l&#039;enveloppe de couleur or, emball\u00e9e dans un sac en cellophane.<\/span><\/p>","protected":false},"excerpt":{"rendered":"<p>Deze grote luxe pop-up wenskaart met daarop een drumstel is de perfecte manier om iemand te feliciteren met zijn of haar muzikale prestaties of interesses. Het is een unieke manier om te laten zien dat je hun passie voor muziek waardeert en dat je trots bent op hen. Het drumstel op de kaart zal zeker [&hellip;]<\/p>\n","protected":false},"featured_media":53803,"comment_status":"open","ping_status":"closed","template":"","meta":{"_iconic_wsb_product_page_order_bump_ids":[[]],"_sku":["8785253684789"],"_iconic_wsb_product_page_bump_modal_ids":[[]]},"product_brand":[],"product_cat":[58],"product_tag":[134],"class_list":{"0":"post-54060","1":"product","2":"type-product","3":"status-publish","4":"has-post-thumbnail","6":"product_cat-muziek-muziekinstrumenten-wenskaarten","7":"product_tag-muziek","8":"pa_brand-popcards","10":"first","11":"instock","12":"taxable","13":"shipping-taxable","14":"purchasable","15":"product-type-simple"},"gallery_images":[53802,78613],"_links":{"self":[{"href":"https:\/\/popcards.nl\/fr\/wp-json\/wp\/v2\/product\/54060","targetHints":{"allow":["GET"]}}],"collection":[{"href":"https:\/\/popcards.nl\/fr\/wp-json\/wp\/v2\/product"}],"about":[{"href":"https:\/\/popcards.nl\/fr\/wp-json\/wp\/v2\/types\/product"}],"replies":[{"embeddable":true,"href":"https:\/\/popcards.nl\/fr\/wp-json\/wp\/v2\/comments?post=54060"}],"wp:featuredmedia":[{"embeddable":true,"href":"https:\/\/popcards.nl\/fr\/wp-json\/wp\/v2\/media\/53803"}],"wp:attachment":[{"href":"https:\/\/popcards.nl\/fr\/wp-json\/wp\/v2\/media?parent=54060"}],"wp:term":[{"taxonomy":"product_brand","embeddable":true,"href":"https:\/\/popcards.nl\/fr\/wp-json\/wp\/v2\/product_brand?post=54060"},{"taxonomy":"product_cat","embeddable":true,"href":"https:\/\/popcards.nl\/fr\/wp-json\/wp\/v2\/product_cat?post=54060"},{"taxonomy":"product_tag","embeddable":true,"href":"https:\/\/popcards.nl\/fr\/wp-json\/wp\/v2\/product_tag?post=54060"}],"curies":[{"name":"wp","href":"https:\/\/api.w.org\/{rel}","templated":true}]}}