{"id":54087,"date":"2023-03-25T23:42:18","date_gmt":"2023-03-25T22:42:18","guid":{"rendered":"https:\/\/popcards.nl\/?post_type=product&#038;p=54087"},"modified":"2026-04-13T10:20:01","modified_gmt":"2026-04-13T08:20:01","slug":"carte-pop-up-circus-anniversaire-carte-danniversaire","status":"publish","type":"product","link":"https:\/\/popcards.nl\/fr\/product\/pop-up-kaart-circus-birthday-verjaardagskaart\/","title":{"rendered":"Carte pop-up avec tente Big Circus Happy Birthday Carte d&#039;anniversaire"},"content":{"rendered":"<p><span style=\"font-weight: 400;\">Toutes nos f\u00e9licitations! Quel bonheur, une carte d&#039;anniversaire avec un grand chapiteau de cirque. C&#039;est une belle fa\u00e7on de f\u00e9liciter quelqu&#039;un et de souligner le sentiment de f\u00eate. Et une carte pop-up la rend encore plus sp\u00e9ciale car elle ajoute litt\u00e9ralement une dimension suppl\u00e9mentaire \u00e0 votre carte de v\u0153ux. Lorsque vous ouvrez la carte d&#039;anniversaire, une tente de cirque pop-up appara\u00eet avec le souhait d&#039;anniversaire &quot;Happy Birthday&quot; dessus. Les couleurs sont vives et gaies et une grande attention a \u00e9t\u00e9 port\u00e9e aux d\u00e9tails. La carte de v\u0153ux est livr\u00e9e avec une carte d&#039;\u00e9criture s\u00e9par\u00e9e sur laquelle vous pouvez \u00e9crire votre texte personnel. <a href=\"https:\/\/popcards.nl\/fr\/categorie\/cartes-de-felicitations-et-danniversaire\/\">Nous avons beaucoup plus de cartes pop-up surprenantes pour les anniversaires.\u00a0<\/a><\/span><\/p>\n<p><span style=\"font-weight: 400;\">Taille de la carte 30 \u00d7 20 cm, pli\u00e9e \u00e0 15 \u00d7 20 cm. <\/span><span style=\"font-weight: 400;\">Avec carte s\u00e9par\u00e9e pour votre texte.<br \/>\n<\/span><span style=\"font-weight: 400;\">Y compris l&#039;enveloppe de couleur or, emball\u00e9e dans un sac en cellophane.<\/span><\/p>","protected":false},"excerpt":{"rendered":"<p>Van harte gefeliciteerd! Wat een vrolijkheid, een verjaardagskaart met een grote circustent. Het is een leuke manier om iemand te feliciteren en het feestelijke gevoel te benadrukken. En een pop-up kaart maakt het nog specialer omdat het letterlijk een extra dimensie toevoegt aan je wenskaart. Wanneer je de verjaardagskaart opent, komt er een pop-up circustent [&hellip;]<\/p>\n","protected":false},"featured_media":53805,"comment_status":"open","ping_status":"closed","template":"","meta":{"_iconic_wsb_product_page_order_bump_ids":[[]],"_sku":["8785253683614"],"_iconic_wsb_product_page_bump_modal_ids":[[]]},"product_brand":[],"product_cat":[34],"product_tag":[137],"class_list":{"0":"post-54087","1":"product","2":"type-product","3":"status-publish","4":"has-post-thumbnail","6":"product_cat-felicitatie-verjaardag-verjaardagskaarten","7":"product_tag-verjaardag","8":"pa_brand-popcards","10":"first","11":"instock","12":"taxable","13":"shipping-taxable","14":"purchasable","15":"product-type-simple"},"gallery_images":[87747],"_links":{"self":[{"href":"https:\/\/popcards.nl\/fr\/wp-json\/wp\/v2\/product\/54087","targetHints":{"allow":["GET"]}}],"collection":[{"href":"https:\/\/popcards.nl\/fr\/wp-json\/wp\/v2\/product"}],"about":[{"href":"https:\/\/popcards.nl\/fr\/wp-json\/wp\/v2\/types\/product"}],"replies":[{"embeddable":true,"href":"https:\/\/popcards.nl\/fr\/wp-json\/wp\/v2\/comments?post=54087"}],"wp:featuredmedia":[{"embeddable":true,"href":"https:\/\/popcards.nl\/fr\/wp-json\/wp\/v2\/media\/53805"}],"wp:attachment":[{"href":"https:\/\/popcards.nl\/fr\/wp-json\/wp\/v2\/media?parent=54087"}],"wp:term":[{"taxonomy":"product_brand","embeddable":true,"href":"https:\/\/popcards.nl\/fr\/wp-json\/wp\/v2\/product_brand?post=54087"},{"taxonomy":"product_cat","embeddable":true,"href":"https:\/\/popcards.nl\/fr\/wp-json\/wp\/v2\/product_cat?post=54087"},{"taxonomy":"product_tag","embeddable":true,"href":"https:\/\/popcards.nl\/fr\/wp-json\/wp\/v2\/product_tag?post=54087"}],"curies":[{"name":"wp","href":"https:\/\/api.w.org\/{rel}","templated":true}]}}