{"id":54126,"date":"2023-03-26T21:01:49","date_gmt":"2023-03-26T19:01:49","guid":{"rendered":"https:\/\/popcards.nl\/?post_type=product&#038;p=54126"},"modified":"2026-03-10T21:50:56","modified_gmt":"2026-03-10T20:50:56","slug":"carte-pop-up-grande-fleur-bouquet-roses-jaunes-roses","status":"publish","type":"product","link":"https:\/\/popcards.nl\/fr\/product\/grote-bloemen-pop-up-kaart-bos-gele-roze-rozen\/","title":{"rendered":"Grande carte pop-up avec un bouquet de roses jaunes et roses"},"content":{"rendered":"<p>Vous cherchez un cadeau sp\u00e9cial pour une occasion sp\u00e9ciale? Alors vous l&#039;avez trouv\u00e9 avec cette belle carte pop-up avec un bouquet plein de fleurs ! Cette grande et luxueuse Popcard est plus qu&#039;une simple carte de v\u0153ux. Il est sp\u00e9cialement con\u00e7u pour se d\u00e9marquer et laisser une impression durable. Ouvrez la carte et vous serez enchant\u00e9 par la belle repr\u00e9sentation tridimensionnelle d&#039;un bouquet de roses jaunes et roses. Les roses semblent presque r\u00e9elles, avec chaque p\u00e9tale et chaque p\u00e9tale soigneusement coup\u00e9s et fa\u00e7onn\u00e9s pour cr\u00e9er cette sc\u00e8ne vibrante et color\u00e9e.<\/p>\n<p>Cette carte de v\u0153ux est parfaite pour toutes les occasions, des anniversaires aux remerciements et d\u00e9clarations d&#039;amour. C&#039;est aussi un excellent moyen de remonter le moral d&#039;une personne malade ou simplement de montrer \u00e0 quel point vous tenez \u00e0 elle. La carte est livr\u00e9e avec une belle carte d&#039;\u00e9criture s\u00e9par\u00e9e, sur laquelle vous pouvez \u00e9crire votre propre message personnel. La carte est facile \u00e0 envoyer pli\u00e9e \u00e0 plat dans l&#039;enveloppe jointe, ce qui en fait une merveilleuse surprise pour quelqu&#039;un qui habite loin.<\/p>\n<p>Que vous recherchiez un cadeau unique ou simplement une fa\u00e7on sp\u00e9ciale d&#039;exprimer vos sentiments, cette carte pop-up avec un bouquet de roses impressionnera \u00e0 coup s\u00fbr. Commandez aujourd&#039;hui et faites sourire le destinataire !<a href=\"https:\/\/popcards.nl\/fr\/categorie\/fleurs-cartes-de-voeux\/\"> Nous avons beaucoup plus de belles Popcards florales.<\/a><\/p>\n<p>Taille de la carte 30 \u00d7 20 cm, pli\u00e9e \u00e0 15 \u00d7 20 cm. Avec carte s\u00e9par\u00e9e pour votre texte.<br \/>\nY compris l&#039;enveloppe de couleur or, emball\u00e9e dans un sac en cellophane.<\/p>","protected":false},"excerpt":{"rendered":"<p>Ben je op zoek naar een bijzonder cadeau voor een speciale gelegenheid? Dan heb je dat gevonden met deze prachtige pop-up kaart met een volle bos bloemen! Deze grote en luxe Popcard is meer dan alleen een wenskaart. Hij is speciaal ontworpen om op te vallen en een blijvende indruk achter te laten. Open de [&hellip;]<\/p>\n","protected":false},"featured_media":53804,"comment_status":"open","ping_status":"closed","template":"","meta":{"_iconic_wsb_product_page_order_bump_ids":[[]],"_sku":["8785253684666"],"_iconic_wsb_product_page_bump_modal_ids":[[]]},"product_brand":[],"product_cat":[47],"product_tag":[48],"class_list":{"0":"post-54126","1":"product","2":"type-product","3":"status-publish","4":"has-post-thumbnail","6":"product_cat-bloemen-bloemenkaarten-wenskaarten","7":"product_tag-bloemen","8":"pa_brand-popcards","10":"first","11":"outofstock","12":"taxable","13":"shipping-taxable","14":"purchasable","15":"product-type-simple"},"gallery_images":[85993],"_links":{"self":[{"href":"https:\/\/popcards.nl\/fr\/wp-json\/wp\/v2\/product\/54126","targetHints":{"allow":["GET"]}}],"collection":[{"href":"https:\/\/popcards.nl\/fr\/wp-json\/wp\/v2\/product"}],"about":[{"href":"https:\/\/popcards.nl\/fr\/wp-json\/wp\/v2\/types\/product"}],"replies":[{"embeddable":true,"href":"https:\/\/popcards.nl\/fr\/wp-json\/wp\/v2\/comments?post=54126"}],"wp:featuredmedia":[{"embeddable":true,"href":"https:\/\/popcards.nl\/fr\/wp-json\/wp\/v2\/media\/53804"}],"wp:attachment":[{"href":"https:\/\/popcards.nl\/fr\/wp-json\/wp\/v2\/media?parent=54126"}],"wp:term":[{"taxonomy":"product_brand","embeddable":true,"href":"https:\/\/popcards.nl\/fr\/wp-json\/wp\/v2\/product_brand?post=54126"},{"taxonomy":"product_cat","embeddable":true,"href":"https:\/\/popcards.nl\/fr\/wp-json\/wp\/v2\/product_cat?post=54126"},{"taxonomy":"product_tag","embeddable":true,"href":"https:\/\/popcards.nl\/fr\/wp-json\/wp\/v2\/product_tag?post=54126"}],"curies":[{"name":"wp","href":"https:\/\/api.w.org\/{rel}","templated":true}]}}