{"id":54135,"date":"2023-03-26T22:58:30","date_gmt":"2023-03-26T20:58:30","guid":{"rendered":"https:\/\/popcards.nl\/?post_type=product&#038;p=54135"},"modified":"2026-04-26T08:35:20","modified_gmt":"2026-04-26T06:35:20","slug":"carte-pop-up-rose-voiture-coeurs-ballons-amour","status":"publish","type":"product","link":"https:\/\/popcards.nl\/fr\/product\/roze-auto-hartjes-ballonnen-love-pop-up-kaart\/","title":{"rendered":"Voiture rose joyeuse pleine de coeurs, de ballons et de cadeaux | Carte pop-up d&#039;amour"},"content":{"rendered":"<p>Entrez et laissez-vous surprendre par cette fantastique carte pop-up avec une voiture rose pleine de c\u0153urs, de ballons et de cadeaux ! Avec sa plaque d&#039;immatriculation accrocheuse qui lit &quot;LOVE&quot;, cette grande carte de v\u0153ux est parfaite pour offrir \u00e0 quelqu&#039;un que vous aimez.<\/p>\n<p>Cette carte pop-up est plus qu&#039;une simple salutation ; c&#039;est un cadeau en soi. Lorsque vous ouvrez la carte, la sympathique voiture prend vie avec une explosion de ballons color\u00e9s et de cadeaux. C&#039;est une fa\u00e7on festive et joyeuse de f\u00e9liciter quelqu&#039;un pour un anniversaire, un mariage, des fian\u00e7ailles ou toute autre occasion sp\u00e9ciale. Ou pour annoncer votre propre mariage.<\/p>\n<p>La carte de v\u0153ux est livr\u00e9e avec une carte d&#039;\u00e9criture s\u00e9par\u00e9e sur laquelle vous pouvez \u00e9crire votre texte personnel. <a href=\"https:\/\/popcards.nl\/fr\/categorie\/cartes-damour-valentines\/\">Nous avons encore plus de cartes pop-up aimantes.<\/a><\/p>\n<p>Taille de la carte 30 \u00d7 20 cm, pli\u00e9e \u00e0 15 \u00d7 20 cm. Avec carte s\u00e9par\u00e9e pour votre texte.<br \/>\nY compris l&#039;enveloppe de couleur or, emball\u00e9e dans un sac en cellophane.<\/p>","protected":false},"excerpt":{"rendered":"<p>Stap in en laat je verrassen door deze fantastische pop-up kaart met een roze auto vol hartjes, ballonnen en cadeaus! Met zijn opvallende nummerbord met daarop &#8220;LOVE&#8221; is deze grote wenskaart perfect om te geven aan iemand die je liefhebt. Deze pop-up kaart is meer dan alleen een simpele groet; het is een cadeau op [&hellip;]<\/p>\n","protected":false},"featured_media":53808,"comment_status":"open","ping_status":"closed","template":"","meta":{"_iconic_wsb_product_page_order_bump_ids":[[]],"_sku":["8785253684468"],"_iconic_wsb_product_page_bump_modal_ids":[[]]},"product_brand":[],"product_cat":[27,17],"product_tag":[110,56],"class_list":{"0":"post-54135","1":"product","2":"type-product","3":"status-publish","4":"has-post-thumbnail","6":"product_cat-liefde-liefdeskaarten-valentijnskaarten","7":"product_cat-voertuigen-schip-trein-vliegtuig-auto-fiets","8":"product_tag-auto","9":"product_tag-love","10":"pa_brand-popcards","12":"first","13":"instock","14":"taxable","15":"shipping-taxable","16":"purchasable","17":"product-type-simple"},"gallery_images":[53809,85954],"_links":{"self":[{"href":"https:\/\/popcards.nl\/fr\/wp-json\/wp\/v2\/product\/54135","targetHints":{"allow":["GET"]}}],"collection":[{"href":"https:\/\/popcards.nl\/fr\/wp-json\/wp\/v2\/product"}],"about":[{"href":"https:\/\/popcards.nl\/fr\/wp-json\/wp\/v2\/types\/product"}],"replies":[{"embeddable":true,"href":"https:\/\/popcards.nl\/fr\/wp-json\/wp\/v2\/comments?post=54135"}],"wp:featuredmedia":[{"embeddable":true,"href":"https:\/\/popcards.nl\/fr\/wp-json\/wp\/v2\/media\/53808"}],"wp:attachment":[{"href":"https:\/\/popcards.nl\/fr\/wp-json\/wp\/v2\/media?parent=54135"}],"wp:term":[{"taxonomy":"product_brand","embeddable":true,"href":"https:\/\/popcards.nl\/fr\/wp-json\/wp\/v2\/product_brand?post=54135"},{"taxonomy":"product_cat","embeddable":true,"href":"https:\/\/popcards.nl\/fr\/wp-json\/wp\/v2\/product_cat?post=54135"},{"taxonomy":"product_tag","embeddable":true,"href":"https:\/\/popcards.nl\/fr\/wp-json\/wp\/v2\/product_tag?post=54135"}],"curies":[{"name":"wp","href":"https:\/\/api.w.org\/{rel}","templated":true}]}}