{"id":55087,"date":"2023-04-19T10:58:53","date_gmt":"2023-04-19T08:58:53","guid":{"rendered":"https:\/\/popcards.nl\/?post_type=product&#038;p=55087"},"modified":"2026-04-02T12:41:13","modified_gmt":"2026-04-02T10:41:13","slug":"carte-pop-up-voyage-le-monde-vacances-2","status":"publish","type":"product","link":"https:\/\/popcards.nl\/fr\/product\/reis-de-wereld-rond-vakantie-pop-up-kaart\/","title":{"rendered":"Parcourez le monde | Carte pop-up World Traveler Vacation"},"content":{"rendered":"<p>Vous cherchez la carte id\u00e9ale pour un ami ou un membre de la famille en voyage ? Qui n&#039;attend pas toujours avec impatience de merveilleuses prochaines vacances ? Peut-\u00eatre \u00eates-vous vous-m\u00eame le plus grand voyageur du monde ? Cette carte pop-up de vacances est la carte de v\u0153ux id\u00e9ale pour les passionn\u00e9s de voyage, v\u00e9ritables globe-trotters. Avec un design unique qui combine un avion, une valise, un globe et un appareil photo, cette carte est parfaite pour ceux qui recherchent toujours la prochaine aventure.<\/p>\n<p>Cette carte faite \u00e0 la main est non seulement belle \u00e0 regarder, mais aussi de haute qualit\u00e9 et de finition raffin\u00e9e. Un beau souvenir durable de vos aventures de voyage ou de quelqu&#039;un d&#039;autre. Vous venez en vacances ?!<\/p>\n<p>Cette carte peut \u00eatre utilis\u00e9e en toute occasion. Que vous souhaitiez envoyer un souhait d&#039;anniversaire, un remerciement ou des f\u00e9licitations, cette carte est garantie de mettre un sourire sur le visage du destinataire. Envoyez un morceau d&#039;aventure \u00e0 vos proches!<\/p>\n<p>Format carte 30 \u00d7 15 cm, pli\u00e9e en 15 \u00d7 15 cm.<br \/>\nY compris enveloppe assortie, emball\u00e9e dans un sac de cellophane.<\/p>","protected":false},"excerpt":{"rendered":"<p>Op zoek naar de perfecte kaart voor een reislustige vriend of familielid? Wie kijkt er niet altijd uit naar een heerlijke volgende vakantie? Misschien ben jij zelf wel de grootste wereldreiziger? Deze vakantie pop-up kaart is de ideale wenskaart voor reisliefhebbers, echte globetrotters. Met een uniek ontwerp dat een vliegtuig, koffer, wereldbol en camera combineert, [&hellip;]<\/p>\n","protected":false},"featured_media":54674,"comment_status":"open","ping_status":"closed","template":"","meta":{"_iconic_wsb_product_page_order_bump_ids":[[]],"_sku":["8945004309303"],"_iconic_wsb_product_page_bump_modal_ids":[[]]},"product_brand":[],"product_cat":[17,57],"product_tag":[257,133],"class_list":{"0":"post-55087","1":"product","2":"type-product","3":"status-publish","4":"has-post-thumbnail","6":"product_cat-voertuigen-schip-trein-vliegtuig-auto-fiets","7":"product_cat-uitnodigingen-uitnodigingskaarten-verjaardag-jubileum","8":"product_tag-verhuiskaart","9":"product_tag-vliegtuig","11":"first","12":"instock","13":"taxable","14":"shipping-taxable","15":"purchasable","16":"product-type-simple"},"gallery_images":[54673,71096],"_links":{"self":[{"href":"https:\/\/popcards.nl\/fr\/wp-json\/wp\/v2\/product\/55087","targetHints":{"allow":["GET"]}}],"collection":[{"href":"https:\/\/popcards.nl\/fr\/wp-json\/wp\/v2\/product"}],"about":[{"href":"https:\/\/popcards.nl\/fr\/wp-json\/wp\/v2\/types\/product"}],"replies":[{"embeddable":true,"href":"https:\/\/popcards.nl\/fr\/wp-json\/wp\/v2\/comments?post=55087"}],"wp:featuredmedia":[{"embeddable":true,"href":"https:\/\/popcards.nl\/fr\/wp-json\/wp\/v2\/media\/54674"}],"wp:attachment":[{"href":"https:\/\/popcards.nl\/fr\/wp-json\/wp\/v2\/media?parent=55087"}],"wp:term":[{"taxonomy":"product_brand","embeddable":true,"href":"https:\/\/popcards.nl\/fr\/wp-json\/wp\/v2\/product_brand?post=55087"},{"taxonomy":"product_cat","embeddable":true,"href":"https:\/\/popcards.nl\/fr\/wp-json\/wp\/v2\/product_cat?post=55087"},{"taxonomy":"product_tag","embeddable":true,"href":"https:\/\/popcards.nl\/fr\/wp-json\/wp\/v2\/product_tag?post=55087"}],"curies":[{"name":"wp","href":"https:\/\/api.w.org\/{rel}","templated":true}]}}