{"id":55153,"date":"2023-04-20T15:03:24","date_gmt":"2023-04-20T13:03:24","guid":{"rendered":"https:\/\/popcards.nl\/?post_type=product&#038;p=55153"},"modified":"2025-10-13T10:10:36","modified_gmt":"2025-10-13T08:10:36","slug":"carte-pop-up-fleurs-de-lys-rouges-dans-un-panier","status":"publish","type":"product","link":"https:\/\/popcards.nl\/fr\/product\/rode-lelies-in-mandje-bloemen-pop-up-kaart\/","title":{"rendered":"Carte de voeux pop-up Lys rouges dans un panier de fleurs"},"content":{"rendered":"<p>Une belle fa\u00e7on de surprendre quelqu&#039;un ! Cette belle carte pop-up avec un grand bouquet de lys rouges dans un panier est le cadeau que vous recherchez.<\/p>\n<p>Lorsque vous ouvrez la carte de v\u0153ux, les lys sautent imm\u00e9diatement dans toute leur splendeur. C&#039;est vraiment un beau spectacle de voir ces belles fleurs en pleine floraison. Le panier dans lequel les fleurs sont plac\u00e9es a \u00e9galement \u00e9t\u00e9 travaill\u00e9 en d\u00e9tail, de sorte qu&#039;il semble que vous puissiez toucher les fleurs.<\/p>\n<p>C&#039;est le moyen id\u00e9al pour surprendre quelqu&#039;un et exprimer vos sentiments. Que ce soit pour un anniversaire, un mariage, la f\u00eate des m\u00e8res ou simplement parce que, cette carte sera re\u00e7ue avec une grande joie. Un sourire surpris chez le destinataire est garanti !<\/p>\n<p>Vous pouvez \u00e9crire un message personnel \u00e0 l&#039;int\u00e9rieur. \u00c9crivez votre c\u0153ur et rendez cette carte encore plus sp\u00e9ciale pour le destinataire. C&#039;est le moyen id\u00e9al de surprendre quelqu&#039;un et de lui faire savoir \u00e0 quel point vous l&#039;aimez.<\/p>\n<p><a href=\"https:\/\/popcards.nl\/fr\/categorie\/fleurs-cartes-de-voeux\/\">Popcards a encore plus de cartes pop-up de fleurs.<\/a><\/p>\n<p>Taille de la carte 30 x 15 cm, pli\u00e9e \u00e0 15 x 15 cm.<br \/>\nY compris enveloppe assortie, emball\u00e9e dans un sac de cellophane.<\/p>","protected":false},"excerpt":{"rendered":"<p>Een leuke manier om iemand te verrassen! Deze prachtige pop-up kaart met daarop een grote bos rode lelies in een mandje is h\u00e9t cadeau dat je zoekt. Wanneer je de wenskaart opent, springen de lelies direct omhoog in volle glorie. Het is werkelijk een schitterend gezicht om te zien hoe deze prachtige bloemen in volle [&hellip;]<\/p>\n","protected":false},"featured_media":54943,"comment_status":"open","ping_status":"closed","template":"","meta":{"_iconic_wsb_product_page_order_bump_ids":[[]],"_sku":["8785253685137"],"_iconic_wsb_product_page_bump_modal_ids":[[]]},"product_brand":[],"product_cat":[47,78],"product_tag":[48],"class_list":{"0":"post-55153","1":"product","2":"type-product","3":"status-publish","4":"has-post-thumbnail","6":"product_cat-bloemen-bloemenkaarten-wenskaarten","7":"product_cat-beterschapskaarten-troostkaarten-condoleancekaarten","8":"product_tag-bloemen","9":"pa_brand-popcards","11":"first","12":"outofstock","13":"taxable","14":"shipping-taxable","15":"purchasable","16":"product-type-simple"},"gallery_images":[70223],"_links":{"self":[{"href":"https:\/\/popcards.nl\/fr\/wp-json\/wp\/v2\/product\/55153","targetHints":{"allow":["GET"]}}],"collection":[{"href":"https:\/\/popcards.nl\/fr\/wp-json\/wp\/v2\/product"}],"about":[{"href":"https:\/\/popcards.nl\/fr\/wp-json\/wp\/v2\/types\/product"}],"replies":[{"embeddable":true,"href":"https:\/\/popcards.nl\/fr\/wp-json\/wp\/v2\/comments?post=55153"}],"wp:featuredmedia":[{"embeddable":true,"href":"https:\/\/popcards.nl\/fr\/wp-json\/wp\/v2\/media\/54943"}],"wp:attachment":[{"href":"https:\/\/popcards.nl\/fr\/wp-json\/wp\/v2\/media?parent=55153"}],"wp:term":[{"taxonomy":"product_brand","embeddable":true,"href":"https:\/\/popcards.nl\/fr\/wp-json\/wp\/v2\/product_brand?post=55153"},{"taxonomy":"product_cat","embeddable":true,"href":"https:\/\/popcards.nl\/fr\/wp-json\/wp\/v2\/product_cat?post=55153"},{"taxonomy":"product_tag","embeddable":true,"href":"https:\/\/popcards.nl\/fr\/wp-json\/wp\/v2\/product_tag?post=55153"}],"curies":[{"name":"wp","href":"https:\/\/api.w.org\/{rel}","templated":true}]}}