{"id":55273,"date":"2023-04-24T12:40:58","date_gmt":"2023-04-24T10:40:58","guid":{"rendered":"https:\/\/popcards.nl\/?post_type=product&#038;p=55273"},"modified":"2025-12-24T18:20:32","modified_gmt":"2025-12-24T17:20:32","slug":"carte-de-noel-pere-noel-renne-dans-lune","status":"publish","type":"product","link":"https:\/\/popcards.nl\/fr\/product\/kerstkaart-kerstman-rendieren-in-maneschijn\/","title":{"rendered":"Carte de No\u00ebl atmosph\u00e9rique P\u00e8re No\u00ebl avec renne dans la carte pop-up moonshine"},"content":{"rendered":"<p>Cette carte de No\u00ebl pop-up prend vie avec un paysage hivernal qui ressemble tout droit \u00e0 un conte de f\u00e9es. La nuit est tomb\u00e9e et la lune brille de mille feux dans le ciel. Nous voyons le P\u00e8re No\u00ebl avec ses rennes se frayer un chemin \u00e0 travers les collines enneig\u00e9es.<\/p>\n<p>L&#039;image est enchanteresse. Le tra\u00eeneau du P\u00e8re No\u00ebl est rempli de cadeaux color\u00e9s. Le quartier est calme et paisible, les seuls bruits \u00e9tant le tintement des cloches des rennes et le craquement de la neige sous leurs sabots. Au loin, nous voyons une maison joliment \u00e9clair\u00e9e par des bougies et des lumi\u00e8res. Et un joyeux bonhomme de neige.<\/p>\n<p>La carte de No\u00ebl d\u00e9gage chaleur et confort, un sentiment d&#039;unit\u00e9 et de paix. C&#039;est comme si vous faisiez vous-m\u00eame partie de cette sc\u00e8ne magique et partiez \u00e0 l&#039;aventure avec le P\u00e8re No\u00ebl et ses rennes. Une mani\u00e8re parfaite d&#039;introduire l&#039;atmosph\u00e8re de No\u00ebl dans votre maison et de c\u00e9l\u00e9brer les f\u00eates d&#039;une mani\u00e8re atmosph\u00e9rique.<\/p>\n<p>Cette belle carte de v\u0153ux 3D a une surface mate en velours noir et une carte d&#039;\u00e9criture s\u00e9par\u00e9e sur laquelle vous pouvez \u00e9crire un joli texte pour l&#039;heureux destinataire.<\/p>\n<p>Taille de la carte 21 \u00d7 28 cm, pli\u00e9e \u00e0 21 \u00d7 14 cm.<br \/>\nY compris enveloppe assortie, emball\u00e9e dans un sac de cellophane.<\/p>","protected":false},"excerpt":{"rendered":"<p>Deze pop-up kerstkaart komt tot leven met een winterlandschap dat zo uit een sprookjesboek lijkt te komen. De nacht is gevallen en de maan schijnt helder aan de hemel. We zien de kerstman met zijn rendieren, die zich een weg banen door de besneeuwde heuvels. Het beeld is betoverend. De slee van de kerstman is [&hellip;]<\/p>\n","protected":false},"featured_media":4002,"comment_status":"open","ping_status":"closed","template":"","meta":{"_iconic_wsb_product_page_order_bump_ids":[[]],"_sku":["8785253684963"],"_iconic_wsb_product_page_bump_modal_ids":[[]]},"product_brand":[],"product_cat":[79],"product_tag":[131],"class_list":{"0":"post-55273","1":"product","2":"type-product","3":"status-publish","4":"has-post-thumbnail","6":"product_cat-de-top-10-mooiste-kerstkaarten","7":"product_tag-kerst","9":"first","10":"instock","11":"sale","12":"taxable","13":"shipping-taxable","14":"purchasable","15":"product-type-simple"},"gallery_images":[76010,3485,3486,3487,3484],"_links":{"self":[{"href":"https:\/\/popcards.nl\/fr\/wp-json\/wp\/v2\/product\/55273","targetHints":{"allow":["GET"]}}],"collection":[{"href":"https:\/\/popcards.nl\/fr\/wp-json\/wp\/v2\/product"}],"about":[{"href":"https:\/\/popcards.nl\/fr\/wp-json\/wp\/v2\/types\/product"}],"replies":[{"embeddable":true,"href":"https:\/\/popcards.nl\/fr\/wp-json\/wp\/v2\/comments?post=55273"}],"wp:featuredmedia":[{"embeddable":true,"href":"https:\/\/popcards.nl\/fr\/wp-json\/wp\/v2\/media\/4002"}],"wp:attachment":[{"href":"https:\/\/popcards.nl\/fr\/wp-json\/wp\/v2\/media?parent=55273"}],"wp:term":[{"taxonomy":"product_brand","embeddable":true,"href":"https:\/\/popcards.nl\/fr\/wp-json\/wp\/v2\/product_brand?post=55273"},{"taxonomy":"product_cat","embeddable":true,"href":"https:\/\/popcards.nl\/fr\/wp-json\/wp\/v2\/product_cat?post=55273"},{"taxonomy":"product_tag","embeddable":true,"href":"https:\/\/popcards.nl\/fr\/wp-json\/wp\/v2\/product_tag?post=55273"}],"curies":[{"name":"wp","href":"https:\/\/api.w.org\/{rel}","templated":true}]}}