{"id":57571,"date":"2023-06-12T22:28:54","date_gmt":"2023-06-12T20:28:54","guid":{"rendered":"https:\/\/popcards.nl\/?post_type=product&#038;p=57571"},"modified":"2026-04-26T15:39:13","modified_gmt":"2026-04-26T13:39:13","slug":"carte-de-voeux-dauphin-pop-up-pop-up","status":"publish","type":"product","link":"https:\/\/popcards.nl\/fr\/product\/uit-golven-springende-dolfijn-pop-up-wenskaart\/","title":{"rendered":"Flipper! Dauphin sautant hors des vagues avec ourson et surfeur | Carte contextuelle"},"content":{"rendered":"<p>Les dauphins sont connus comme des animaux tr\u00e8s intelligents et sociaux. Les dauphins symbolisent la communication, l&#039;intelligence, le jeu et la libert\u00e9.<\/p>\n<p>Les dauphins ne sont pas des poissons, mais des mammif\u00e8res qui vivent dans la mer. Ils respirent par leur \u00e9vent au sommet de leur t\u00eate, qui est ferm\u00e9 sous l&#039;eau par une puissante valve qui s&#039;ouvre pour inspirer et expirer lorsqu&#039;un dauphin fait surface. Il existe environ 36 esp\u00e8ces de dauphins.<\/p>\n<p>Les scientifiques placent les dauphins directement sous les humains en termes d&#039;intelligence. Ils doivent cette deuxi\u00e8me place \u00e0 leur cerveau relativement gros par rapport \u00e0 leur corps, et \u00e0 leur capacit\u00e9 \u00e0 ressentir des \u00e9motions complexes et \u00e0 se reconna\u00eetre dans un miroir. En partie \u00e0 cause de leur intelligence, les dauphins sont des animaux sociaux, vivant en groupes allant jusqu&#039;\u00e0 des dizaines d&#039;animaux individuels. Les dauphins communiquent entre eux en \u00e9mettant une vari\u00e9t\u00e9 de sons, tels que des clics et des sifflements. Une combinaison de curiosit\u00e9 et de nature ludique du dauphin garantit qu&#039;il a \u00e9galement des contacts fr\u00e9quents avec d&#039;autres esp\u00e8ces animales, y compris les humains. On observe souvent que les dauphins nagent avec des bateaux.<\/p>\n<p>Les dauphins \u00e9tablissent des liens sociaux solides les uns avec les autres; ils resteront avec des cong\u00e9n\u00e8res bless\u00e9s ou malades, aidant m\u00eame \u00e0 respirer en les ramenant \u00e0 la surface en cas de besoin. Les dauphins ont \u00e9galement prot\u00e9g\u00e9 les nageurs des requins en nageant en cercles pour chasser les nageurs ou en chassant les requins.<\/p>\n<p><strong>Grande carte format 30\u00d720 cm, pli\u00e9e en 15\u00d720 cm.<\/strong><br \/>\nEmball\u00e9 dans un sac cellophane. Avec carte s\u00e9par\u00e9e pour votre texte.<\/p>\n<p>Y compris l&#039;enveloppe chic assortie en 2 nuances de bleu, avec fermeture en forme de c\u0153ur. Vous pouvez bien \u00e9crire sur l&#039;enveloppe avec un crayon blanc, un stylo dor\u00e9 ou argent\u00e9. Vous pouvez \u00e9galement utiliser l&#039;\u00e9tiquette autocollante jointe pour l&#039;adressage. <a href=\"https:\/\/popcards.nl\/fr\/balise-product\/poisson\/\">N&#039;h\u00e9sitez pas \u00e0 jeter un \u0153il \u00e0 nos autres cartes pop-up d&#039;animaux qui vivent dans la mer.<\/a><\/p>","protected":false},"excerpt":{"rendered":"<p>Dolfijnen staan bekend als zeer intelligente en sociale dieren. Dolfijnen staan symbool voor communicatie, intelligentie, spelen en vrijheid. Dolfijnen zijn geen vissen, maar zoogdieren die in de zee leven. Ze ademen door hun spuitgat boven op hun hoofd dat onder water wordt afgesloten door een krachtige klep die wordt geopend voor het in- en uitademen [&hellip;]<\/p>\n","protected":false},"featured_media":57378,"comment_status":"open","ping_status":"closed","template":"","meta":{"_iconic_wsb_product_page_order_bump_ids":[[]],"_sku":["8945004309365"],"_iconic_wsb_product_page_bump_modal_ids":[[]]},"product_brand":[],"product_cat":[21],"product_tag":[51,269],"class_list":{"0":"post-57571","1":"product","2":"type-product","3":"status-publish","4":"has-post-thumbnail","6":"product_cat-dieren-dierenkaarten-wenskaarten","7":"product_tag-dierentuin","8":"product_tag-vis","10":"first","11":"instock","12":"taxable","13":"shipping-taxable","14":"purchasable","15":"product-type-simple"},"gallery_images":[57377,70860],"_links":{"self":[{"href":"https:\/\/popcards.nl\/fr\/wp-json\/wp\/v2\/product\/57571","targetHints":{"allow":["GET"]}}],"collection":[{"href":"https:\/\/popcards.nl\/fr\/wp-json\/wp\/v2\/product"}],"about":[{"href":"https:\/\/popcards.nl\/fr\/wp-json\/wp\/v2\/types\/product"}],"replies":[{"embeddable":true,"href":"https:\/\/popcards.nl\/fr\/wp-json\/wp\/v2\/comments?post=57571"}],"wp:featuredmedia":[{"embeddable":true,"href":"https:\/\/popcards.nl\/fr\/wp-json\/wp\/v2\/media\/57378"}],"wp:attachment":[{"href":"https:\/\/popcards.nl\/fr\/wp-json\/wp\/v2\/media?parent=57571"}],"wp:term":[{"taxonomy":"product_brand","embeddable":true,"href":"https:\/\/popcards.nl\/fr\/wp-json\/wp\/v2\/product_brand?post=57571"},{"taxonomy":"product_cat","embeddable":true,"href":"https:\/\/popcards.nl\/fr\/wp-json\/wp\/v2\/product_cat?post=57571"},{"taxonomy":"product_tag","embeddable":true,"href":"https:\/\/popcards.nl\/fr\/wp-json\/wp\/v2\/product_tag?post=57571"}],"curies":[{"name":"wp","href":"https:\/\/api.w.org\/{rel}","templated":true}]}}