{"id":57855,"date":"2023-06-19T21:06:29","date_gmt":"2023-06-19T19:06:29","guid":{"rendered":"https:\/\/popcards.nl\/?post_type=product&#038;p=57855"},"modified":"2026-02-28T16:59:30","modified_gmt":"2026-02-28T15:59:30","slug":"carte-de-noel-speciale-3d-pop-up-arbre-de-noel","status":"publish","type":"product","link":"https:\/\/popcards.nl\/fr\/product\/bijzondere-kerstkaart-3d-pop-up-kerstboom\/","title":{"rendered":"Carte de No\u00ebl sp\u00e9ciale arbre de No\u00ebl 3D s\u00e9par\u00e9 avec carte pop-up de cadeaux"},"content":{"rendered":"<p>Quelle carte de No\u00ebl sp\u00e9ciale et amusante ! Un sapin de No\u00ebl en 3 dimensions compl\u00e8tement s\u00e9par\u00e9, entour\u00e9 de cadeaux color\u00e9s. Agr\u00e9able pour recevoir vos v\u0153ux de No\u00ebl et agr\u00e9able pour d\u00e9corer la table de No\u00ebl, par exemple. Comprend une carte de v\u0153ux s\u00e9par\u00e9e pour votre texte.<\/p>\n<p>Dimensions du sapin de No\u00ebl : 15 cm de haut x 12 cm de diam\u00e8tre. Avec carte s\u00e9par\u00e9e pour votre texte.<br \/>\nY compris l&#039;enveloppe chic assortie en 2 nuances de bleu, avec fermeture en forme de c\u0153ur.<br \/>\nVous pouvez bien \u00e9crire sur l&#039;enveloppe avec un crayon blanc, un stylo dor\u00e9 ou argent\u00e9.<\/p>\n<p>Vous pouvez \u00e9galement utiliser l&#039;\u00e9tiquette autocollante fournie pour l&#039;adressage. Emball\u00e9 dans un sachet cellophane.<\/p>\n<p><a href=\"https:\/\/popcards.nl\/fr\/categorie\/les-10-plus-belles-cartes-de-noel\/\">Popcards a beaucoup plus de belles cartes de No\u00ebl.<\/a><\/p>","protected":false},"excerpt":{"rendered":"<p>Wat een bijzondere en leuke kerstkaart! Een 3-dimensionaal geheel losstaand kerstboompje, omringd door kleurrijke cadeautjes. Leuk om te ontvangen met je goede kerstwensen en leuk om bijvoorbeeld de kersttafel mee te versieren. Inclusief los wenskaartje voor je tekst. Kerstboom formaat 15 cm hoog x 12 cm doorsnede. Met los kaartje voor je tekst. Inclusief bijpassende [&hellip;]<\/p>\n","protected":false},"featured_media":57373,"comment_status":"open","ping_status":"closed","template":"","meta":{"_iconic_wsb_product_page_order_bump_ids":[[]],"_sku":["8785253684888"],"_iconic_wsb_product_page_bump_modal_ids":[[]]},"product_brand":[],"product_cat":[79],"product_tag":[131],"class_list":{"0":"post-57855","1":"product","2":"type-product","3":"status-publish","4":"has-post-thumbnail","6":"product_cat-de-top-10-mooiste-kerstkaarten","7":"product_tag-kerst","9":"first","10":"instock","11":"taxable","12":"shipping-taxable","13":"purchasable","14":"product-type-simple"},"gallery_images":[76003],"_links":{"self":[{"href":"https:\/\/popcards.nl\/fr\/wp-json\/wp\/v2\/product\/57855","targetHints":{"allow":["GET"]}}],"collection":[{"href":"https:\/\/popcards.nl\/fr\/wp-json\/wp\/v2\/product"}],"about":[{"href":"https:\/\/popcards.nl\/fr\/wp-json\/wp\/v2\/types\/product"}],"replies":[{"embeddable":true,"href":"https:\/\/popcards.nl\/fr\/wp-json\/wp\/v2\/comments?post=57855"}],"wp:featuredmedia":[{"embeddable":true,"href":"https:\/\/popcards.nl\/fr\/wp-json\/wp\/v2\/media\/57373"}],"wp:attachment":[{"href":"https:\/\/popcards.nl\/fr\/wp-json\/wp\/v2\/media?parent=57855"}],"wp:term":[{"taxonomy":"product_brand","embeddable":true,"href":"https:\/\/popcards.nl\/fr\/wp-json\/wp\/v2\/product_brand?post=57855"},{"taxonomy":"product_cat","embeddable":true,"href":"https:\/\/popcards.nl\/fr\/wp-json\/wp\/v2\/product_cat?post=57855"},{"taxonomy":"product_tag","embeddable":true,"href":"https:\/\/popcards.nl\/fr\/wp-json\/wp\/v2\/product_tag?post=57855"}],"curies":[{"name":"wp","href":"https:\/\/api.w.org\/{rel}","templated":true}]}}