{"id":582,"date":"2018-11-02T01:01:15","date_gmt":"2018-11-02T00:01:15","guid":{"rendered":"https:\/\/popcards.nl\/?post_type=product&#038;p=582"},"modified":"2026-01-17T20:29:57","modified_gmt":"2026-01-17T19:29:57","slug":"licorne","status":"publish","type":"product","link":"https:\/\/popcards.nl\/fr\/product\/eenhoorn-met-regenboog-unicorn-pop-up-kaart\/","title":{"rendered":"Licorne avec arc-en-ciel | Carte de voeux pop-up licorne 3D"},"content":{"rendered":"<p>Carte de voeux 3D avec une licorne sautant par-dessus un arc-en-ciel. La licorne saute vers la libert\u00e9. Quelle carte pop-up merveilleusement symbolique.<\/p>\n<p>Format carte 24 \u00d7 17 cm, pli\u00e9e en 12 \u00d7 17 cm.<br \/>\nY compris enveloppe vierge assortie, emball\u00e9e dans du cellophane.<\/p>","protected":false},"excerpt":{"rendered":"<p>Carte de v\u0153ux 3D repr\u00e9sentant une licorne bondissant par-dessus un arc-en-ciel. La licorne s&#039;\u00e9lance vers la libert\u00e9. Une carte pop-up merveilleusement symbolique. Dimensions\u00a0: 24\u00a0x\u00a017\u00a0cm, pli\u00e9e \u00e0 12\u00a0x\u00a017\u00a0cm. Enveloppe vierge assortie incluse, sous cellophane.<\/p>","protected":false},"featured_media":36839,"comment_status":"open","ping_status":"closed","template":"","meta":{"_iconic_wsb_product_page_order_bump_ids":[[]],"_sku":["8945004309372"],"_iconic_wsb_product_page_bump_modal_ids":[[]]},"product_brand":[],"product_cat":[34,21,27],"product_tag":[132,136],"class_list":{"0":"post-582","1":"product","2":"type-product","3":"status-publish","4":"has-post-thumbnail","6":"product_cat-felicitatie-verjaardag-verjaardagskaarten","7":"product_cat-dieren-dierenkaarten-wenskaarten","8":"product_cat-liefde-liefdeskaarten-valentijnskaarten","9":"product_tag-dier","10":"product_tag-paarden","11":"pa_brand-popcards","13":"first","14":"outofstock","15":"taxable","16":"shipping-taxable","17":"purchasable","18":"product-type-simple"},"gallery_images":[70888],"_links":{"self":[{"href":"https:\/\/popcards.nl\/fr\/wp-json\/wp\/v2\/product\/582","targetHints":{"allow":["GET"]}}],"collection":[{"href":"https:\/\/popcards.nl\/fr\/wp-json\/wp\/v2\/product"}],"about":[{"href":"https:\/\/popcards.nl\/fr\/wp-json\/wp\/v2\/types\/product"}],"replies":[{"embeddable":true,"href":"https:\/\/popcards.nl\/fr\/wp-json\/wp\/v2\/comments?post=582"}],"wp:featuredmedia":[{"embeddable":true,"href":"https:\/\/popcards.nl\/fr\/wp-json\/wp\/v2\/media\/36839"}],"wp:attachment":[{"href":"https:\/\/popcards.nl\/fr\/wp-json\/wp\/v2\/media?parent=582"}],"wp:term":[{"taxonomy":"product_brand","embeddable":true,"href":"https:\/\/popcards.nl\/fr\/wp-json\/wp\/v2\/product_brand?post=582"},{"taxonomy":"product_cat","embeddable":true,"href":"https:\/\/popcards.nl\/fr\/wp-json\/wp\/v2\/product_cat?post=582"},{"taxonomy":"product_tag","embeddable":true,"href":"https:\/\/popcards.nl\/fr\/wp-json\/wp\/v2\/product_tag?post=582"}],"curies":[{"name":"wp","href":"https:\/\/api.w.org\/{rel}","templated":true}]}}