{"id":64951,"date":"2023-12-07T23:04:37","date_gmt":"2023-12-07T22:04:37","guid":{"rendered":"https:\/\/popcards.nl\/?post_type=product&#038;p=64951"},"modified":"2026-05-07T14:44:15","modified_gmt":"2026-05-07T12:44:15","slug":"carte-danniversaire-super-drole-avec-un-chat-confetti-qui-ronronne","status":"publish","type":"product","link":"https:\/\/popcards.nl\/fr\/product\/grappig-verjaardagskaart-spinnen-confetti-poes\/","title":{"rendered":"Carte d&#039;anniversaire super dr\u00f4le avec un chat confetti qui ronronne !"},"content":{"rendered":"<p>Humour! Sur le devant de cette carte pop-up, le chat souhaite au gar\u00e7on\/fille d&#039;anniversaire un \u00ab\u00a0Purrfect Birthday\u00a0!\u00a0\u00bb. Les chats ronronnent \u00ab ronronner\u2026\u2026 \u00bb lorsqu\u2019ils sont compl\u00e8tement satisfaits. Lorsque le destinataire ouvrira cette Popcard, il rira tellement ! Ce gentil chat coquin a une fa\u00e7on tr\u00e8s particuli\u00e8re de lancer des banderoles joyeuses et des confettis aux couleurs festives. \ud83d\ude42<\/p>\n<p><a href=\"https:\/\/popcards.nl\/fr\/product\/humour-carte-danniversaire-souriant-confettis-chien\/\">Nous avons \u00e9galement une carte d&#039;anniversaire amusante avec un chien \u00e0 confettis souriant !<\/a><\/p>\n<p>Format carte 26\u00d718 cm, pli\u00e9e \u00e0 13\u00d718 cm.<br \/>\nY compris enveloppe assortie, emball\u00e9e dans un sac de cellophane.<\/p>","protected":false},"excerpt":{"rendered":"<p>Humor! Op de voorkant van deze pop-up kaart wenst het poesje de jarige een \u201cPurrfect Birthday!\u201d. Poezen spinnen \u201cpurrrrr\u2026\u2026\u201d als ze helemaal content zijn. Als de ontvanger deze Popcard opent zal deze ontzettend moeten lachen! Deze leuke stoute kat heeft namelijk wel een h\u00e9\u00e9l bijzondere wijze om te strooien met vrolijke slingers en confetti in [&hellip;]<\/p>\n","protected":false},"featured_media":64952,"comment_status":"open","ping_status":"closed","template":"","meta":{"_iconic_wsb_product_page_order_bump_ids":[[]],"_sku":["8785253684772"],"_iconic_wsb_product_page_bump_modal_ids":[[]]},"product_brand":[],"product_cat":[34,21],"product_tag":[285,35,137],"class_list":{"0":"post-64951","1":"product","2":"type-product","3":"status-publish","4":"has-post-thumbnail","6":"product_cat-felicitatie-verjaardag-verjaardagskaarten","7":"product_cat-dieren-dierenkaarten-wenskaarten","8":"product_tag-humor","9":"product_tag-kat","10":"product_tag-verjaardag","12":"first","13":"instock","14":"taxable","15":"shipping-taxable","16":"purchasable","17":"product-type-simple"},"gallery_images":[76008],"_links":{"self":[{"href":"https:\/\/popcards.nl\/fr\/wp-json\/wp\/v2\/product\/64951","targetHints":{"allow":["GET"]}}],"collection":[{"href":"https:\/\/popcards.nl\/fr\/wp-json\/wp\/v2\/product"}],"about":[{"href":"https:\/\/popcards.nl\/fr\/wp-json\/wp\/v2\/types\/product"}],"replies":[{"embeddable":true,"href":"https:\/\/popcards.nl\/fr\/wp-json\/wp\/v2\/comments?post=64951"}],"wp:featuredmedia":[{"embeddable":true,"href":"https:\/\/popcards.nl\/fr\/wp-json\/wp\/v2\/media\/64952"}],"wp:attachment":[{"href":"https:\/\/popcards.nl\/fr\/wp-json\/wp\/v2\/media?parent=64951"}],"wp:term":[{"taxonomy":"product_brand","embeddable":true,"href":"https:\/\/popcards.nl\/fr\/wp-json\/wp\/v2\/product_brand?post=64951"},{"taxonomy":"product_cat","embeddable":true,"href":"https:\/\/popcards.nl\/fr\/wp-json\/wp\/v2\/product_cat?post=64951"},{"taxonomy":"product_tag","embeddable":true,"href":"https:\/\/popcards.nl\/fr\/wp-json\/wp\/v2\/product_tag?post=64951"}],"curies":[{"name":"wp","href":"https:\/\/api.w.org\/{rel}","templated":true}]}}