{"id":65074,"date":"2023-12-09T16:26:09","date_gmt":"2023-12-09T15:26:09","guid":{"rendered":"https:\/\/popcards.nl\/?post_type=product&#038;p=65074"},"modified":"2026-04-16T16:17:12","modified_gmt":"2026-04-16T14:17:12","slug":"carte-de-voeux-3d-anniversaire-gateau-danniversaire-festif","status":"publish","type":"product","link":"https:\/\/popcards.nl\/fr\/product\/feestelijk-verjaardagstaart-jarig-3d-wenskaart\/","title":{"rendered":"Carte de v\u0153ux pop-up 3D pour g\u00e2teau d&#039;anniversaire festif"},"content":{"rendered":"<p>Ce g\u00e2teau d&#039;anniversaire festif ne fera pas grossir, mais il vous rendra tr\u00e8s heureux ! \ud83d\ude00<\/p>\n<p>Le devant est rouge scintillant avec une illustration d\u00e9coup\u00e9e au laser. Lorsque vous ouvrez la carte, un magnifique g\u00e2teau avec des \u00e9toiles et des friandises se r\u00e9v\u00e8le. La bouteille de champagne avec ses verres fait de cette carte \u00e9galement une jolie carte d&#039;anniversaire pour les adultes. Ils aimeraient \u00e9galement \u00eatre f\u00e9licit\u00e9s avec une si jolie Popcard color\u00e9e ! Mais peut-\u00eatre s&#039;agit-il de champagne pour enfants, alors le menu convient bien s\u00fbr \u00e9galement aux enfants f\u00eat\u00e9s.<\/p>\n<p>Format carte 30\u00d715 cm, pli\u00e9e \u00e0 15\u00d715 cm. Emball\u00e9 dans un sachet cellophane. Avec carte s\u00e9par\u00e9e pour votre texte. Comprend une enveloppe chic assortie en 2 tons de bleu, avec fermeture en forme de c\u0153ur. Vous pouvez joliment \u00e9crire sur l&#039;enveloppe avec un crayon blanc, un stylo dor\u00e9 ou argent\u00e9. Vous pouvez \u00e9galement utiliser l&#039;\u00e9tiquette autocollante fournie pour l&#039;adressage.<\/p>","protected":false},"excerpt":{"rendered":"<p>Van deze feestelijke verjaardagstaart word je niet dik maar wel heel blij! \ud83d\ude00 De voorkant is sprankelend rood met een door de laser uitgesneden illustratie. Als je de kaart opent ontpopt zich een prachtige taart met sterren en lekkernijen. Door de champagnefles met glazen is deze kaart ook een leuke verjaardagskaart voor volwassenen. Ook die [&hellip;]<\/p>\n","protected":false},"featured_media":64649,"comment_status":"open","ping_status":"closed","template":"","meta":{"_iconic_wsb_product_page_order_bump_ids":[[]],"_sku":["8785253683195"],"_iconic_wsb_product_page_bump_modal_ids":[[]]},"product_brand":[],"product_cat":[34],"product_tag":[246],"class_list":{"0":"post-65074","1":"product","2":"type-product","3":"status-publish","4":"has-post-thumbnail","6":"product_cat-felicitatie-verjaardag-verjaardagskaarten","7":"product_tag-taart","9":"first","10":"instock","11":"taxable","12":"shipping-taxable","13":"purchasable","14":"product-type-simple"},"gallery_images":[65076,70059],"_links":{"self":[{"href":"https:\/\/popcards.nl\/fr\/wp-json\/wp\/v2\/product\/65074","targetHints":{"allow":["GET"]}}],"collection":[{"href":"https:\/\/popcards.nl\/fr\/wp-json\/wp\/v2\/product"}],"about":[{"href":"https:\/\/popcards.nl\/fr\/wp-json\/wp\/v2\/types\/product"}],"replies":[{"embeddable":true,"href":"https:\/\/popcards.nl\/fr\/wp-json\/wp\/v2\/comments?post=65074"}],"wp:featuredmedia":[{"embeddable":true,"href":"https:\/\/popcards.nl\/fr\/wp-json\/wp\/v2\/media\/64649"}],"wp:attachment":[{"href":"https:\/\/popcards.nl\/fr\/wp-json\/wp\/v2\/media?parent=65074"}],"wp:term":[{"taxonomy":"product_brand","embeddable":true,"href":"https:\/\/popcards.nl\/fr\/wp-json\/wp\/v2\/product_brand?post=65074"},{"taxonomy":"product_cat","embeddable":true,"href":"https:\/\/popcards.nl\/fr\/wp-json\/wp\/v2\/product_cat?post=65074"},{"taxonomy":"product_tag","embeddable":true,"href":"https:\/\/popcards.nl\/fr\/wp-json\/wp\/v2\/product_tag?post=65074"}],"curies":[{"name":"wp","href":"https:\/\/api.w.org\/{rel}","templated":true}]}}