{"id":65552,"date":"2023-12-15T13:02:14","date_gmt":"2023-12-15T12:02:14","guid":{"rendered":"https:\/\/popcards.nl\/?post_type=product&#038;p=65552"},"modified":"2026-04-15T14:04:02","modified_gmt":"2026-04-15T12:04:02","slug":"carte-pop-up-de-jonquilles-roses-dans-les-fleurs-des-champs","status":"publish","type":"product","link":"https:\/\/popcards.nl\/fr\/product\/roze-narcissen-in-veld-bloemen-pop-up-kaart\/","title":{"rendered":"Jonquilles roses sur le terrain | Carte pop-up fleurie"},"content":{"rendered":"<p>Le devant est d&#039;un rouge \u00e9tincelant avec une subtile illustration d\u00e9coup\u00e9e au laser de jonquilles et de papillons roses. Lorsque vous ouvrez la carte, une belle composition de jonquilles roses dans leur propre vert se r\u00e9v\u00e8le. Le fond des jonquilles est un tapis vert joliment d\u00e9coup\u00e9. La subtile combinaison de couleurs vert et rose et la belle composition conf\u00e8rent \u00e0 cette Popcard un aspect distingu\u00e9 et calme. Cette carte est donc \u00e9galement tr\u00e8s adapt\u00e9e comme carte de condol\u00e9ances. Il y a suffisamment d&#039;espace sur la carte pour un texte joyeux ou r\u00e9confortant, mais il y a aussi une petite carte s\u00e9par\u00e9e sur laquelle vous pouvez \u00e9crire votre texte personnel.<\/p>\n<p>Dites-le avec des fleurs! <a href=\"https:\/\/popcards.nl\/fr\/categorie\/fleurs-cartes-de-voeux\/\">Popcards a beaucoup plus de cartes pop-up de fleurs.<\/a><\/p>\n<p>Format carte 30\u00d715 cm, pli\u00e9e \u00e0 15\u00d715 cm. Emball\u00e9 dans un sachet cellophane. Avec carte s\u00e9par\u00e9e pour votre texte. Comprend une enveloppe chic assortie en 2 tons de bleu, avec fermeture en forme de c\u0153ur. Vous pouvez joliment \u00e9crire sur l&#039;enveloppe avec un crayon blanc, un stylo dor\u00e9 ou argent\u00e9. Vous pouvez \u00e9galement utiliser l&#039;\u00e9tiquette autocollante fournie pour l&#039;adressage.<\/p>","protected":false},"excerpt":{"rendered":"<p>De voorkant is sprankelend rood met een door de laser uitgesneden subtiele illustratie van roze narcissen en vlindertjes. Als je de kaart opent ontpopt zich een fraaie compositie van roze narcissen in hun eigen groen. De ondergrond van de narcissen is een prachtig uitgesneden groene mat. Door de subtiele kleurencombinatie groen en roze, en de [&hellip;]<\/p>\n","protected":false},"featured_media":64648,"comment_status":"open","ping_status":"closed","template":"","meta":{"_iconic_wsb_product_page_order_bump_ids":[[]],"_sku":["8785253684260"],"_iconic_wsb_product_page_bump_modal_ids":[[]]},"product_brand":[],"product_cat":[47],"product_tag":[48],"class_list":{"0":"post-65552","1":"product","2":"type-product","3":"status-publish","4":"has-post-thumbnail","6":"product_cat-bloemen-bloemenkaarten-wenskaarten","7":"product_tag-bloemen","9":"first","10":"instock","11":"taxable","12":"shipping-taxable","13":"purchasable","14":"product-type-simple"},"gallery_images":[65553,70905],"_links":{"self":[{"href":"https:\/\/popcards.nl\/fr\/wp-json\/wp\/v2\/product\/65552","targetHints":{"allow":["GET"]}}],"collection":[{"href":"https:\/\/popcards.nl\/fr\/wp-json\/wp\/v2\/product"}],"about":[{"href":"https:\/\/popcards.nl\/fr\/wp-json\/wp\/v2\/types\/product"}],"replies":[{"embeddable":true,"href":"https:\/\/popcards.nl\/fr\/wp-json\/wp\/v2\/comments?post=65552"}],"wp:featuredmedia":[{"embeddable":true,"href":"https:\/\/popcards.nl\/fr\/wp-json\/wp\/v2\/media\/64648"}],"wp:attachment":[{"href":"https:\/\/popcards.nl\/fr\/wp-json\/wp\/v2\/media?parent=65552"}],"wp:term":[{"taxonomy":"product_brand","embeddable":true,"href":"https:\/\/popcards.nl\/fr\/wp-json\/wp\/v2\/product_brand?post=65552"},{"taxonomy":"product_cat","embeddable":true,"href":"https:\/\/popcards.nl\/fr\/wp-json\/wp\/v2\/product_cat?post=65552"},{"taxonomy":"product_tag","embeddable":true,"href":"https:\/\/popcards.nl\/fr\/wp-json\/wp\/v2\/product_tag?post=65552"}],"curies":[{"name":"wp","href":"https:\/\/api.w.org\/{rel}","templated":true}]}}