{"id":73100,"date":"2024-06-09T11:25:13","date_gmt":"2024-06-09T09:25:13","guid":{"rendered":"https:\/\/popcards.nl\/?post_type=product&#038;p=73100"},"modified":"2026-05-12T09:47:21","modified_gmt":"2026-05-12T07:47:21","slug":"carte-pop-up-de-bus-a-imperiale-de-londres-et-dangleterre","status":"publish","type":"product","link":"https:\/\/popcards.nl\/fr\/product\/dubbeldekker-bus-londen-engeland-pop-up-kaart\/","title":{"rendered":"Bus \u00e0 imp\u00e9riale avec carte contextuelle des points forts de Londres, Angleterre"},"content":{"rendered":"<p>Quelle carte pop-up impressionnante et grande ! Une carte de voeux d&#039;un bus authentique dans <em>Londres<\/em>, Grande Bretagne. Vous pouvez bien s\u00fbr admirer cette capitale de l&#039;ancien empire britannique depuis un bus \u00e0 imp\u00e9riale \u00e0 l&#039;ancienne, avec ou sans toit au-dessus de la t\u00eate. Ils ne circulent qu&#039;\u00e0 Londres. Le recto de cette Popcard contient une belle illustration du palais de Westminster avec la grande tour de l&#039;horloge (Big Ben). Le bus \u00e0 deux \u00e9tages vous attend avec hospitalit\u00e9, alors... continuez !<\/p>\n<p>Ouvert, le bus \u00e0 imp\u00e9riale 3D vous fait d\u00e9couvrir de nombreux sites touristiques. Un certain nombre sont repr\u00e9sent\u00e9s \u00e0 la surface. Comme les cabines t\u00e9l\u00e9phoniques rouges encore pr\u00e9sentes, le Tower Bridge, le London Eye (grande roue), Bobby&#039;s and Gentlemen, le food guard avec son chapeau en peau d&#039;ours, la National Gallery (mus\u00e9e). Mais qui est ce petit bonhomme avec sa pipe et sa casquette ?<\/p>\n<p>Allez-vous \u00e0 Londres ou y \u00eates-vous all\u00e9 ? Alors cette carte pop-up est une merveilleuse invitation ou un joli souvenir.<\/p>\n<p><strong>Grand format carte 30\u00d720 cm<\/strong>, pli\u00e9 \u00e0 15\u00d720 cm.<br \/>\nY compris enveloppe assortie, emball\u00e9e dans un sac de cellophane.<\/p>","protected":false},"excerpt":{"rendered":"<p>Wat een indrukwekkende en grote pop-up kaart! Een wenskaart van een authentieke bus in London, Groot-Britanni\u00eb. Deze hoofdstad van het Britse voormalige imperium bekijk je natuurlijk vanuit een ouderwetse dubbeldekker, met of zonder dak boven je hoofd. Zo rijden ze alleen in Londen nog rond. De voorkant van deze Popcard bevat een fraaie illustratie van [&hellip;]<\/p>\n","protected":false},"featured_media":72376,"comment_status":"open","ping_status":"closed","template":"","meta":{"_iconic_wsb_product_page_order_bump_ids":[[]],"_sku":["8785253685427"],"_iconic_wsb_product_page_bump_modal_ids":[[]]},"product_brand":[],"product_cat":[73,57],"product_tag":[110,86],"class_list":{"0":"post-73100","1":"product","2":"type-product","3":"status-publish","4":"has-post-thumbnail","6":"product_cat-beroemde-gebouwen","7":"product_cat-uitnodigingen-uitnodigingskaarten-verjaardag-jubileum","8":"product_tag-auto","9":"product_tag-stedentrip","11":"first","12":"instock","13":"taxable","14":"shipping-taxable","15":"purchasable","16":"product-type-simple"},"gallery_images":[87733],"_links":{"self":[{"href":"https:\/\/popcards.nl\/fr\/wp-json\/wp\/v2\/product\/73100","targetHints":{"allow":["GET"]}}],"collection":[{"href":"https:\/\/popcards.nl\/fr\/wp-json\/wp\/v2\/product"}],"about":[{"href":"https:\/\/popcards.nl\/fr\/wp-json\/wp\/v2\/types\/product"}],"replies":[{"embeddable":true,"href":"https:\/\/popcards.nl\/fr\/wp-json\/wp\/v2\/comments?post=73100"}],"wp:featuredmedia":[{"embeddable":true,"href":"https:\/\/popcards.nl\/fr\/wp-json\/wp\/v2\/media\/72376"}],"wp:attachment":[{"href":"https:\/\/popcards.nl\/fr\/wp-json\/wp\/v2\/media?parent=73100"}],"wp:term":[{"taxonomy":"product_brand","embeddable":true,"href":"https:\/\/popcards.nl\/fr\/wp-json\/wp\/v2\/product_brand?post=73100"},{"taxonomy":"product_cat","embeddable":true,"href":"https:\/\/popcards.nl\/fr\/wp-json\/wp\/v2\/product_cat?post=73100"},{"taxonomy":"product_tag","embeddable":true,"href":"https:\/\/popcards.nl\/fr\/wp-json\/wp\/v2\/product_tag?post=73100"}],"curies":[{"name":"wp","href":"https:\/\/api.w.org\/{rel}","templated":true}]}}