{"id":74562,"date":"2024-07-11T22:52:11","date_gmt":"2024-07-11T20:52:11","guid":{"rendered":"https:\/\/popcards.nl\/?post_type=product&#038;p=74562"},"modified":"2026-05-01T11:22:32","modified_gmt":"2026-05-01T09:22:32","slug":"annonce-de-naissance-carte-pop-up-ballons-garcon","status":"publish","type":"product","link":"https:\/\/popcards.nl\/fr\/product\/geboortekaart-jongen-ballonnen-pop-up-kaart\/","title":{"rendered":"Annonce de naissance Carte pop-up Baby Boy Boy Crib avec ballons bleus"},"content":{"rendered":"<p>Quelle carte pop-up incroyablement belle et douce. Une grande carte de v\u0153ux id\u00e9ale comme faire-part de naissance. &quot;C&#039;est un gar\u00e7on&quot;. C&#039;est un gar\u00e7on. Et tout le monde devrait le savoir !<\/p>\n<p>Lorsque vous ouvrez la carte, le berceau avec le b\u00e9b\u00e9 se l\u00e8vera automatiquement. Avec les ballons joyeux, le tout prend vraiment vie. Cela cr\u00e9e une image tr\u00e8s charmante, exprimant le bonheur et la joie d\u2019une famille accueillant un nouveau-n\u00e9. C&#039;est un symbole de nouveau d\u00e9part, d&#039;espoir et d&#039;amour abondant.<\/p>\n<p>Non seulement \u00e0 envoyer aux nouveaux parents, mais aussi \u00e0 vous-m\u00eame comme faire-part de naissance pour faire conna\u00eetre le nom et le poids de votre nouvel ajout au monde ext\u00e9rieur. La carte d\u2019\u00e9criture incluse est parfaite pour cela ! <a href=\"https:\/\/popcards.nl\/fr\/product\/faire-part-de-naissance-fille-ballons-carte-pop-up\/\">Bien s\u00fbr, nous avons aussi cette carte de v\u0153ux pour les filles.<\/a><\/p>\n<p>Grand format de carte 30 \u00d7 20 cm, pli\u00e9 \u00e0 15 \u00d7 20 cm.<br \/>\nY compris enveloppe assortie, emball\u00e9e dans un sac de cellophane.<\/p>","protected":false},"excerpt":{"rendered":"<p>Wat een ontzettend mooie en lieve pop-up kaart. Een grote wenskaart die ideaal is als geboortekaart. \u201cIt\u2019s a boy\u201d. Het is een jongen. En iedereen mag het weten! Bij het openen van de kaart komt het wiegje met de baby vanzelf omhoog. Samen met de vrolijke ballonnen komt het geheel dan echt tot leven. Dit [&hellip;]<\/p>\n","protected":false},"featured_media":74543,"comment_status":"open","ping_status":"closed","template":"","meta":{"_iconic_wsb_product_page_order_bump_ids":[[]],"_sku":["8785253683638"],"_iconic_wsb_product_page_bump_modal_ids":[[]]},"product_brand":[],"product_cat":[22],"product_tag":[25],"class_list":{"0":"post-74562","1":"product","2":"type-product","3":"status-publish","4":"has-post-thumbnail","6":"product_cat-geboorte-geboortekaarten-baby-babykaart","7":"product_tag-geboorte","9":"first","10":"instock","11":"taxable","12":"shipping-taxable","13":"purchasable","14":"product-type-simple"},"gallery_images":[75516],"_links":{"self":[{"href":"https:\/\/popcards.nl\/fr\/wp-json\/wp\/v2\/product\/74562","targetHints":{"allow":["GET"]}}],"collection":[{"href":"https:\/\/popcards.nl\/fr\/wp-json\/wp\/v2\/product"}],"about":[{"href":"https:\/\/popcards.nl\/fr\/wp-json\/wp\/v2\/types\/product"}],"replies":[{"embeddable":true,"href":"https:\/\/popcards.nl\/fr\/wp-json\/wp\/v2\/comments?post=74562"}],"wp:featuredmedia":[{"embeddable":true,"href":"https:\/\/popcards.nl\/fr\/wp-json\/wp\/v2\/media\/74543"}],"wp:attachment":[{"href":"https:\/\/popcards.nl\/fr\/wp-json\/wp\/v2\/media?parent=74562"}],"wp:term":[{"taxonomy":"product_brand","embeddable":true,"href":"https:\/\/popcards.nl\/fr\/wp-json\/wp\/v2\/product_brand?post=74562"},{"taxonomy":"product_cat","embeddable":true,"href":"https:\/\/popcards.nl\/fr\/wp-json\/wp\/v2\/product_cat?post=74562"},{"taxonomy":"product_tag","embeddable":true,"href":"https:\/\/popcards.nl\/fr\/wp-json\/wp\/v2\/product_tag?post=74562"}],"curies":[{"name":"wp","href":"https:\/\/api.w.org\/{rel}","templated":true}]}}