{"id":74740,"date":"2024-07-16T10:28:41","date_gmt":"2024-07-16T08:28:41","guid":{"rendered":"https:\/\/popcards.nl\/?post_type=product&#038;p=74740"},"modified":"2026-04-14T14:51:31","modified_gmt":"2026-04-14T12:51:31","slug":"carte-pop-up-de-piscine-de-lunettes-de-soleil-de-chien-de-fete-a-la-piscine","status":"publish","type":"product","link":"https:\/\/popcards.nl\/fr\/product\/pool-party-hond-zonnebril-zwembad-pop-up-kaart\/","title":{"rendered":"Carte pop-up amusante Pool Party avec un chien cool avec des lunettes de soleil dans la piscine"},"content":{"rendered":"<p>Quelle tr\u00e8s jolie carte pop-up piscine ! Et aussi en grand format. On ne voit pas \u00e7a tous les jours, un chien en train de bronzer, se relaxant sur une piscine de flamants roses flottant dans l&#039;eau d&#039;un bleu profond. <em>Tr\u00e8s cool<\/em> aussi avec ses lunettes de soleil violettes ! \ud83d\ude0e \u00c0 quel point une carte de v\u0153ux peut-elle \u00eatre estivale ? \ud83c\udf1e<\/p>\n<p>Cette carte de v\u0153ux est une merveilleuse fa\u00e7on de transmettre vos souhaits d&#039;\u00e9t\u00e9, d&#039;inviter quelqu&#039;un \u00e0 une f\u00eate ou simplement de faire sourire quelqu&#039;un. La carte symbolise le plaisir, la d\u00e9tente et la pure joie de l&#039;\u00e9t\u00e9.<\/p>\n<p>\u00c0 l\u2019int\u00e9rieur, la surface de la piscine \u00e0 carreaux bleu-blanc forme un beau contraste avec le magnifique pop-up du chien qui flotte joyeusement. L&#039;effet est tr\u00e8s tridimensionnel, comme si le chien s&#039;approchait tr\u00e8s pr\u00e8s de vous. Cela donne une r\u00e9action surprenante au destinataire de la carte. Les enfants, mais aussi les amoureux des chiens, les vacanciers et les amoureux du soleil seront tr\u00e8s heureux de cette dr\u00f4le de carte pop-up. Tr\u00e8s adapt\u00e9 \u00e9galement aux personnes ayant r\u00e9ussi leur dipl\u00f4me de natation ! La fa\u00e7ade est en carton argent\u00e9 avec une belle illustration d\u00e9coup\u00e9e, ce qui donne un effet sp\u00e9cial. Il y a de la place pour votre propre texte sur la carte d&#039;\u00e9criture incluse.<\/p>\n<p><strong>Grand format de carte<\/strong> 30 \u00d7 20 cm, pli\u00e9 \u00e0 15 \u00d7 20 cm.<br \/>\nY compris enveloppe assortie, emball\u00e9e dans un sac de cellophane.<\/p>","protected":false},"excerpt":{"rendered":"<p>Wat een ontzettend leuke zwembad pop-up kaart! En ook nog eens in groot formaat. Dat zie je ook niet elke dag, zo\u2019n zonnebadende hond, lekker relaxt op een roze flamingo zwemband drijvend in het diepblauwe water. Very cool ook met z\u2019n paarse zonnebril! \ud83d\ude0e Hoe zomers kan een wenskaart zijn? \ud83c\udf1e Deze wenskaart is een [&hellip;]<\/p>\n","protected":false},"featured_media":74617,"comment_status":"open","ping_status":"closed","template":"","meta":{"_iconic_wsb_product_page_order_bump_ids":[[]],"_sku":["8785253682730"],"_iconic_wsb_product_page_bump_modal_ids":[[]]},"product_brand":[],"product_cat":[21,34],"product_tag":[135,285],"class_list":{"0":"post-74740","1":"product","2":"type-product","3":"status-publish","4":"has-post-thumbnail","6":"product_cat-dieren-dierenkaarten-wenskaarten","7":"product_cat-felicitatie-verjaardag-verjaardagskaarten","8":"product_tag-hond","9":"product_tag-humor","11":"first","12":"instock","13":"taxable","14":"shipping-taxable","15":"purchasable","16":"product-type-simple"},"gallery_images":[75508],"_links":{"self":[{"href":"https:\/\/popcards.nl\/fr\/wp-json\/wp\/v2\/product\/74740","targetHints":{"allow":["GET"]}}],"collection":[{"href":"https:\/\/popcards.nl\/fr\/wp-json\/wp\/v2\/product"}],"about":[{"href":"https:\/\/popcards.nl\/fr\/wp-json\/wp\/v2\/types\/product"}],"replies":[{"embeddable":true,"href":"https:\/\/popcards.nl\/fr\/wp-json\/wp\/v2\/comments?post=74740"}],"wp:featuredmedia":[{"embeddable":true,"href":"https:\/\/popcards.nl\/fr\/wp-json\/wp\/v2\/media\/74617"}],"wp:attachment":[{"href":"https:\/\/popcards.nl\/fr\/wp-json\/wp\/v2\/media?parent=74740"}],"wp:term":[{"taxonomy":"product_brand","embeddable":true,"href":"https:\/\/popcards.nl\/fr\/wp-json\/wp\/v2\/product_brand?post=74740"},{"taxonomy":"product_cat","embeddable":true,"href":"https:\/\/popcards.nl\/fr\/wp-json\/wp\/v2\/product_cat?post=74740"},{"taxonomy":"product_tag","embeddable":true,"href":"https:\/\/popcards.nl\/fr\/wp-json\/wp\/v2\/product_tag?post=74740"}],"curies":[{"name":"wp","href":"https:\/\/api.w.org\/{rel}","templated":true}]}}