{"id":77600,"date":"2024-09-25T21:52:03","date_gmt":"2024-09-25T19:52:03","guid":{"rendered":"https:\/\/popcards.nl\/?post_type=product&#038;p=77600"},"modified":"2025-12-24T18:19:27","modified_gmt":"2025-12-24T17:19:27","slug":"boule-de-noel-volante-carte-de-noel-pop-up-du-pere-noel","status":"publish","type":"product","link":"https:\/\/popcards.nl\/fr\/product\/kerstbal-vliegende-kerstman-pop-up-kerstkaart\/","title":{"rendered":"Carte de No\u00ebl P\u00e8re No\u00ebl volant avec des maisons de No\u00ebl dans une for\u00eat de pins"},"content":{"rendered":"<p>La couverture de cette magnifique carte de No\u00ebl pop-up est r\u00e9alis\u00e9e en carton rouge fonc\u00e9 scintillant, dans lequel a \u00e9t\u00e9 d\u00e9coup\u00e9e la forme d&#039;une boule de No\u00ebl. L&#039;image de la boule de No\u00ebl est imprim\u00e9e et coll\u00e9e derri\u00e8re le carton rouge, ce qui donne \u00e0 la carte un effet particulier.<\/p>\n<p>\u00c0 l&#039;int\u00e9rieur de la carte se trouve une grande for\u00eat de pins avec des maisons foresti\u00e8res romantiques enneig\u00e9es et un ours en peluche et un bonhomme de neige amusants. Le P\u00e8re No\u00ebl arrive dans son avion rouge monomoteur ouvert. Le fond bleu-vert scintillant pr\u00e9sente de jolies illustrations de No\u00ebl. Une carte de No\u00ebl ludique et compl\u00e8te pour petits et grands.<\/p>\n<p><a href=\"https:\/\/popcards.nl\/fr\/categorie\/les-10-plus-belles-cartes-de-noel\/\">Popcards a beaucoup plus de belles cartes de No\u00ebl pop-up.<\/a><\/p>\n<p><strong>Grand format de carte<\/strong> 30 \u00d7 20 cm, pli\u00e9 \u00e0 15 \u00d7 20 cm. Avec carte s\u00e9par\u00e9e pour votre texte personnel.<br \/>\nY compris enveloppe assortie, emball\u00e9e dans un sac de cellophane.<\/p>","protected":false},"excerpt":{"rendered":"<p>De omslag van deze schitterende pop-up kerstkaart is van glinsterend dieprood karton, waarin de vorm van een kerstbal is uitgesneden. De afbeelding van de kerstbal is gedrukt en achter het rode karton geplakt, wat de kaart een bijzonder effect geeft. Binnen in de kaart zit een grote pop-up van een dennenbos met romantische sneeuwbedekte boshuisjes [&hellip;]<\/p>\n","protected":false},"featured_media":77597,"comment_status":"open","ping_status":"closed","template":"","meta":{"_iconic_wsb_product_page_order_bump_ids":[[]],"_sku":["4805388557650"],"_iconic_wsb_product_page_bump_modal_ids":[[]]},"product_brand":[],"product_cat":[79],"product_tag":[131],"class_list":{"0":"post-77600","1":"product","2":"type-product","3":"status-publish","4":"has-post-thumbnail","6":"product_cat-de-top-10-mooiste-kerstkaarten","7":"product_tag-kerst","9":"first","10":"instock","11":"sale","12":"taxable","13":"shipping-taxable","14":"purchasable","15":"product-type-simple"},"gallery_images":[78616],"_links":{"self":[{"href":"https:\/\/popcards.nl\/fr\/wp-json\/wp\/v2\/product\/77600","targetHints":{"allow":["GET"]}}],"collection":[{"href":"https:\/\/popcards.nl\/fr\/wp-json\/wp\/v2\/product"}],"about":[{"href":"https:\/\/popcards.nl\/fr\/wp-json\/wp\/v2\/types\/product"}],"replies":[{"embeddable":true,"href":"https:\/\/popcards.nl\/fr\/wp-json\/wp\/v2\/comments?post=77600"}],"wp:featuredmedia":[{"embeddable":true,"href":"https:\/\/popcards.nl\/fr\/wp-json\/wp\/v2\/media\/77597"}],"wp:attachment":[{"href":"https:\/\/popcards.nl\/fr\/wp-json\/wp\/v2\/media?parent=77600"}],"wp:term":[{"taxonomy":"product_brand","embeddable":true,"href":"https:\/\/popcards.nl\/fr\/wp-json\/wp\/v2\/product_brand?post=77600"},{"taxonomy":"product_cat","embeddable":true,"href":"https:\/\/popcards.nl\/fr\/wp-json\/wp\/v2\/product_cat?post=77600"},{"taxonomy":"product_tag","embeddable":true,"href":"https:\/\/popcards.nl\/fr\/wp-json\/wp\/v2\/product_tag?post=77600"}],"curies":[{"name":"wp","href":"https:\/\/api.w.org\/{rel}","templated":true}]}}