{"id":77656,"date":"2024-09-26T23:16:37","date_gmt":"2024-09-26T21:16:37","guid":{"rendered":"https:\/\/popcards.nl\/?post_type=product&#038;p=77656"},"modified":"2026-03-17T12:12:03","modified_gmt":"2026-03-17T11:12:03","slug":"carte-de-noel-3d-pere-noel-7-rennes-volants","status":"publish","type":"product","link":"https:\/\/popcards.nl\/fr\/product\/3d-kerstkaart-kerstman-7-vliegende-rendieren\/","title":{"rendered":"Ouah! Carte de No\u00ebl super 3D | P\u00e8re No\u00ebl en tra\u00eeneau avec 7 rennes volants"},"content":{"rendered":"<p>On voit rarement des cartes pop-up aussi tridimensionnelles ! Le P\u00e8re No\u00ebl et ses fid\u00e8les rennes sautent loin de la carte d\u00e8s que l&#039;heureux destinataire ouvre cette carte de No\u00ebl. La couverture est en carton argent\u00e9 scintillant dans lequel sont d\u00e9coup\u00e9s un tra\u00eeneau avec des rennes, le P\u00e8re No\u00ebl et des cadeaux. Ces illustrations sont imprim\u00e9es et coll\u00e9es derri\u00e8re le carton argent\u00e9, ce qui donne un effet particulier \u00e0 la carte. \u00c0 l&#039;int\u00e9rieur de la carte se trouve un grand tra\u00eeneau pop-up rempli de cadeaux et du P\u00e8re No\u00ebl, tir\u00e9 par 7 rennes volants. En arri\u00e8re-plan des maisons enneig\u00e9es, des arbres de No\u00ebl et des cerfs. Le fond magnifiquement illustr\u00e9 compl\u00e8te cette superbe carte de No\u00ebl. Une carte de No\u00ebl joyeuse et impressionnante pour petits et grands.<\/p>\n<p><a href=\"https:\/\/popcards.nl\/fr\/categorie\/les-10-plus-belles-cartes-de-noel\/\">Popcards a beaucoup plus de belles cartes de No\u00ebl pop-up.<\/a><\/p>\n<p><strong>Grand format de carte<\/strong> 30\u00d720 cm, pli\u00e9 \u00e0 15\u00d720 cm. Emball\u00e9 dans un sachet cellophane.<br \/>\nAvec carte s\u00e9par\u00e9e pour votre texte. Comprend une enveloppe chic assortie de couleur cr\u00e8me avec fermeture en forme de c\u0153ur.<\/p>","protected":false},"excerpt":{"rendered":"<p>Zo driedimensionaal zie je pop-up kaarten maar zelden! De kerstman en zijn trouwe rendieren springen heel ver en hoog uit de kaart, zodra de gelukkige ontvanger deze kerstkaart opent. De omslag is van glinsterend zilverkleurig karton, waarin een arrenslee met rendieren en een kerstman en cadeautjes zijn uitgesneden. Deze illustraties zijn gedrukt en achter het [&hellip;]<\/p>\n","protected":false},"featured_media":77655,"comment_status":"open","ping_status":"closed","template":"","meta":{"_iconic_wsb_product_page_order_bump_ids":[[]],"_sku":["4805388555250"],"_iconic_wsb_product_page_bump_modal_ids":[[]]},"product_brand":[],"product_cat":[79],"product_tag":[131],"class_list":{"0":"post-77656","1":"product","2":"type-product","3":"status-publish","4":"has-post-thumbnail","6":"product_cat-de-top-10-mooiste-kerstkaarten","7":"product_tag-kerst","9":"first","10":"instock","11":"taxable","12":"shipping-taxable","13":"purchasable","14":"product-type-simple"},"gallery_images":[78626],"_links":{"self":[{"href":"https:\/\/popcards.nl\/fr\/wp-json\/wp\/v2\/product\/77656","targetHints":{"allow":["GET"]}}],"collection":[{"href":"https:\/\/popcards.nl\/fr\/wp-json\/wp\/v2\/product"}],"about":[{"href":"https:\/\/popcards.nl\/fr\/wp-json\/wp\/v2\/types\/product"}],"replies":[{"embeddable":true,"href":"https:\/\/popcards.nl\/fr\/wp-json\/wp\/v2\/comments?post=77656"}],"wp:featuredmedia":[{"embeddable":true,"href":"https:\/\/popcards.nl\/fr\/wp-json\/wp\/v2\/media\/77655"}],"wp:attachment":[{"href":"https:\/\/popcards.nl\/fr\/wp-json\/wp\/v2\/media?parent=77656"}],"wp:term":[{"taxonomy":"product_brand","embeddable":true,"href":"https:\/\/popcards.nl\/fr\/wp-json\/wp\/v2\/product_brand?post=77656"},{"taxonomy":"product_cat","embeddable":true,"href":"https:\/\/popcards.nl\/fr\/wp-json\/wp\/v2\/product_cat?post=77656"},{"taxonomy":"product_tag","embeddable":true,"href":"https:\/\/popcards.nl\/fr\/wp-json\/wp\/v2\/product_tag?post=77656"}],"curies":[{"name":"wp","href":"https:\/\/api.w.org\/{rel}","templated":true}]}}