{"id":78122,"date":"2024-10-07T21:12:34","date_gmt":"2024-10-07T19:12:34","guid":{"rendered":"https:\/\/popcards.nl\/?post_type=product&#038;p=78122"},"modified":"2026-05-12T13:30:05","modified_gmt":"2026-05-12T11:30:05","slug":"gateau-joyeux-anniversaire-carte-danniversaire-pop-up","status":"publish","type":"product","link":"https:\/\/popcards.nl\/fr\/product\/taart-happy-birthday-pop-up-verjaardagskaart\/","title":{"rendered":"G\u00e2teau! G\u00e2teau d&#039;anniversaire color\u00e9 joyeux anniversaire carte d&#039;anniversaire pop-up"},"content":{"rendered":"<p><span style=\"font-weight: 400;\">Ce g\u00e2teau de f\u00eate ne fera pas grossir, mais il fera tr\u00e8s plaisir ! \ud83d\ude00<\/span><\/p>\n<p><span style=\"font-weight: 400;\">Le recto de cette carte pop-up est rouge scintillant avec des paillettes et comporte un texte argent\u00e9 d\u00e9coup\u00e9 au laser \u00ab Joyeux anniversaire \u00bb. Lorsque vous ouvrez la carte de v\u0153ux, un magnifique g\u00e2teau avec des \u00e9toiles et des friandises se r\u00e9v\u00e8le. Sur le g\u00e2teau se trouve \u00e9galement le texte \u00ab\u00a0Joyeux anniversaire\u00a0\u00bb, dans des couleurs chaleureuses. Les enfants et les adultes adorent \u00eatre f\u00e9licit\u00e9s avec cette Popcard amusante et color\u00e9e !\u00a0<\/span><\/p>\n<p><span style=\"font-weight: 400;\">Format carte 30\u00d715 cm, pli\u00e9e \u00e0 15\u00d715 cm. Emball\u00e9 dans un sachet cellophane.<\/span><span style=\"font-weight: 400;\"> Avec carte s\u00e9par\u00e9e pour votre texte. Comprend une enveloppe chic assortie de couleur cr\u00e8me avec fermeture en forme de c\u0153ur. <\/span><\/p>","protected":false},"excerpt":{"rendered":"<p>Van deze feestelijke taart word je niet dik, maar wel heel blij! \ud83d\ude00 De voorkant van deze pop-up kaart is sprankelend rood met glittertjes en met een door de laser uitgesneden opgeplakte\u00a0 zilveren tekst\u00a0 \u201cHappy Birthday\u201d. Als je de wenskaart opent ontpopt zich een prachtige taart met sterren en lekkernijen. Ook op de taart de [&hellip;]<\/p>\n","protected":false},"featured_media":78071,"comment_status":"open","ping_status":"closed","template":"","meta":{"_iconic_wsb_product_page_order_bump_ids":[[]],"_sku":["4805388548313"],"_iconic_wsb_product_page_bump_modal_ids":[[]]},"product_brand":[],"product_cat":[34],"product_tag":[246,137],"class_list":{"0":"post-78122","1":"product","2":"type-product","3":"status-publish","4":"has-post-thumbnail","6":"product_cat-felicitatie-verjaardag-verjaardagskaarten","7":"product_tag-taart","8":"product_tag-verjaardag","10":"first","11":"instock","12":"taxable","13":"shipping-taxable","14":"purchasable","15":"product-type-simple"},"gallery_images":[78070,86369],"_links":{"self":[{"href":"https:\/\/popcards.nl\/fr\/wp-json\/wp\/v2\/product\/78122","targetHints":{"allow":["GET"]}}],"collection":[{"href":"https:\/\/popcards.nl\/fr\/wp-json\/wp\/v2\/product"}],"about":[{"href":"https:\/\/popcards.nl\/fr\/wp-json\/wp\/v2\/types\/product"}],"replies":[{"embeddable":true,"href":"https:\/\/popcards.nl\/fr\/wp-json\/wp\/v2\/comments?post=78122"}],"wp:featuredmedia":[{"embeddable":true,"href":"https:\/\/popcards.nl\/fr\/wp-json\/wp\/v2\/media\/78071"}],"wp:attachment":[{"href":"https:\/\/popcards.nl\/fr\/wp-json\/wp\/v2\/media?parent=78122"}],"wp:term":[{"taxonomy":"product_brand","embeddable":true,"href":"https:\/\/popcards.nl\/fr\/wp-json\/wp\/v2\/product_brand?post=78122"},{"taxonomy":"product_cat","embeddable":true,"href":"https:\/\/popcards.nl\/fr\/wp-json\/wp\/v2\/product_cat?post=78122"},{"taxonomy":"product_tag","embeddable":true,"href":"https:\/\/popcards.nl\/fr\/wp-json\/wp\/v2\/product_tag?post=78122"}],"curies":[{"name":"wp","href":"https:\/\/api.w.org\/{rel}","templated":true}]}}