{"id":78124,"date":"2024-10-07T21:21:07","date_gmt":"2024-10-07T19:21:07","guid":{"rendered":"https:\/\/popcards.nl\/?post_type=product&#038;p=78124"},"modified":"2026-04-30T23:36:00","modified_gmt":"2026-04-30T21:36:00","slug":"magnifique-carte-pop-up-colibri-dans-une-splendeur-florale","status":"publish","type":"product","link":"https:\/\/popcards.nl\/fr\/product\/fraaie-pop-up-kaart-kolibrie-in-bloemenpracht\/","title":{"rendered":"Carte pop-up spectaculaire avec un colibri dans une splendeur florale"},"content":{"rendered":"<p>Quelle belle carte pop-up ! Le petit colibri color\u00e9 symbolise la vie et l\u2019optimisme. Et pour la libert\u00e9, pour une nouvelle \u00e9tape de votre vie. Dans cette Popcard, le colibri est combin\u00e9 avec un magnifique bouquet de fleurs. Cette carte pop-up a un ext\u00e9rieur argent\u00e9 brillant repr\u00e9sentant un colibri brillant d\u00e9coup\u00e9 au laser. Un bouquet color\u00e9 d\u00e9coup\u00e9 au laser a \u00e9galement \u00e9t\u00e9 coll\u00e9 sur la carte. Cette combinaison donne un effet sp\u00e9cial. Lorsque vous ouvrez la Popcard, un magnifique colibri s&#039;envole de la carte, vers la libert\u00e9. Les 2 ailes et le corps sont joliment d\u00e9coup\u00e9s en transparence. Un bouquet color\u00e9 sort \u00e9galement de la carte. En anglais, cet oiseau sp\u00e9cial est connu sous le nom de colibri.<\/p>\n<p>Une carte s\u00e9par\u00e9e est incluse pour un texte d\u2019accompagnement sensible. Alors vous n&#039;avez pas besoin de d\u00e9crire cette magnifique Popcard.<\/p>\n<p>Le colibri est un oiseau gracieux et magnifique de couleur m\u00e9tallique brillante provenant des r\u00e9gions tropicales d\u2019Am\u00e9rique. La plupart des esp\u00e8ces atteignent une longueur de 7 \u00e0 13 cm, et le colibri abeille est le plus petit oiseau du monde avec une longueur de 5 centim\u00e8tres et un poids de 1,5 gramme. Avec leur long bec et leur langue, ils volent stationnairement dans les airs et extraient le miel des calices des fleurs. Les colibris sont de v\u00e9ritables acrobates volants. Ils peuvent rester immobiles dans les airs comme un h\u00e9licopt\u00e8re, voler droit vers le haut, vers le bas et m\u00eame vers l\u2019arri\u00e8re. Nous avons beaucoup plus de Popcards d\u2019oiseaux.<\/p>\n<p><strong>Grand format carte 30\u00d720 cm<\/strong>, pli\u00e9 \u00e0 15\u00d720 cm. Emball\u00e9 dans un sac cellophane. Avec carte s\u00e9par\u00e9e pour votre texte. Y compris l&#039;enveloppe chic assortie en 2 nuances de bleu, avec fermeture en forme de c\u0153ur. Vous pouvez bien \u00e9crire sur l&#039;enveloppe avec un crayon blanc, un stylo dor\u00e9 ou argent\u00e9. Vous pouvez \u00e9galement utiliser l&#039;\u00e9tiquette autocollante jointe pour l&#039;adressage.<\/p>","protected":false},"excerpt":{"rendered":"<p>Wat een schitterende pop-up kaart is dit! De kleine kleurrijke kolibrie staat symbool voor het leven en optimisme. En voor vrijheid, voor een nieuwe fase in je leven. In deze Popcard wordt de kolibrie gecombineerd met een fraai boeket bloemen. Deze pop-up kaart heeft een zilverglanzende buitenkant waarop een met laser uitgesneden glanzende kolibrie is [&hellip;]<\/p>\n","protected":false},"featured_media":78069,"comment_status":"open","ping_status":"closed","template":"","meta":{"_iconic_wsb_product_page_order_bump_ids":[[]],"_sku":["4805388555168"],"_iconic_wsb_product_page_bump_modal_ids":[[]]},"product_brand":[],"product_cat":[47,78,21],"product_tag":[253,48,137,142],"class_list":{"0":"post-78124","1":"product","2":"type-product","3":"status-publish","4":"has-post-thumbnail","6":"product_cat-bloemen-bloemenkaarten-wenskaarten","7":"product_cat-beterschapskaarten-troostkaarten-condoleancekaarten","8":"product_cat-dieren-dierenkaarten-wenskaarten","9":"product_tag-beterschap","10":"product_tag-bloemen","11":"product_tag-verjaardag","12":"product_tag-vogel","14":"first","15":"instock","16":"taxable","17":"shipping-taxable","18":"purchasable","19":"product-type-simple"},"gallery_images":[],"_links":{"self":[{"href":"https:\/\/popcards.nl\/fr\/wp-json\/wp\/v2\/product\/78124","targetHints":{"allow":["GET"]}}],"collection":[{"href":"https:\/\/popcards.nl\/fr\/wp-json\/wp\/v2\/product"}],"about":[{"href":"https:\/\/popcards.nl\/fr\/wp-json\/wp\/v2\/types\/product"}],"replies":[{"embeddable":true,"href":"https:\/\/popcards.nl\/fr\/wp-json\/wp\/v2\/comments?post=78124"}],"wp:featuredmedia":[{"embeddable":true,"href":"https:\/\/popcards.nl\/fr\/wp-json\/wp\/v2\/media\/78069"}],"wp:attachment":[{"href":"https:\/\/popcards.nl\/fr\/wp-json\/wp\/v2\/media?parent=78124"}],"wp:term":[{"taxonomy":"product_brand","embeddable":true,"href":"https:\/\/popcards.nl\/fr\/wp-json\/wp\/v2\/product_brand?post=78124"},{"taxonomy":"product_cat","embeddable":true,"href":"https:\/\/popcards.nl\/fr\/wp-json\/wp\/v2\/product_cat?post=78124"},{"taxonomy":"product_tag","embeddable":true,"href":"https:\/\/popcards.nl\/fr\/wp-json\/wp\/v2\/product_tag?post=78124"}],"curies":[{"name":"wp","href":"https:\/\/api.w.org\/{rel}","templated":true}]}}