{"id":78698,"date":"2024-10-20T13:49:14","date_gmt":"2024-10-20T11:49:14","guid":{"rendered":"https:\/\/popcards.nl\/?post_type=product&#038;p=78698"},"modified":"2026-03-18T17:52:53","modified_gmt":"2026-03-18T16:52:53","slug":"carte-pop-up-genereuse-avec-bouquet-de-roses-danemones-et-de-jacinthes","status":"publish","type":"product","link":"https:\/\/popcards.nl\/fr\/product\/boeket-rozen-anemonen-hyacinten-pop-up-kaart\/","title":{"rendered":"Grand bouquet \u00e0 poser avec carte pop-up Roses, An\u00e9mones et Jacinthes"},"content":{"rendered":"<p><span data-mce-type=\"bookmark\" style=\"display: inline-block; width: 0px; overflow: hidden; line-height: 0;\" class=\"mce_SELRES_start\"><\/span>Cette carte pop-up florale unique se distingue de nos cartes Popcards habituelles et r\u00e9serve bien des surprises. Elle pr\u00e9sente un vase bleu Delft brillant, en trois dimensions et autoportant, orn\u00e9 de motifs orientaux en relief, qui renferme un impressionnant bouquet de fleurs. Ce bouquet regorge de magnifiques fleurs, telles que des roses, des an\u00e9mones et des jacinthes en pleine floraison. Enti\u00e8rement en relief, il permet d&#039;admirer le bouquet sous tous les angles. L&#039;effet est saisissant et le destinataire sera stup\u00e9fait de voir un bouquet aussi imposant tenir dans une simple enveloppe. Il lui suffit d&#039;appuyer sur les c\u00f4t\u00e9s pour le d\u00e9plier. Une fois d\u00e9pli\u00e9e, la carte tient parfaitement debout, stable et sans aucune d\u00e9formation.<\/p>\n<p>Ci-joint une carte s\u00e9par\u00e9e sur laquelle vous pouvez \u00e9crire un message pour l&#039;heureux destinataire. Et une enveloppe cadeau chic, transparente et mate avec \u00ab Meilleurs v\u0153ux \u00bb et une rose imprim\u00e9e en or. Un cadeau magnifique et complet \u00e0 offrir. Dites-le avec des fleurs ! <a href=\"https:\/\/popcards.nl\/fr\/categorie\/fleurs-cartes-de-voeux\/\">Nous avons beaucoup plus de cartes pop-up de fleurs.<\/a><\/p>\n<p><strong>Grand format de carte<\/strong>, \u00e0 plat 23 cm de haut, 19 cm de large, diam\u00e8tre d\u00e9pli\u00e9 15 cm, 69 grammes.<br \/>\nComprend une enveloppe transparente mate assortie. Emball\u00e9 dans un sachet cellophane.<\/p>","protected":false},"excerpt":{"rendered":"<p>\ufeffDeze bijzondere pop-up bloemenkaart is anders uitgevoerd dan onze gebruikelijke Popcards, en heel verrassend. Deze pop-up kaart bestaat uit een driedimensionale vrijstaande glanzende Delfts blauwe vaas met in reli\u00ebf oosterse motieven, waarin een imponerende grote bos bloemen staat. Vol met fraaie bloemen, zoals rozen, anemonen en prachtig bloeiende hyacinten. Ook het boeket bloemen is volledig [&hellip;]<\/p>\n","protected":false},"featured_media":78688,"comment_status":"open","ping_status":"closed","template":"","meta":{"_iconic_wsb_product_page_order_bump_ids":[[]],"_sku":["8785253683645"],"_iconic_wsb_product_page_bump_modal_ids":[[]]},"product_brand":[],"product_cat":[47],"product_tag":[287],"class_list":{"0":"post-78698","1":"product","2":"type-product","3":"status-publish","4":"has-post-thumbnail","6":"product_cat-bloemen-bloemenkaarten-wenskaarten","7":"product_tag-grote-pop-up-kaart","9":"first","10":"instock","11":"taxable","12":"shipping-taxable","13":"purchasable","14":"product-type-simple"},"gallery_images":[94176],"_links":{"self":[{"href":"https:\/\/popcards.nl\/fr\/wp-json\/wp\/v2\/product\/78698","targetHints":{"allow":["GET"]}}],"collection":[{"href":"https:\/\/popcards.nl\/fr\/wp-json\/wp\/v2\/product"}],"about":[{"href":"https:\/\/popcards.nl\/fr\/wp-json\/wp\/v2\/types\/product"}],"replies":[{"embeddable":true,"href":"https:\/\/popcards.nl\/fr\/wp-json\/wp\/v2\/comments?post=78698"}],"wp:featuredmedia":[{"embeddable":true,"href":"https:\/\/popcards.nl\/fr\/wp-json\/wp\/v2\/media\/78688"}],"wp:attachment":[{"href":"https:\/\/popcards.nl\/fr\/wp-json\/wp\/v2\/media?parent=78698"}],"wp:term":[{"taxonomy":"product_brand","embeddable":true,"href":"https:\/\/popcards.nl\/fr\/wp-json\/wp\/v2\/product_brand?post=78698"},{"taxonomy":"product_cat","embeddable":true,"href":"https:\/\/popcards.nl\/fr\/wp-json\/wp\/v2\/product_cat?post=78698"},{"taxonomy":"product_tag","embeddable":true,"href":"https:\/\/popcards.nl\/fr\/wp-json\/wp\/v2\/product_tag?post=78698"}],"curies":[{"name":"wp","href":"https:\/\/api.w.org\/{rel}","templated":true}]}}