{"id":78730,"date":"2024-10-20T21:52:37","date_gmt":"2024-10-20T19:52:37","guid":{"rendered":"https:\/\/popcards.nl\/?post_type=product&#038;p=78730"},"modified":"2025-06-06T16:43:02","modified_gmt":"2025-06-06T14:43:02","slug":"objectif-coupe-du-monde-ce-coupe-deurope-football-carte-de-voeux-pop-up","status":"publish","type":"product","link":"https:\/\/popcards.nl\/fr\/product\/ek-wk-europacup-voetbal-pop-up-kaart-wenskaart\/","title":{"rendered":"But! Grande carte pop-up Championnat d&#039;Europe Coupe du Monde Coupe d&#039;Europe Football Carte de v\u0153ux 3D"},"content":{"rendered":"<p>Objectif, objectif ! \u00cates-vous fou de football ou connaissez-vous quelqu\u2019un qui est fanatique de football ? Alors cette grande carte de v\u0153ux pop-up est le cadeau id\u00e9al ! Le recto de la carte de v\u0153ux est magnifiquement con\u00e7u avec un ballon de football clignotant et laisse d\u00e9j\u00e0 entrevoir un int\u00e9rieur surprenant. Pas moins de 6 footballeurs, un ballon et un but appara\u00eetront automatiquement d\u00e8s que vous d\u00e9plierez la carte. Tr\u00e8s impressionnant et plein de dynamique. But! De quels joueurs s&#039;agit-il ? Peut-\u00eatre Pel\u00e9, Ronaldo, Zidane, Messi ou Mbapp\u00e9. Agr\u00e9able \u00e0 offrir, mais aussi amusant \u00e0 recevoir. Pour tous les meilleurs buteurs, jeunes et moins jeunes. La carte de v\u0153ux comprend une carte d&#039;\u00e9criture s\u00e9par\u00e9e sur laquelle vous pouvez \u00e9crire votre texte personnel. <a href=\"https:\/\/popcards.nl\/fr\/product\/carte-de-voeux-pop-up-goal-ec-world-cup-european-cup-soccer\/\">Nous avons \u00e9galement une autre carte de voeux de football.<\/a><\/p>\n<p>Taille de la carte 30 \u00d7 20 cm, pli\u00e9e \u00e0 15 \u00d7 20 cm. Avec carte s\u00e9par\u00e9e pour votre texte.<br \/>\nY compris l&#039;enveloppe de couleur or, emball\u00e9e dans un sac en cellophane.<\/p>","protected":false},"excerpt":{"rendered":"<p>Goal, doelpunt! Ben je helemaal gek van voetbal of ken je iemand die voetbalfanaat is? Dan is deze grote pop-up wenskaart het ideale cadeau! De voorzijde van de wenskaart is schitterend vormgegeven met een flitsende voetbal en hint al een beetje naar de verrassende binnenzijde. Maar liefst 6 voetballers, een bal \u00e9n een doel komen [&hellip;]<\/p>\n","protected":false},"featured_media":78687,"comment_status":"open","ping_status":"closed","template":"","meta":{"_iconic_wsb_product_page_order_bump_ids":[[]],"_sku":["4805388550149"],"_iconic_wsb_product_page_bump_modal_ids":[[]]},"product_brand":[],"product_cat":[149],"product_tag":[150],"class_list":{"0":"post-78730","1":"product","2":"type-product","3":"status-publish","4":"has-post-thumbnail","6":"product_cat-sport-voetballen-fietsen-golfen-wenskaarten","7":"product_tag-sport","9":"first","10":"outofstock","11":"taxable","12":"shipping-taxable","13":"purchasable","14":"product-type-simple"},"gallery_images":[78694],"_links":{"self":[{"href":"https:\/\/popcards.nl\/fr\/wp-json\/wp\/v2\/product\/78730","targetHints":{"allow":["GET"]}}],"collection":[{"href":"https:\/\/popcards.nl\/fr\/wp-json\/wp\/v2\/product"}],"about":[{"href":"https:\/\/popcards.nl\/fr\/wp-json\/wp\/v2\/types\/product"}],"replies":[{"embeddable":true,"href":"https:\/\/popcards.nl\/fr\/wp-json\/wp\/v2\/comments?post=78730"}],"wp:featuredmedia":[{"embeddable":true,"href":"https:\/\/popcards.nl\/fr\/wp-json\/wp\/v2\/media\/78687"}],"wp:attachment":[{"href":"https:\/\/popcards.nl\/fr\/wp-json\/wp\/v2\/media?parent=78730"}],"wp:term":[{"taxonomy":"product_brand","embeddable":true,"href":"https:\/\/popcards.nl\/fr\/wp-json\/wp\/v2\/product_brand?post=78730"},{"taxonomy":"product_cat","embeddable":true,"href":"https:\/\/popcards.nl\/fr\/wp-json\/wp\/v2\/product_cat?post=78730"},{"taxonomy":"product_tag","embeddable":true,"href":"https:\/\/popcards.nl\/fr\/wp-json\/wp\/v2\/product_tag?post=78730"}],"curies":[{"name":"wp","href":"https:\/\/api.w.org\/{rel}","templated":true}]}}