{"id":78963,"date":"2024-10-25T22:31:33","date_gmt":"2024-10-25T20:31:33","guid":{"rendered":"https:\/\/popcards.nl\/?post_type=product&#038;p=78963"},"modified":"2026-04-08T22:14:19","modified_gmt":"2026-04-08T20:14:19","slug":"mega-grand-bouquet-de-fleurs-de-jonquilles-dans-un-vase","status":"publish","type":"product","link":"https:\/\/popcards.nl\/fr\/product\/megagroot-boeket-bloemen-narcissen-in-vaas\/","title":{"rendered":"M\u00e9ga-grand bouquet autoportant de belles fleurs Jonquilles dans une carte pop-up vase bleu de Delft"},"content":{"rendered":"<p>Cette tr\u00e8s grande carte pop-up jonquille autoportante est diff\u00e9rente de nos Popcards habituelles et tr\u00e8s surprenante. Cette carte pop-up se compose d&#039;un vase bleu de Delft autoportant en trois dimensions, contenant un impressionnant grand bouquet de jonquilles avec des raisins bleus. Le bouquet de jonquilles est \u00e9galement enti\u00e8rement tridimensionnel, vous pouvez le regarder sous tous les c\u00f4t\u00e9s. Cela donne un superbe effet et le destinataire sera surpris qu&#039;un bouquet rond aussi \u00e9tendu tienne dans une enveloppe plate. Une fois d\u00e9pli\u00e9e, la carte est compl\u00e8tement l\u00e2che, robuste et autonome dans l&#039;espace. Les jonquilles et le vase sont emball\u00e9s avec chic dans une couverture bleu nuit\/jaune assortie, un tout festif. Ci-joint une carte s\u00e9par\u00e9e sur laquelle vous pouvez \u00e9crire un message pour l&#039;heureux destinataire. La configuration de cette carte n\u00e9cessite une certaine habilet\u00e9, c&#039;est pourquoi des instructions de configuration claires en n\u00e9erlandais ont \u00e9t\u00e9 ajout\u00e9es.<\/p>\n<p>Un cadeau magnifique et complet \u00e0 offrir. Ces fleurs n&#039;ont pas besoin d&#039;eau et ne se fanent jamais. \ud83d\ude0a Dites-le avec des fleurs ! <a href=\"https:\/\/popcards.nl\/fr\/product\/mega-grand-bouquet-de-fleurs-de-sakura-roses-dans-un-vase\/\">Nous avons une carte pop-up similaire avec la fleur de cerisier Sakura.<\/a><\/p>\n<p><strong>Taille de la carte m\u00e9ga-grande\u00a0: 30 cm de haut x 24 cm de large x 9 cm de profondeur<\/strong>. Comprend une enveloppe d&#039;exp\u00e9dition assortie et une belle carte pour votre texte personnel. Poids 120 grammes.<\/p>","protected":false},"excerpt":{"rendered":"<p>Deze supergrote vrijstaande narcissen pop-up kaart is anders uitgevoerd dan onze gebruikelijke Popcards, en heel verrassend. Deze pop-up kaart bestaat uit een driedimensionale vrijstaande Delfts blauwe vaas, waarin een imponerende grote bos narcissen met blauwe druifjes staat. Ook het boeket narcissen is volledig driedimensionaal, je kunt er rondom van alle kanten naar kijken. Dat geeft [&hellip;]<\/p>\n","protected":false},"featured_media":78692,"comment_status":"open","ping_status":"closed","template":"","meta":{"_iconic_wsb_product_page_order_bump_ids":[[]],"_sku":["4805388554819"],"_iconic_wsb_product_page_bump_modal_ids":[[]]},"product_brand":[],"product_cat":[47],"product_tag":[287],"class_list":{"0":"post-78963","1":"product","2":"type-product","3":"status-publish","4":"has-post-thumbnail","6":"product_cat-bloemen-bloemenkaarten-wenskaarten","7":"product_tag-grote-pop-up-kaart","9":"first","10":"instock","11":"taxable","12":"shipping-taxable","13":"purchasable","14":"product-type-simple"},"gallery_images":[],"_links":{"self":[{"href":"https:\/\/popcards.nl\/fr\/wp-json\/wp\/v2\/product\/78963","targetHints":{"allow":["GET"]}}],"collection":[{"href":"https:\/\/popcards.nl\/fr\/wp-json\/wp\/v2\/product"}],"about":[{"href":"https:\/\/popcards.nl\/fr\/wp-json\/wp\/v2\/types\/product"}],"replies":[{"embeddable":true,"href":"https:\/\/popcards.nl\/fr\/wp-json\/wp\/v2\/comments?post=78963"}],"wp:featuredmedia":[{"embeddable":true,"href":"https:\/\/popcards.nl\/fr\/wp-json\/wp\/v2\/media\/78692"}],"wp:attachment":[{"href":"https:\/\/popcards.nl\/fr\/wp-json\/wp\/v2\/media?parent=78963"}],"wp:term":[{"taxonomy":"product_brand","embeddable":true,"href":"https:\/\/popcards.nl\/fr\/wp-json\/wp\/v2\/product_brand?post=78963"},{"taxonomy":"product_cat","embeddable":true,"href":"https:\/\/popcards.nl\/fr\/wp-json\/wp\/v2\/product_cat?post=78963"},{"taxonomy":"product_tag","embeddable":true,"href":"https:\/\/popcards.nl\/fr\/wp-json\/wp\/v2\/product_tag?post=78963"}],"curies":[{"name":"wp","href":"https:\/\/api.w.org\/{rel}","templated":true}]}}