{"id":83516,"date":"2025-01-22T21:17:56","date_gmt":"2025-01-22T20:17:56","guid":{"rendered":"https:\/\/popcards.nl\/?post_type=product&#038;p=83516"},"modified":"2026-04-18T10:31:07","modified_gmt":"2026-04-18T08:31:07","slug":"carte-pop-up-champignons-escargot-couleurs-dautomne-2","status":"publish","type":"product","link":"https:\/\/popcards.nl\/fr\/product\/pop-up-kaart-paddenstoelen-slak-herstkleuren\/","title":{"rendered":"Magnifique carte pop-up Champignons avec escargot aux couleurs d&#039;automne | Carte de voeux d&#039;automne"},"content":{"rendered":"<p>Cette carte pop-up champignon montre une belle illustration de diff\u00e9rents champignons sur le devant orange mat. Cette illustration au brillant doux est profond\u00e9ment incrust\u00e9e dans le fond orange mat, ce qui donne un effet surprenant. Lorsque vous ouvrez la Popcard, une belle composition de 3 amanites mouches avec un fier escargot se d\u00e9ploie sur une couronne de champignons forestiers et de feuilles. Le fond est imprim\u00e9 de champignons et de feuilles de couleurs assorties. Une sc\u00e8ne compl\u00e8te pour l&#039;automne et une carte de v\u0153ux merveilleusement belle qui fait vraiment impression !<\/p>\n<p>L\u2019agaric mouche est l\u2019un des champignons les plus beaux et certainement les plus c\u00e9l\u00e8bres. Ils poussent principalement en for\u00eat, dans les for\u00eats de feuillus, mais on peut aussi trouver ce champignon dans l&#039;herbe \u00e0 l&#039;ombre d&#039;un grand arbre. Lors d&#039;une belle promenade dans les bois, par exemple. Surtout sous un bouleau, un pin, un ch\u00eane ou un h\u00eatre sur sol acide. L&#039;Amanita Muscaria ou Fly Agaric est ainsi appel\u00e9e parce que les \u00e9leveurs m\u00e9langeaient les flocons blancs toxiques du champignon avec de l&#039;eau et utilisaient le m\u00e9lange pour se d\u00e9barrasser des mouches dans l&#039;\u00e9table. Les escargots \u2013 limaces et escargots ordinaires \u2013 aiment manger des champignons, y compris cet agaric mouche. De plus, les souris, les lapins, les \u00e9cureuils et les insectes comme les col\u00e9opt\u00e8res aiment ce champignon. L&#039;agaric mouche est moins adapt\u00e9 \u00e0 la consommation humaine. L&#039;agaric mouche a \u00e9t\u00e9 d\u00e9clar\u00e9 Champignon de l&#039;ann\u00e9e en 2022.<\/p>\n<p>Taille de la carte 26 \u00d7 18 cm, pli\u00e9e \u00e0 13 \u00d7 18 cm.<br \/>\nY compris enveloppe assortie, emball\u00e9e dans un sac de cellophane.<\/p>","protected":false},"excerpt":{"rendered":"<p>Deze paddenstoel pop-up kaart toont op de mat oranje voorzijde een prachtige illustratie van verschillende paddenstoelen. Deze zacht glanzende illustratie is verdiept ingelegd in de matte oranje ondergrond, wat een verrassend effect geeft. Als je de Popcard openslaat ontvouwt zich op een krans van bospaddenstoelen en bladeren een prachtige compositie van 3 vliegenzwammen met trotse [&hellip;]<\/p>\n","protected":false},"featured_media":83095,"comment_status":"open","ping_status":"closed","template":"","meta":{"_iconic_wsb_product_page_order_bump_ids":[[]],"_sku":["8785253684659"],"_iconic_wsb_product_page_bump_modal_ids":[[]]},"product_brand":[],"product_cat":[21,47],"product_tag":[48],"class_list":{"0":"post-83516","1":"product","2":"type-product","3":"status-publish","4":"has-post-thumbnail","6":"product_cat-dieren-dierenkaarten-wenskaarten","7":"product_cat-bloemen-bloemenkaarten-wenskaarten","8":"product_tag-bloemen","10":"first","11":"instock","12":"taxable","13":"shipping-taxable","14":"purchasable","15":"product-type-simple"},"gallery_images":[85952],"_links":{"self":[{"href":"https:\/\/popcards.nl\/fr\/wp-json\/wp\/v2\/product\/83516","targetHints":{"allow":["GET"]}}],"collection":[{"href":"https:\/\/popcards.nl\/fr\/wp-json\/wp\/v2\/product"}],"about":[{"href":"https:\/\/popcards.nl\/fr\/wp-json\/wp\/v2\/types\/product"}],"replies":[{"embeddable":true,"href":"https:\/\/popcards.nl\/fr\/wp-json\/wp\/v2\/comments?post=83516"}],"wp:featuredmedia":[{"embeddable":true,"href":"https:\/\/popcards.nl\/fr\/wp-json\/wp\/v2\/media\/83095"}],"wp:attachment":[{"href":"https:\/\/popcards.nl\/fr\/wp-json\/wp\/v2\/media?parent=83516"}],"wp:term":[{"taxonomy":"product_brand","embeddable":true,"href":"https:\/\/popcards.nl\/fr\/wp-json\/wp\/v2\/product_brand?post=83516"},{"taxonomy":"product_cat","embeddable":true,"href":"https:\/\/popcards.nl\/fr\/wp-json\/wp\/v2\/product_cat?post=83516"},{"taxonomy":"product_tag","embeddable":true,"href":"https:\/\/popcards.nl\/fr\/wp-json\/wp\/v2\/product_tag?post=83516"}],"curies":[{"name":"wp","href":"https:\/\/api.w.org\/{rel}","templated":true}]}}