{"id":89903,"date":"2025-07-03T14:26:57","date_gmt":"2025-07-03T12:26:57","guid":{"rendered":"https:\/\/popcards.nl\/?post_type=product&#038;p=89903"},"modified":"2026-04-20T10:58:09","modified_gmt":"2026-04-20T08:58:09","slug":"carte-pop-up-avec-de-magnifiques-papillons-et-des-marguerites","status":"publish","type":"product","link":"https:\/\/popcards.nl\/fr\/product\/margrieten-prachtige-vlinder-pop-up-kaart\/","title":{"rendered":"Carte pop-up Joyeuses marguerites avec de beaux papillons"},"content":{"rendered":"<p>Cette carte Popcard pr\u00e9sente une magnifique illustration de marguerites aux tons doux au recto, surmont\u00e9es de deux papillons. L&#039;illustration est sublim\u00e9e par de d\u00e9licates lignes dor\u00e9es brillantes. Cette technique d&#039;impression sp\u00e9ciale, associ\u00e9e au lilas mat du fond, cr\u00e9e un effet magnifique. <strong>\u00c0 l&#039;ouverture de la Popcard, un grand bouquet de marguerites se d\u00e9ploie, blanc \u00e9clatant et rose tendre, agr\u00e9ment\u00e9 de c\u0153urs jaune soleil. Le d\u00e9licat imprim\u00e9 dor\u00e9 est appliqu\u00e9 partout.<\/strong> Au sommet des marguerites, un grand papillon violet d\u00e9ploie gracieusement ses ailes. Il flotte au-dessus du bouquet, symbole du changement. La base du pop-up est orn\u00e9e de marguerites aux tons pastel.<\/p>\n<p>Les marguerites sont des fleurs de simplicit\u00e9, d&#039;innocence et de renouveau. Leur fra\u00eecheur et leur c\u0153ur ouvert \u00e9voquent la sinc\u00e9rit\u00e9 enfantine et la confiance que chaque jour offre une nouvelle chance. La marguerite symbolise \u00e9galement la loyaut\u00e9 et la joie\u00a0; l\u00e0 o\u00f9 elle fleurit, elle r\u00e9pand l\u00e9g\u00e8ret\u00e9 et connexion. Dans un champ de marguerites, tout semble possible et chaque instant a une touche d&#039;or.<\/p>\n<p><strong>Le papillon est un symbole mondial de transformation, de libert\u00e9 et d\u2019espoir.<\/strong> Par sa magnifique m\u00e9tamorphose, de chenille en gracieuse cr\u00e9ature ail\u00e9e, le papillon symbolise l&#039;\u00e9panouissement personnel, l&#039;acceptation du changement et le l\u00e2cher-prise. Un papillon violet ajoute une touche particuli\u00e8re \u00e0 cette m\u00e9tamorphose\u00a0: la couleur violette rayonne de mysticisme, d&#039;inspiration et de puissance spirituelle. Elle invite au r\u00eave et nous rappelle que m\u00eame en p\u00e9riode de changement, la beaut\u00e9 peut surgir.<\/p>\n<p>Cette carte Popcard nous rappelle le pouvoir de la simplicit\u00e9 et la merveille du renouveau. Tout comme les marguerites rena\u00eetront toujours et que le papillon se d\u00e9ploiera sans cesse, chacun de nous poss\u00e8de la capacit\u00e9 de grandir, de s&#039;\u00e9panouir et de s&#039;envoler vers la vie avec confiance.<\/p>\n<p>Vous pouvez \u00e9crire des mots personnels sur la carte volante ci-jointe.<br \/>\nFormat 30 x 20 cm, pli\u00e9 en 15 x 20 cm.<br \/>\nY compris enveloppe assortie, emball\u00e9e dans un sac de cellophane.<\/p>","protected":false},"excerpt":{"rendered":"<p>Deze Popcard toont op de voorzijde een fraaie illustratie van margrieten in zachte tinten, waarboven 2 vlinders vliegen. De illustratie is aangevuld met ragfijne glanzende gouden lijnen. Een aparte druktechniek, wat in combinatie met het matte lila van de ondergrond een fraai effect geeft. Als je de Popcard opent, ontvouwt zich een groot boeket van [&hellip;]<\/p>\n","protected":false},"featured_media":89921,"comment_status":"open","ping_status":"closed","template":"","meta":{"_iconic_wsb_product_page_order_bump_ids":[[]],"_sku":["4805388556974"],"_iconic_wsb_product_page_bump_modal_ids":[[]]},"product_brand":[],"product_cat":[47,78,21],"product_tag":[48,247],"class_list":{"0":"post-89903","1":"product","2":"type-product","3":"status-publish","4":"has-post-thumbnail","6":"product_cat-bloemen-bloemenkaarten-wenskaarten","7":"product_cat-beterschapskaarten-troostkaarten-condoleancekaarten","8":"product_cat-dieren-dierenkaarten-wenskaarten","9":"product_tag-bloemen","10":"product_tag-vlinder","12":"first","13":"instock","14":"taxable","15":"shipping-taxable","16":"purchasable","17":"product-type-simple"},"gallery_images":[89913,89916,93747],"_links":{"self":[{"href":"https:\/\/popcards.nl\/fr\/wp-json\/wp\/v2\/product\/89903","targetHints":{"allow":["GET"]}}],"collection":[{"href":"https:\/\/popcards.nl\/fr\/wp-json\/wp\/v2\/product"}],"about":[{"href":"https:\/\/popcards.nl\/fr\/wp-json\/wp\/v2\/types\/product"}],"replies":[{"embeddable":true,"href":"https:\/\/popcards.nl\/fr\/wp-json\/wp\/v2\/comments?post=89903"}],"wp:featuredmedia":[{"embeddable":true,"href":"https:\/\/popcards.nl\/fr\/wp-json\/wp\/v2\/media\/89921"}],"wp:attachment":[{"href":"https:\/\/popcards.nl\/fr\/wp-json\/wp\/v2\/media?parent=89903"}],"wp:term":[{"taxonomy":"product_brand","embeddable":true,"href":"https:\/\/popcards.nl\/fr\/wp-json\/wp\/v2\/product_brand?post=89903"},{"taxonomy":"product_cat","embeddable":true,"href":"https:\/\/popcards.nl\/fr\/wp-json\/wp\/v2\/product_cat?post=89903"},{"taxonomy":"product_tag","embeddable":true,"href":"https:\/\/popcards.nl\/fr\/wp-json\/wp\/v2\/product_tag?post=89903"}],"curies":[{"name":"wp","href":"https:\/\/api.w.org\/{rel}","templated":true}]}}