{"id":89955,"date":"2025-07-03T20:44:31","date_gmt":"2025-07-03T18:44:31","guid":{"rendered":"https:\/\/popcards.nl\/?post_type=product&#038;p=89955"},"modified":"2025-12-24T18:18:49","modified_gmt":"2025-12-24T17:18:49","slug":"carte-de-noel-avec-un-tres-grand-bouquet-de-poinsettias","status":"publish","type":"product","link":"https:\/\/popcards.nl\/fr\/product\/supergroot-kerstboeket-kerststerren-kerstkaart\/","title":{"rendered":"Bouquet de No\u00ebl autoportant super grand\u00a0: carte de No\u00ebl pop-up avec poinsettias dans un vase"},"content":{"rendered":"<p>Cette carte pop-up unique est diff\u00e9rente de nos Popcards habituelles et plut\u00f4t surprenante. Elle pr\u00e9sente un vase tridimensionnel autoportant d\u00e9cor\u00e9 de poinsettias, contenant un imposant bouquet de poinsettias rouges et blancs aux baies rouges. Ce bouquet de fleurs est enti\u00e8rement tridimensionnel, vous permettant de l&#039;admirer sous tous les angles. L&#039;effet est magnifique, et le destinataire sera \u00e9tonn\u00e9 qu&#039;un bouquet aussi grand et rond tienne dans une enveloppe plate. Une fois d\u00e9pli\u00e9, le bouquet tient debout, parfaitement libre et solide. Un grand bouquet de No\u00ebl ! Une carte de No\u00ebl qui fera sensation !<\/p>\n<p>Une carte s\u00e9par\u00e9e est incluse, sur laquelle vous pourrez \u00e9crire un message pour l&#039;heureux destinataire. Un magnifique bouquet de No\u00ebl complet \u00e0 offrir. Ou \u00e0 garder pour soi. Dites-le avec des fleurs\u00a0! <a href=\"https:\/\/popcards.nl\/fr\/categorie\/les-10-plus-belles-cartes-de-noel\/\">Nous avons beaucoup plus de cartes de No\u00ebl pop-up.<\/a><\/p>\n<p>Carte format super grand, 30 cm de hauteur \u00e0 plat, 20 cm de largeur, diam\u00e8tre d\u00e9pli\u00e9 20 cm.<br \/>\nY compris enveloppe dor\u00e9e assortie. Emball\u00e9 dans un sac en cellophane.<\/p>","protected":false},"excerpt":{"rendered":"<p>Deze bijzondere pop-up bloemenkaart is anders uitgevoerd dan onze gebruikelijke Popcards, en heel verrassend. Deze pop-up kaart bestaat uit een driedimensionale vrijstaande met kerststerren gedecoreerde vaas, waarin een imponerende grote bos rode en witte kerststerren met rode bessen staat. Dit boeket bloemen is volledig driedimensionaal, je kunt er rondom van alle kanten naar kijken. Dat [&hellip;]<\/p>\n","protected":false},"featured_media":89957,"comment_status":"open","ping_status":"closed","template":"","meta":{"_iconic_wsb_product_page_order_bump_ids":[[]],"_sku":["4805388557001"],"_iconic_wsb_product_page_bump_modal_ids":[[]]},"product_brand":[],"product_cat":[79],"product_tag":[131],"class_list":{"0":"post-89955","1":"product","2":"type-product","3":"status-publish","4":"has-post-thumbnail","6":"product_cat-de-top-10-mooiste-kerstkaarten","7":"product_tag-kerst","9":"first","10":"outofstock","11":"taxable","12":"shipping-taxable","13":"purchasable","14":"product-type-simple"},"gallery_images":[93738],"_links":{"self":[{"href":"https:\/\/popcards.nl\/fr\/wp-json\/wp\/v2\/product\/89955","targetHints":{"allow":["GET"]}}],"collection":[{"href":"https:\/\/popcards.nl\/fr\/wp-json\/wp\/v2\/product"}],"about":[{"href":"https:\/\/popcards.nl\/fr\/wp-json\/wp\/v2\/types\/product"}],"replies":[{"embeddable":true,"href":"https:\/\/popcards.nl\/fr\/wp-json\/wp\/v2\/comments?post=89955"}],"wp:featuredmedia":[{"embeddable":true,"href":"https:\/\/popcards.nl\/fr\/wp-json\/wp\/v2\/media\/89957"}],"wp:attachment":[{"href":"https:\/\/popcards.nl\/fr\/wp-json\/wp\/v2\/media?parent=89955"}],"wp:term":[{"taxonomy":"product_brand","embeddable":true,"href":"https:\/\/popcards.nl\/fr\/wp-json\/wp\/v2\/product_brand?post=89955"},{"taxonomy":"product_cat","embeddable":true,"href":"https:\/\/popcards.nl\/fr\/wp-json\/wp\/v2\/product_cat?post=89955"},{"taxonomy":"product_tag","embeddable":true,"href":"https:\/\/popcards.nl\/fr\/wp-json\/wp\/v2\/product_tag?post=89955"}],"curies":[{"name":"wp","href":"https:\/\/api.w.org\/{rel}","templated":true}]}}