{"id":90135,"date":"2025-07-08T10:08:26","date_gmt":"2025-07-08T08:08:26","guid":{"rendered":"https:\/\/popcards.nl\/?post_type=product&#038;p=90135"},"modified":"2026-04-13T17:39:02","modified_gmt":"2026-04-13T15:39:02","slug":"carte-pop-up-grand-bouquet-de-marguerites","status":"publish","type":"product","link":"https:\/\/popcards.nl\/fr\/product\/groot-boeket-margrieten-pop-up-kaart\/","title":{"rendered":"Carte pop-up Grand bouquet autoportant Belles marguerites"},"content":{"rendered":"<p>Cette carte pop-up unique est diff\u00e9rente de nos Popcards habituelles et plut\u00f4t surprenante. Elle pr\u00e9sente un vase tridimensionnel autoportant, d\u00e9cor\u00e9 d&#039;un n\u0153ud rose, contenant un imposant bouquet de fleurs aux couleurs vari\u00e9es. Ce bouquet de magnifiques marguerites est enti\u00e8rement tridimensionnel, vous permettant de l&#039;admirer sous tous les angles. L&#039;effet est magnifique, et le destinataire sera \u00e9tonn\u00e9 qu&#039;un bouquet aussi grand et rond tienne dans une enveloppe plate. Une fois d\u00e9pli\u00e9, le bouquet tient debout, parfaitement libre et solide. Une carte de v\u0153ux qui fera forte impression.<\/p>\n<p>Vous recevrez quatre fanions dor\u00e9s, que vous pourrez ajouter au bouquet selon vos envies (ou les laisser vierges, sans texte\u00a0!). Choisissez votre message\u00a0: Anniversaire, Remerciements, F\u00eate des M\u00e8res ou Amour. Une enveloppe s\u00e9par\u00e9e est \u00e9galement incluse, contenant une carte o\u00f9 vous pourrez \u00e9crire un message pour l&#039;heureux destinataire. Un magnifique bouquet complet \u00e0 offrir. Ou \u00e0 garder pour vous. Dites-le avec des fleurs\u00a0! Nous avons bien d&#039;autres cartes pop-up fleuries.<\/p>\n<p><strong>Grand format de carte<\/strong>, plat 20 cm de haut, 25 cm de large, diam\u00e8tre d\u00e9pli\u00e9 18 cm.<br \/>\nLivr\u00e9 avec une enveloppe de couleur assortie. Emball\u00e9 sous cellophane.<\/p>","protected":false},"excerpt":{"rendered":"<p>Deze bijzondere pop-up bloemenkaart is anders uitgevoerd dan onze gebruikelijke Popcards, en heel verrassend. Deze pop-up kaart bestaat uit een driedimensionale vrijstaande met roze strik gedecoreerde vaas, waarin een imponerende grote bos bloemen in verschillende kleuren staat. Dit boeket met prachtige margrieten is volledig driedimensionaal, je kunt er rondom van alle kanten naar kijken. Dat [&hellip;]<\/p>\n","protected":false},"featured_media":90130,"comment_status":"open","ping_status":"closed","template":"","meta":{"_iconic_wsb_product_page_order_bump_ids":[[]],"_sku":["4805388550040"],"_iconic_wsb_product_page_bump_modal_ids":[[]]},"product_brand":[],"product_cat":[47],"product_tag":[48,288],"class_list":{"0":"post-90135","1":"product","2":"type-product","3":"status-publish","4":"has-post-thumbnail","6":"product_cat-bloemen-bloemenkaarten-wenskaarten","7":"product_tag-bloemen","8":"product_tag-supergroot","10":"first","11":"instock","12":"sale","13":"taxable","14":"shipping-taxable","15":"purchasable","16":"product-type-simple"},"gallery_images":[],"_links":{"self":[{"href":"https:\/\/popcards.nl\/fr\/wp-json\/wp\/v2\/product\/90135","targetHints":{"allow":["GET"]}}],"collection":[{"href":"https:\/\/popcards.nl\/fr\/wp-json\/wp\/v2\/product"}],"about":[{"href":"https:\/\/popcards.nl\/fr\/wp-json\/wp\/v2\/types\/product"}],"replies":[{"embeddable":true,"href":"https:\/\/popcards.nl\/fr\/wp-json\/wp\/v2\/comments?post=90135"}],"wp:featuredmedia":[{"embeddable":true,"href":"https:\/\/popcards.nl\/fr\/wp-json\/wp\/v2\/media\/90130"}],"wp:attachment":[{"href":"https:\/\/popcards.nl\/fr\/wp-json\/wp\/v2\/media?parent=90135"}],"wp:term":[{"taxonomy":"product_brand","embeddable":true,"href":"https:\/\/popcards.nl\/fr\/wp-json\/wp\/v2\/product_brand?post=90135"},{"taxonomy":"product_cat","embeddable":true,"href":"https:\/\/popcards.nl\/fr\/wp-json\/wp\/v2\/product_cat?post=90135"},{"taxonomy":"product_tag","embeddable":true,"href":"https:\/\/popcards.nl\/fr\/wp-json\/wp\/v2\/product_tag?post=90135"}],"curies":[{"name":"wp","href":"https:\/\/api.w.org\/{rel}","templated":true}]}}