{"id":92591,"date":"2025-09-16T15:24:10","date_gmt":"2025-09-16T13:24:10","guid":{"rendered":"https:\/\/popcards.nl\/?post_type=product&#038;p=92591"},"modified":"2026-01-02T16:50:08","modified_gmt":"2026-01-02T15:50:08","slug":"carte-pop-up-carte-de-noel-3d-sapin-de-noel","status":"publish","type":"product","link":"https:\/\/popcards.nl\/fr\/product\/pop-up-kaart-3d-kerstkaart-kerstboom\/","title":{"rendered":"Carte de No\u00ebl pop-up avec sapin de No\u00ebl \u2013 Carte de v\u0153ux 3D de luxe"},"content":{"rendered":"<p>Rendez les f\u00eates encore plus sp\u00e9ciales avec cette magnifique carte de No\u00ebl pop-up repr\u00e9sentant un sapin de No\u00ebl de Popcards. Au recto, un charmant sapin de No\u00ebl garni de boules color\u00e9es, de bougies et de cadeaux se d\u00e9voile. Une fois ouverte, elle d\u00e9voile un impressionnant sapin en 3D, d\u00e9cor\u00e9 de boules brillantes, de serpentins, de bougies et d&#039;une cime dor\u00e9e.<\/p>\n<p>Cette carte de No\u00ebl 3D unique est bien plus qu&#039;une simple carte\u00a0; c&#039;est aussi une d\u00e9coration festive qui fera sourire son destinataire. Parfaite pour d\u00e9corer la chemin\u00e9e, le rebord de la fen\u00eatre ou la table des f\u00eates pendant les f\u00eates.<\/p>\n<p><strong>Caract\u00e9ristiques<\/strong><\/p>\n<ul>\n<li>Carte de No\u00ebl pop-up luxueuse de qualit\u00e9 robuste<\/li>\n<li>Fa\u00e7ade avec sapin de No\u00ebl atmosph\u00e9rique et cadeaux<\/li>\n<li>\u00c0 l&#039;int\u00e9rieur d&#039;un impressionnant sapin de No\u00ebl 3D avec des boules, des guirlandes, des bougies et une d\u00e9coration<\/li>\n<li>Peut \u00eatre envoy\u00e9 par courrier avec seulement 1 timbre PostNL de d\u00e9cembre<\/li>\n<li>Id\u00e9al comme carte de No\u00ebl originale pour la famille, les amis ou les relations d&#039;affaires<\/li>\n<\/ul>\n<p>Avec cette carte de No\u00ebl pop-up, vous transmettrez non seulement de chaleureux v\u0153ux, mais aussi un souvenir inoubliable que vous exposerez fi\u00e8rement. Cette ann\u00e9e, offrez un message de No\u00ebl inoubliable avec cette luxueuse carte de No\u00ebl pop-up 3D de Popcards\u00a0! \ud83c\udf84<\/p>\n<p>Format carte 30 \u00d7 15 cm, pli\u00e9e en 15 \u00d7 15 cm.<br \/>\nY compris enveloppe assortie, emball\u00e9e dans un sac de cellophane.<\/p>","protected":false},"excerpt":{"rendered":"<p>Maak de feestdagen extra bijzonder met deze prachtige pop-up kerstkaart met kerstboom van Popcards. Op de voorzijde staat een sfeervolle kerstboom vol kleurrijke kerstballen, kaarsjes en cadeautjes eronder. Bij het openen ontvouwt zich een indrukwekkende 3D kerstboom compleet met versieringen, glimmende ballen, slingers, kaarsjes en een gouden piek. Deze unieke 3D kerstkaart is niet alleen [&hellip;]<\/p>\n","protected":false},"featured_media":92562,"comment_status":"open","ping_status":"closed","template":"","meta":{"_iconic_wsb_product_page_order_bump_ids":[[]],"_sku":["4805388549013"],"_iconic_wsb_product_page_bump_modal_ids":[[]]},"product_brand":[],"product_cat":[79],"product_tag":[131],"class_list":{"0":"post-92591","1":"product","2":"type-product","3":"status-publish","4":"has-post-thumbnail","6":"product_cat-de-top-10-mooiste-kerstkaarten","7":"product_tag-kerst","9":"first","10":"outofstock","11":"taxable","12":"shipping-taxable","13":"purchasable","14":"product-type-simple"},"gallery_images":[93697],"_links":{"self":[{"href":"https:\/\/popcards.nl\/fr\/wp-json\/wp\/v2\/product\/92591","targetHints":{"allow":["GET"]}}],"collection":[{"href":"https:\/\/popcards.nl\/fr\/wp-json\/wp\/v2\/product"}],"about":[{"href":"https:\/\/popcards.nl\/fr\/wp-json\/wp\/v2\/types\/product"}],"replies":[{"embeddable":true,"href":"https:\/\/popcards.nl\/fr\/wp-json\/wp\/v2\/comments?post=92591"}],"wp:featuredmedia":[{"embeddable":true,"href":"https:\/\/popcards.nl\/fr\/wp-json\/wp\/v2\/media\/92562"}],"wp:attachment":[{"href":"https:\/\/popcards.nl\/fr\/wp-json\/wp\/v2\/media?parent=92591"}],"wp:term":[{"taxonomy":"product_brand","embeddable":true,"href":"https:\/\/popcards.nl\/fr\/wp-json\/wp\/v2\/product_brand?post=92591"},{"taxonomy":"product_cat","embeddable":true,"href":"https:\/\/popcards.nl\/fr\/wp-json\/wp\/v2\/product_cat?post=92591"},{"taxonomy":"product_tag","embeddable":true,"href":"https:\/\/popcards.nl\/fr\/wp-json\/wp\/v2\/product_tag?post=92591"}],"curies":[{"name":"wp","href":"https:\/\/api.w.org\/{rel}","templated":true}]}}