{"id":92598,"date":"2025-09-16T15:41:49","date_gmt":"2025-09-16T13:41:49","guid":{"rendered":"https:\/\/popcards.nl\/?post_type=product&#038;p=92598"},"modified":"2026-04-03T15:52:11","modified_gmt":"2026-04-03T13:52:11","slug":"carte-de-noel-pop-up-joyeux-noel-carte-3d","status":"publish","type":"product","link":"https:\/\/popcards.nl\/fr\/product\/pop-up-kerstkaart-merry-christmas-3d-kaart\/","title":{"rendered":"Carte de No\u00ebl 3D Joyeux No\u00ebl avec bonhommes de neige, cadeaux et d\u00e9corations"},"content":{"rendered":"<p>Faites vibrer l&#039;esprit de No\u00ebl avec cette carte pop-up festive \u00ab\u00a0Joyeux No\u00ebl\u00a0\u00bb de Popcards. Au recto, la carte arbore un joyeux message \u00ab\u00a0Joyeux No\u00ebl\u00a0\u00bb, des cadeaux color\u00e9s et des d\u00e9corations de No\u00ebl. Une fois ouverte, une carte pop-up 3D spectaculaire se d\u00e9ploie\u00a0: de grandes et \u00e9l\u00e9gantes lettres \u00ab\u00a0Joyeux No\u00ebl\u00a0\u00bb, de joyeux bonhommes de neige coiff\u00e9s de bonnets de P\u00e8re No\u00ebl, des cadeaux, des \u00e9toiles et des d\u00e9corations de No\u00ebl festives.<\/p>\n<p>Cette carte de No\u00ebl 3D unique est bien plus qu&#039;une simple carte\u00a0: c&#039;est une exp\u00e9rience de No\u00ebl compl\u00e8te qui ravira \u00e0 coup s\u00fbr son destinataire. Parfaite pour d\u00e9corer vos f\u00eates.<\/p>\n<p><strong>Caract\u00e9ristiques<\/strong><\/p>\n<ul>\n<li>Carte de No\u00ebl pop-up de luxe de haute qualit\u00e9 Joyeux No\u00ebl<\/li>\n<li>Recto avec un texte joyeux \u00ab Joyeux No\u00ebl \u00bb et des cadeaux<\/li>\n<li>\u00c0 l&#039;int\u00e9rieur d&#039;un impressionnant pop-up 3D avec des bonhommes de neige, de la verdure de No\u00ebl, des cadeaux et des lettres \u00e9l\u00e9gantes<\/li>\n<li>Peut \u00eatre envoy\u00e9 par courrier avec seulement 1 timbre PostNL de d\u00e9cembre<\/li>\n<li>Id\u00e9al comme carte de No\u00ebl originale pour la famille, les amis ou les relations d&#039;affaires<\/li>\n<\/ul>\n<p>Rendez vos v\u0153ux de No\u00ebl encore plus festifs et inoubliables avec cette carte pop-up \u00ab\u00a0Joyeux No\u00ebl\u00a0\u00bb. Un souvenir inoubliable \u00e0 afficher fi\u00e8rement\u00a0!<\/p>\n<p>Taille de la carte 26 \u00d7 18 cm, pli\u00e9e \u00e0 13 \u00d7 18 cm.<br \/>\nY compris enveloppe assortie, emball\u00e9e dans un sac de cellophane.<\/p>","protected":false},"excerpt":{"rendered":"<p>Breng de kerstsfeer tot leven met deze feestelijke pop-up kerstkaart Merry Christmas van Popcards. Op de voorzijde straalt de kaart met een vrolijke Merry Christmas-tekst, kleurrijke cadeautjes en kerstgroen. Bij het openen ontvouwt zich een spectaculaire 3D pop-up: grote sierlijke letters Merry Christmas, vrolijke sneeuwpoppen met kerstmutsen, cadeautjes, sterren en feestelijke kerstversieringen. Deze unieke 3D [&hellip;]<\/p>\n","protected":false},"featured_media":92563,"comment_status":"open","ping_status":"closed","template":"","meta":{"_iconic_wsb_product_page_order_bump_ids":[[]],"_sku":["4805388559012"],"_iconic_wsb_product_page_bump_modal_ids":[[]]},"product_brand":[],"product_cat":[79],"product_tag":[131],"class_list":{"0":"post-92598","1":"product","2":"type-product","3":"status-publish","4":"has-post-thumbnail","6":"product_cat-de-top-10-mooiste-kerstkaarten","7":"product_tag-kerst","9":"first","10":"instock","11":"taxable","12":"shipping-taxable","13":"purchasable","14":"product-type-simple"},"gallery_images":[93695],"_links":{"self":[{"href":"https:\/\/popcards.nl\/fr\/wp-json\/wp\/v2\/product\/92598","targetHints":{"allow":["GET"]}}],"collection":[{"href":"https:\/\/popcards.nl\/fr\/wp-json\/wp\/v2\/product"}],"about":[{"href":"https:\/\/popcards.nl\/fr\/wp-json\/wp\/v2\/types\/product"}],"replies":[{"embeddable":true,"href":"https:\/\/popcards.nl\/fr\/wp-json\/wp\/v2\/comments?post=92598"}],"wp:featuredmedia":[{"embeddable":true,"href":"https:\/\/popcards.nl\/fr\/wp-json\/wp\/v2\/media\/92563"}],"wp:attachment":[{"href":"https:\/\/popcards.nl\/fr\/wp-json\/wp\/v2\/media?parent=92598"}],"wp:term":[{"taxonomy":"product_brand","embeddable":true,"href":"https:\/\/popcards.nl\/fr\/wp-json\/wp\/v2\/product_brand?post=92598"},{"taxonomy":"product_cat","embeddable":true,"href":"https:\/\/popcards.nl\/fr\/wp-json\/wp\/v2\/product_cat?post=92598"},{"taxonomy":"product_tag","embeddable":true,"href":"https:\/\/popcards.nl\/fr\/wp-json\/wp\/v2\/product_tag?post=92598"}],"curies":[{"name":"wp","href":"https:\/\/api.w.org\/{rel}","templated":true}]}}