{"id":92604,"date":"2025-09-16T15:52:51","date_gmt":"2025-09-16T13:52:51","guid":{"rendered":"https:\/\/popcards.nl\/?post_type=product&#038;p=92604"},"modified":"2026-05-12T23:08:31","modified_gmt":"2026-05-12T21:08:31","slug":"carte-pop-up-anniversaire-50-ans","status":"publish","type":"product","link":"https:\/\/popcards.nl\/fr\/product\/verjaardag-jubileum-50-jaar-pop-up-kaart\/","title":{"rendered":"Anniversaire Anniversaire 50 ans F\u00e9licitation carte de voeux pop-up"},"content":{"rendered":"<p><strong>Carte de 50 ans avec de grands nombres.\u00a0<\/strong>Joyeux anniversaire! Ou un anniversaire impressionnant. Alors cette belle Popcard color\u00e9e est un cadeau sp\u00e9cial et surprenant. Apr\u00e8s tout, vous n&#039;avez pas une seconde chance de c\u00e9l\u00e9brer 50 ans.\u00a0<a href=\"https:\/\/popcards.nl\/fr\/carte-2\/carte-de-voeux-anniversaire-40-ans-pop-up\/\">Nous avons \u00e9galement une Popcard de 40 ans<\/a>.\u00a0<a href=\"https:\/\/popcards.nl\/fr\/product\/anniversaire-anniversaire-60-ans-carte-de-voeux-pop-up\/\">Aussi une Popcard de 60 ans<\/a>.\u00a0<a href=\"https:\/\/popcards.nl\/fr\/categorie\/cartes-de-felicitations-et-danniversaire\/\">Et bien d&#039;autres cartes de f\u00e9licitations et d&#039;anniversaire!<\/a><\/p>\n<p>Format de la carte 26 x 18 cm, pli\u00e9e en 13 x 18 cm.<\/p>\n<p>Y compris enveloppe vierge assortie, emball\u00e9e dans un sac en cellophane.<\/p>","protected":false},"excerpt":{"rendered":"<p>50 jaar kaart met grote cijfers.\u00a0Hoera, jarig! Of een indrukwekkend jubileum. Dan is deze mooie kleurrijke Popcard een bijzonder en verrassend cadeautje. Je krijgt tenslotte geen tweede kans om 50 jaar te vieren.\u00a0We hebben ook een 40 jaar Popcard.\u00a0Tevens een 60 jaar Popcard.\u00a0En nog veel meer felicitatiekaarten en verjaardagskaarten! Kaartformaat 26 x 18 cm, gevouwen [&hellip;]<\/p>\n","protected":false},"featured_media":89431,"comment_status":"open","ping_status":"closed","template":"","meta":{"_iconic_wsb_product_page_order_bump_ids":[[]],"_sku":["4805388554277"],"_iconic_wsb_product_page_bump_modal_ids":[[]]},"product_brand":[],"product_cat":[34,57],"product_tag":[242,137],"class_list":{"0":"post-92604","1":"product","2":"type-product","3":"status-publish","4":"has-post-thumbnail","6":"product_cat-felicitatie-verjaardag-verjaardagskaarten","7":"product_cat-uitnodigingen-uitnodigingskaarten-verjaardag-jubileum","8":"product_tag-jubileum","9":"product_tag-verjaardag","11":"first","12":"instock","13":"taxable","14":"shipping-taxable","15":"purchasable","16":"product-type-simple"},"gallery_images":[89432],"_links":{"self":[{"href":"https:\/\/popcards.nl\/fr\/wp-json\/wp\/v2\/product\/92604","targetHints":{"allow":["GET"]}}],"collection":[{"href":"https:\/\/popcards.nl\/fr\/wp-json\/wp\/v2\/product"}],"about":[{"href":"https:\/\/popcards.nl\/fr\/wp-json\/wp\/v2\/types\/product"}],"replies":[{"embeddable":true,"href":"https:\/\/popcards.nl\/fr\/wp-json\/wp\/v2\/comments?post=92604"}],"wp:featuredmedia":[{"embeddable":true,"href":"https:\/\/popcards.nl\/fr\/wp-json\/wp\/v2\/media\/89431"}],"wp:attachment":[{"href":"https:\/\/popcards.nl\/fr\/wp-json\/wp\/v2\/media?parent=92604"}],"wp:term":[{"taxonomy":"product_brand","embeddable":true,"href":"https:\/\/popcards.nl\/fr\/wp-json\/wp\/v2\/product_brand?post=92604"},{"taxonomy":"product_cat","embeddable":true,"href":"https:\/\/popcards.nl\/fr\/wp-json\/wp\/v2\/product_cat?post=92604"},{"taxonomy":"product_tag","embeddable":true,"href":"https:\/\/popcards.nl\/fr\/wp-json\/wp\/v2\/product_tag?post=92604"}],"curies":[{"name":"wp","href":"https:\/\/api.w.org\/{rel}","templated":true}]}}