{"id":92646,"date":"2025-10-06T23:18:14","date_gmt":"2025-10-06T21:18:14","guid":{"rendered":"https:\/\/popcards.nl\/?post_type=product&#038;p=92646"},"modified":"2026-04-10T12:15:39","modified_gmt":"2026-04-10T10:15:39","slug":"carte-de-voeux-pop-up-pour-le-25e-anniversaire","status":"publish","type":"product","link":"https:\/\/popcards.nl\/fr\/product\/jubileum-25-jaar-verjaardag-pop-up-wenskaart\/","title":{"rendered":"Anniversaire ou anniversaire 25 ans Carte de v\u0153ux contextuelle de f\u00e9licitations"},"content":{"rendered":"<p><strong>25e anniversaire ou pour un anniversaire. Joyeux 25e anniversaire\u00a0! Carte de 25 ans avec de gros chiffres. <\/strong>Alors cette belle Popcard color\u00e9e est un cadeau sp\u00e9cial et surprenant. Apr\u00e8s tout, vous n&#039;avez pas une seconde chance de f\u00eater vos 25 ans.\u00a0<a href=\"https:\/\/popcards.nl\/fr\/product\/carte-de-voeux-anniversaire-40-ans-pop-up\/\">Nous avons \u00e9galement une Popcard de 40 ans<\/a>.\u00a0<a href=\"https:\/\/popcards.nl\/fr\/product\/anniversaire-anniversaire-50-ans-carte-de-voeux-pop-up\/\">Nous avons \u00e9galement une Popcard de 50 ans<\/a>.\u00a0<a href=\"https:\/\/popcards.nl\/fr\/product\/anniversaire-anniversaire-60-ans-carte-de-voeux-pop-up\/\">Aussi une Popcard de 60 ans<\/a>.\u00a0<a href=\"https:\/\/popcards.nl\/fr\/categorie\/cartes-de-felicitations-et-danniversaire\/\">Et bien d&#039;autres cartes de f\u00e9licitations et d&#039;anniversaire!<\/a><\/p>\n<p>Format de la carte 26 x 18 cm, pli\u00e9e en 13 x 18 cm.<\/p>\n<p>Y compris enveloppe vierge assortie, emball\u00e9e dans un sac en cellophane.<\/p>","protected":false},"excerpt":{"rendered":"<p>25 jarig jubileum of voor een verjaardag. Happy 25th birthday!\u00a0 25 jaar kaart met grote cijfers. Dan is deze mooie kleurrijke Popcard een bijzonder en verrassend cadeautje. Je krijgt tenslotte geen tweede kans om 25 jaar te vieren.\u00a0We hebben ook een 40 jaar Popcard.\u00a0We hebben ook een 50 jaar Popcard.\u00a0Tevens een 60 jaar Popcard.\u00a0En nog [&hellip;]<\/p>\n","protected":false},"featured_media":93427,"comment_status":"open","ping_status":"closed","template":"","meta":{"_iconic_wsb_product_page_order_bump_ids":[[]],"_sku":["4805388556851"],"_iconic_wsb_product_page_bump_modal_ids":[[]]},"product_brand":[],"product_cat":[34,57],"product_tag":[242,137],"class_list":{"0":"post-92646","1":"product","2":"type-product","3":"status-publish","4":"has-post-thumbnail","6":"product_cat-felicitatie-verjaardag-verjaardagskaarten","7":"product_cat-uitnodigingen-uitnodigingskaarten-verjaardag-jubileum","8":"product_tag-jubileum","9":"product_tag-verjaardag","11":"first","12":"instock","13":"taxable","14":"shipping-taxable","15":"purchasable","16":"product-type-simple"},"gallery_images":[93428,93679],"_links":{"self":[{"href":"https:\/\/popcards.nl\/fr\/wp-json\/wp\/v2\/product\/92646","targetHints":{"allow":["GET"]}}],"collection":[{"href":"https:\/\/popcards.nl\/fr\/wp-json\/wp\/v2\/product"}],"about":[{"href":"https:\/\/popcards.nl\/fr\/wp-json\/wp\/v2\/types\/product"}],"replies":[{"embeddable":true,"href":"https:\/\/popcards.nl\/fr\/wp-json\/wp\/v2\/comments?post=92646"}],"wp:featuredmedia":[{"embeddable":true,"href":"https:\/\/popcards.nl\/fr\/wp-json\/wp\/v2\/media\/93427"}],"wp:attachment":[{"href":"https:\/\/popcards.nl\/fr\/wp-json\/wp\/v2\/media?parent=92646"}],"wp:term":[{"taxonomy":"product_brand","embeddable":true,"href":"https:\/\/popcards.nl\/fr\/wp-json\/wp\/v2\/product_brand?post=92646"},{"taxonomy":"product_cat","embeddable":true,"href":"https:\/\/popcards.nl\/fr\/wp-json\/wp\/v2\/product_cat?post=92646"},{"taxonomy":"product_tag","embeddable":true,"href":"https:\/\/popcards.nl\/fr\/wp-json\/wp\/v2\/product_tag?post=92646"}],"curies":[{"name":"wp","href":"https:\/\/api.w.org\/{rel}","templated":true}]}}