{"id":92958,"date":"2025-09-25T16:46:46","date_gmt":"2025-09-25T14:46:46","guid":{"rendered":"https:\/\/popcards.nl\/?post_type=product&#038;p=92958"},"modified":"2026-02-04T11:50:56","modified_gmt":"2026-02-04T10:50:56","slug":"carte-de-noel-bottes-dhiver-bonhomme-de-neige-carte-3d","status":"publish","type":"product","link":"https:\/\/popcards.nl\/fr\/product\/kerstkaart-winter-laarzen-sneeuwpop-3d-kaart\/","title":{"rendered":"Carte de No\u00ebl super mignonne Bottes d&#039;hiver avec bonhommes de neige Carte 3D"},"content":{"rendered":"<p>Cette carte de No\u00ebl pop-up Bottes d&#039;hiver de Popcards est une v\u00e9ritable \u0153uvre d&#039;art, pleine d&#039;ambiance et de d\u00e9tails. Le recto repr\u00e9sente des bottes enneig\u00e9es, richement d\u00e9cor\u00e9es de fleurs violettes, de branches de sapin et de houx. D\u00e8s l&#039;ouverture de la carte, une sc\u00e8ne de No\u00ebl 3D magique se d\u00e9voile, captivant instantan\u00e9ment son destinataire.<\/p>\n<p>De jolies fleurs et branches \u00e9mergent des bottes, tandis qu&#039;un joyeux bonhomme de neige et un enfant apparaissent autour d&#039;eux. Deux li\u00e8vres blancs espi\u00e8gles apportent une touche de l\u00e9g\u00e8ret\u00e9, tandis qu&#039;une impressionnante chouette rend la sc\u00e8ne surprenante et unique. Des arbres enneig\u00e9s et des touches hivernales compl\u00e8tent cette sc\u00e8ne \u2013 un v\u00e9ritable accroche-regard qui tr\u00f4nera fi\u00e8rement sur la chemin\u00e9e ou le rebord de la fen\u00eatre.<\/p>\n<p>Cette carte est plus qu\u2019une simple carte de v\u0153ux de No\u00ebl\u00a0; c\u2019est un cadeau r\u00e9confortant qui rend les vacances encore plus sp\u00e9ciales.<\/p>\n<p><strong>Caract\u00e9ristiques<\/strong><\/p>\n<ul>\n<li>Carte de No\u00ebl pop-up de luxe avec des bottes d&#039;hiver de Popcards<\/li>\n<li>\u00c0 l&#039;int\u00e9rieur d&#039;une impressionnante sc\u00e8ne pop-up 3D avec des bonhommes de neige, des li\u00e8vres, un hibou et des arbres enneig\u00e9s<\/li>\n<li>Fait \u00e0 la main et soigneusement fini<\/li>\n<li>Comprend une enveloppe et peut \u00eatre envoy\u00e9 par courrier avec seulement 1 timbre PostNL de d\u00e9cembre<\/li>\n<li>Cadeau original et d\u00e9coration en un \u2013 id\u00e9al pour la famille, les amis et les relations<\/li>\n<\/ul>\n<p><strong>Avec cette carte sp\u00e9ciale, vous offrez de la chaleur, de l&#039;art et des v\u0153ux de No\u00ebl inoubliables, tout en un.<\/strong><\/p>\n<p>Taille de la carte 30 \u00d7 20 cm, pli\u00e9e \u00e0 15 \u00d7 20 cm.<br \/>\nY compris enveloppe assortie, emball\u00e9e dans un sac de cellophane.<\/p>","protected":false},"excerpt":{"rendered":"<p>Deze pop-up kerstkaart Winter Laarzen van Popcards is een waar kunstwerk vol sfeer en details. Op de voorzijde staan besneeuwde laarzen afgebeeld, rijk versierd met paarse bloemen, dennengroen en hulst. Zodra de kaart wordt geopend, ontvouwt zich een magisch 3D kersttafereel dat de ontvanger onmiddellijk betovert. Uit de laarzen verrijzen prachtige bloemen en takken, terwijl [&hellip;]<\/p>\n","protected":false},"featured_media":92954,"comment_status":"open","ping_status":"closed","template":"","meta":{"_iconic_wsb_product_page_order_bump_ids":[[]],"_sku":["4805388548009"],"_iconic_wsb_product_page_bump_modal_ids":[[]]},"product_brand":[],"product_cat":[79],"product_tag":[131],"class_list":{"0":"post-92958","1":"product","2":"type-product","3":"status-publish","4":"has-post-thumbnail","6":"product_cat-de-top-10-mooiste-kerstkaarten","7":"product_tag-kerst","9":"first","10":"instock","11":"sale","12":"taxable","13":"shipping-taxable","14":"purchasable","15":"product-type-simple"},"gallery_images":[92955,93693],"_links":{"self":[{"href":"https:\/\/popcards.nl\/fr\/wp-json\/wp\/v2\/product\/92958","targetHints":{"allow":["GET"]}}],"collection":[{"href":"https:\/\/popcards.nl\/fr\/wp-json\/wp\/v2\/product"}],"about":[{"href":"https:\/\/popcards.nl\/fr\/wp-json\/wp\/v2\/types\/product"}],"replies":[{"embeddable":true,"href":"https:\/\/popcards.nl\/fr\/wp-json\/wp\/v2\/comments?post=92958"}],"wp:featuredmedia":[{"embeddable":true,"href":"https:\/\/popcards.nl\/fr\/wp-json\/wp\/v2\/media\/92954"}],"wp:attachment":[{"href":"https:\/\/popcards.nl\/fr\/wp-json\/wp\/v2\/media?parent=92958"}],"wp:term":[{"taxonomy":"product_brand","embeddable":true,"href":"https:\/\/popcards.nl\/fr\/wp-json\/wp\/v2\/product_brand?post=92958"},{"taxonomy":"product_cat","embeddable":true,"href":"https:\/\/popcards.nl\/fr\/wp-json\/wp\/v2\/product_cat?post=92958"},{"taxonomy":"product_tag","embeddable":true,"href":"https:\/\/popcards.nl\/fr\/wp-json\/wp\/v2\/product_tag?post=92958"}],"curies":[{"name":"wp","href":"https:\/\/api.w.org\/{rel}","templated":true}]}}