{"id":92960,"date":"2025-09-25T17:22:48","date_gmt":"2025-09-25T15:22:48","guid":{"rendered":"https:\/\/popcards.nl\/?post_type=product&#038;p=92960"},"modified":"2026-03-24T11:12:34","modified_gmt":"2026-03-24T10:12:34","slug":"carte-3d-carte-de-noel-naissance-jesus-creche","status":"publish","type":"product","link":"https:\/\/popcards.nl\/fr\/product\/3d-kaart-kerstkaart-geboorte-jezus-kerststal\/","title":{"rendered":"Carte pop-up Cr\u00e8che Naissance de J\u00e9sus Carte de No\u00ebl \u2728\ud83c\udf1f"},"content":{"rendered":"<p>C\u00e9l\u00e9brez la v\u00e9ritable signification de No\u00ebl avec la carte pop-up \u00ab\u00a0Cr\u00e8che de No\u00ebl avec sapin\u00a0\u00bb de Popcards. Derri\u00e8re son \u00e9l\u00e9gante couverture se d\u00e9voile une sc\u00e8ne de No\u00ebl 3D touchante et magnifique\u00a0: la cr\u00e8che avec Joseph et Marie veillant tendrement sur l&#039;enfant J\u00e9sus, la Lumi\u00e8re du monde. <strong>Le b\u00e9b\u00e9 est n\u00e9 !<\/strong><\/p>\n<p>\u00c0 c\u00f4t\u00e9 de l&#039;\u00e9curie se dresse un sapin de No\u00ebl d\u00e9cor\u00e9 avec \u00e9l\u00e9gance, \u00e0 la cime rayonnante, symbole de joie, d&#039;espoir et de solidarit\u00e9. Entour\u00e9e de d\u00e9tails subtils et de couleurs chaudes, cette sc\u00e8ne constitue un rappel artistique et spirituel du miracle de No\u00ebl : la naissance du Christ.<\/p>\n<p>Cette carte sp\u00e9ciale, confectionn\u00e9e avec soin et savoir-faire \u00e0 partir d&#039;un papier de haute qualit\u00e9, est bien plus qu&#039;une simple carte de No\u00ebl\u00a0: c&#039;est une petite \u0153uvre d&#039;art, un gage de foi, d&#039;amour et de chaleur. Un geste plein de sens qui tr\u00f4nera fi\u00e8rement dans votre maison pendant les f\u00eates.<\/p>\n<p><strong>\ud83d\ude4f Pourquoi cette carte de No\u00ebl Popcards est si sp\u00e9ciale\u00a0:<\/strong><\/p>\n<ul>\n<li>Conception 3D significative : cr\u00e8che avec Joseph, Marie et l&#039;enfant J\u00e9sus.<\/li>\n<li>Spirituel et atmosph\u00e9rique : un rappel de la naissance du Christ.<\/li>\n<li>Finition de haute qualit\u00e9 avec des d\u00e9tails raffin\u00e9s.<\/li>\n<li>Cadeau sp\u00e9cial pour la famille, les amis ou les membres de l&#039;\u00e9glise.<\/li>\n<li>Peut \u00eatre envoy\u00e9 par courrier avec seulement 1 timbre PostNL de d\u00e9cembre<\/li>\n<li>Un souvenir imp\u00e9rissable qui enrichit chaque ann\u00e9e l\u2019ambiance de No\u00ebl.<\/li>\n<\/ul>\n<p><strong>Avec cette carte de No\u00ebl pop-up avec cr\u00e8che, vous offrez plus qu\u2019une simple salutation de No\u00ebl : vous partagez le message d\u2019espoir, de foi et d\u2019amour qui rend No\u00ebl si sp\u00e9cial.<\/strong> \ud83c\udf1f\ud83c\udf84<\/p>\n<p>Taille de la carte 30 \u00d7 20 cm, pli\u00e9e \u00e0 15 \u00d7 20 cm.<br \/>\nY compris enveloppe assortie, emball\u00e9e dans un sac de cellophane.<\/p>","protected":false},"excerpt":{"rendered":"<p>Vier de ware betekenis van Kerstmis met de Pop-up Kerstkaart Kerststal met Kerstboom van Popcards. Achter de elegante cover ontvouwt zich een ontroerend en prachtig 3D kersttafereel: de kerststal met Jozef en Maria die liefdevol waken bij het pasgeboren kindje Jezus, het Licht van de wereld. Het kindeke is geboren! Naast de stal staat een [&hellip;]<\/p>\n","protected":false},"featured_media":92956,"comment_status":"open","ping_status":"closed","template":"","meta":{"_iconic_wsb_product_page_order_bump_ids":[[]],"_sku":["4805388555977"],"_iconic_wsb_product_page_bump_modal_ids":[[]]},"product_brand":[],"product_cat":[79],"product_tag":[131],"class_list":{"0":"post-92960","1":"product","2":"type-product","3":"status-publish","4":"has-post-thumbnail","6":"product_cat-de-top-10-mooiste-kerstkaarten","7":"product_tag-kerst","9":"first","10":"instock","11":"taxable","12":"shipping-taxable","13":"purchasable","14":"product-type-simple"},"gallery_images":[93685],"_links":{"self":[{"href":"https:\/\/popcards.nl\/fr\/wp-json\/wp\/v2\/product\/92960","targetHints":{"allow":["GET"]}}],"collection":[{"href":"https:\/\/popcards.nl\/fr\/wp-json\/wp\/v2\/product"}],"about":[{"href":"https:\/\/popcards.nl\/fr\/wp-json\/wp\/v2\/types\/product"}],"replies":[{"embeddable":true,"href":"https:\/\/popcards.nl\/fr\/wp-json\/wp\/v2\/comments?post=92960"}],"wp:featuredmedia":[{"embeddable":true,"href":"https:\/\/popcards.nl\/fr\/wp-json\/wp\/v2\/media\/92956"}],"wp:attachment":[{"href":"https:\/\/popcards.nl\/fr\/wp-json\/wp\/v2\/media?parent=92960"}],"wp:term":[{"taxonomy":"product_brand","embeddable":true,"href":"https:\/\/popcards.nl\/fr\/wp-json\/wp\/v2\/product_brand?post=92960"},{"taxonomy":"product_cat","embeddable":true,"href":"https:\/\/popcards.nl\/fr\/wp-json\/wp\/v2\/product_cat?post=92960"},{"taxonomy":"product_tag","embeddable":true,"href":"https:\/\/popcards.nl\/fr\/wp-json\/wp\/v2\/product_tag?post=92960"}],"curies":[{"name":"wp","href":"https:\/\/api.w.org\/{rel}","templated":true}]}}